{"id":1522,"date":"2026-04-30T14:09:02","date_gmt":"2026-04-30T13:09:02","guid":{"rendered":"https:\/\/gamblerina.net\/app\/"},"modified":"2026-05-04T08:02:24","modified_gmt":"2026-05-04T07:02:24","slug":"app","status":"publish","type":"page","link":"https:\/\/gamblerina.net\/de\/app\/","title":{"rendered":"App"},"content":{"rendered":"<h1>Gamblerina Mobile<\/h1>\n<p>Heutzutage scheint jeder Apps zu haben, und daf\u00fcr gibt es einen guten Grund. Immer mehr Menschen besitzen Mobilger\u00e4te statt Desktop-Computer, und wir m\u00f6chten jeden erreichen, der uns erreichen m\u00f6chte. Deshalb pr\u00e4sentieren wir Ihnen unsere Gamblerina App \u2013 eine bequeme M\u00f6glichkeit, auch dann Spa\u00df zu haben, wenn Sie gerade nicht in der N\u00e4he Ihres Computers sind.<\/p>\n<div class=\"banner-wrap\" aria-label=\"Banner\"><img src=\"https:\/\/gamblerina.net\/wp-content\/uploads\/2026\/04\/Gamblerina-banner-carousel-800\u0445400.webp\" class=\"w-100 d-none d-lg-block img-pc main-banner-img\" alt=\"gamblerina banner desktop\" fetchpriority=\"high\" decoding=\"async\"><img src=\"https:\/\/gamblerina.net\/wp-content\/uploads\/2026\/04\/gamblerina-banner-mobile.webp\" class=\"w-100 d-none d-md-block d-lg-none main-banner-img\" alt=\"gamblerina banner mobile\" fetchpriority=\"high\" decoding=\"async\"><img src=\"https:\/\/gamblerina.net\/wp-content\/uploads\/2026\/04\/gamblerina-banner-mobile.webp\" class=\"w-100 d-md-none\" alt=\"gamblerina banner mobile\" fetchpriority=\"high\" decoding=\"async\"><div class=\"banner-description\">\n<div class=\"banner-title\">Willkommensbonus<\/div>\n<p class=\"banner-header-title\">\u20ac1500<\/p>\n<div class=\"banner-header-AdditionalText\">+ 250 Freispiele<\/div>\n<button data-item=\"homepage_banner_link\" class=\"goto m-button m-gradient-border m-button--primary m-button--large banner-button btn-orange\">\n            <div class=\"m-button-content\">\n                <span>Jetzt anmelden<\/span>\n                <span><\/span>\n            <\/div>\n        <\/button>\n<\/div>\n<div class=\"WelcomePack\">\n<p><img loading=\"lazy\" decoding=\"async\" class=\"alignnone size-full wp-image-1388\" src=\"https:\/\/gamblerina.net\/wp-content\/uploads\/2026\/04\/welcome-crown.png\" alt=\"crown\" width=\"25\" height=\"26\" \/><\/p>\n<div class=\"WelcomePack-Info\">W\u00f6chentlicher Cashback bis zu 25%<\/div>\n<p><img loading=\"lazy\" decoding=\"async\" class=\"alignnone size-full wp-image-1388\" src=\"https:\/\/gamblerina.net\/wp-content\/uploads\/2026\/04\/welcome-crown.png\" alt=\"crown\" width=\"25\" height=\"26\" \/><\/p>\n<\/div>\n<\/div>\n<h2>Die Nutzung von Gamblerina auf Mobilger\u00e4ten<\/h2>\n<p>Die Zahlen zeigen, dass fast 80 % unserer Nutzer mobile Ger\u00e4te gegen\u00fcber Desktop-Computern bevorzugen, zumindest wenn es um den Besuch von Gamblerina geht. Es w\u00e4re sehr kurzsichtig von uns, dies nicht zu ber\u00fccksichtigen, wenn es um das Spielerlebnis geht. Deshalb gibt es f\u00fcr mobile Nutzer zwei Hauptm\u00f6glichkeiten, uns zu besuchen: \u00fcber den Browser oder \u00fcber eine eigene App.<\/p>\n<p>Unsere App unterscheidet sich nicht von anderen Apps, die Sie bereits genutzt haben, au\u00dfer dass sie fast keinen Speicherplatz beansprucht und reibungslos l\u00e4uft. Nun, vielleicht ist sie doch anders. Unser Team hat sich zum Ziel gesetzt, das ultimative mobile Casino-Erlebnis zu schaffen, und daf\u00fcr haben wir eine App entwickelt, die ebenso benutzerfreundlich wie unterhaltsam ist.<\/p>\n<p>Der Hauptvorteil der Gamblerina App ist ihre Benutzerfreundlichkeit. Wir haben sie so gestaltet, dass sie unabh\u00e4ngig von der Bildschirmgr\u00f6\u00dfe einfach zu bedienen ist. Alle Funktionen, die Sie h\u00e4ufiger als andere nutzen, befinden sich direkt auf dem Hauptbildschirm des Gamble Rina Casinos, angeheftet an einer Leiste, die feststeht, w\u00e4hrend Sie durch unsere Sammlung von \u00fcber 6.000 Online-Slots, Tischspielen und Live-Casino-Spielen scrollen.<\/p>\n<p><div class=\"scrollable-content-wrap my-5\"><div class=\"scrollable-content-inner\"><h2>Gamblerina App f\u00fcr Android<\/h2>\n<p>Alle Gamblerina-Android-Spieler k\u00f6nnen die App nutzen, die wir Ihnen bisher ausf\u00fchrlich beschrieben haben. Und Sie m\u00fcssen nicht im Play Store danach suchen oder sich in Ihr Google Play-Konto einloggen. Sie k\u00f6nnen sie kostenlos auf unserer Website herunterladen. Mit wenigen Klicks befindet sich das Gamble Rina Casino-Symbol bequem auf Ihrem Startbildschirm.<\/p>\n<h3>Vorteile der Gamblerina-PWA<\/h3>\n<p>Die von uns entwickelte App ist eine PWA (Progressive Web Application). Falls Ihnen dieser Begriff nichts sagt: Es handelt sich um eine App, die in einem Browser l\u00e4uft, aber mit all ihren Funktionen ein App-\u00e4hnliches Erlebnis bietet. Hier sehen Sie, wie sich die Gamblerina-App im Vergleich zu herk\u00f6mmlicher Software verh\u00e4lt.<\/p>\n<table>\n<tbody>\n<tr>\n<td>Merkmal<\/td>\n<td>PWA<\/td>\n<td>Herk\u00f6mmliche App<\/td>\n<\/tr>\n<tr>\n<td>Download-Methode<\/td>\n<td>\u00dcber den Browser.<\/td>\n<td>\u00dcber einen speziellen Software-Store (App Store, Google Play Store).<\/td>\n<\/tr>\n<tr>\n<td>Download-Geschwindigkeit<\/td>\n<td>Sofort, da keine Dateien direkt auf Ihr Ger\u00e4t heruntergeladen werden.<\/td>\n<td>H\u00e4ngt von der Gr\u00f6\u00dfe der App und Ihrer Internetgeschwindigkeit ab (nicht sofort)<\/td>\n<\/tr>\n<tr>\n<td>Zugriff auf andere Funktionen (Kamera, Standort)<\/td>\n<td>Ben\u00f6tigt keinen Zugriff auf Ihre anderen Apps und fordert diesen auch nicht an<\/td>\n<td>Fordert Zugriff auf andere Apps und Funktionen auf Ihrem Ger\u00e4t an, manchmal auch auf solche, die eigentlich nicht ben\u00f6tigt werden.<\/td>\n<\/tr>\n<tr>\n<td>Speicherplatz<\/td>\n<td>Keine vollwertige App und daher sehr ressourcenschonend<\/td>\n<td>Ben\u00f6tigt mehr Speicherplatz<\/td>\n<\/tr>\n<tr>\n<td>Updates<\/td>\n<td>Wird sofort aktualisiert, sobald Sie auf das Symbol klicken<\/td>\n<td>Erfordert regelm\u00e4\u00dfige Updates<\/td>\n<\/tr>\n<tr>\n<td>Benachrichtigungen<\/td>\n<td>Verf\u00fcgbar je nach Browser<\/td>\n<td>Immer verf\u00fcgbar<\/td>\n<\/tr>\n<\/tbody>\n<\/table>\n<p>Sie m\u00fcssen kein separates Konto f\u00fcr unsere Gamble Rina App erstellen. Dies w\u00fcrde sogar gegen unsere Richtlinie \u201eein Konto pro Person\u201c versto\u00dfen. Wenn Sie unsere App herunterladen, w\u00e4hrend Sie angemeldet sind, synchronisiert sich die App automatisch mit Ihrem Konto, und Sie haben sofort Zugriff auf alle Ihre Daten.<\/p>\n<p>Wenn Sie die App herunterladen, bevor Sie ein Konto erstellen, m\u00fcssen Sie sich auf dieselbe Weise anmelden wie bei der Browser-Version des Gamblerina Casinos. Der Vorgang ist derselbe: Sie m\u00fcssen lediglich Ihre E-Mail-Adresse eingeben, ein sicheres Passwort erstellen, Ihren Namen und Ihre Telefonnummer angeben \u2013 und schon k\u00f6nnen Sie loslegen.<\/p>\n<p>Sie k\u00f6nnen Ihre Gewinne auch \u00fcber die Gamblerina App auszahlen lassen. Wie bei der Browser-Version m\u00fcssen Sie zun\u00e4chst den Verifizierungsprozess abschlie\u00dfen, damit Auszahlungen auf Ihr Konto m\u00f6glich sind. Wenn Sie diesen bereits abgeschlossen haben, m\u00fcssen Sie den Vorgang nicht erneut durchlaufen.<\/p>\n<h3>Hinweis zur Gamblerina APK<\/h3>\n<p>Android-Nutzer k\u00f6nnen APK-Dateien herunterladen, um Software zu installieren. Wir raten Ihnen davon ab, Gamblerina-APK-Dateien zu installieren, auf die Sie beim Surfen im Internet sto\u00dfen. Bei diesen Dateien handelt es sich wahrscheinlich um Malware, die Ihre Daten stehlen oder Ihr Ger\u00e4t unbrauchbar machen kann. Kontaktieren Sie uns per Live-Chat, wenn Sie Zweifel an der Echtheit einer Datei haben.<\/p>\n<p><img loading=\"lazy\" decoding=\"async\" src=\"https:\/\/gamblerina.net\/wp-content\/uploads\/2026\/04\/Gamblerina-Android-App.webp\" alt=\"Gamblerina Android App\" width=\"1248\" height=\"536\" \/><\/p>\n<\/div><\/div><div style=\"clear: both\"><\/div><div class=\"d-flex justify-content-center\"><button data-item=\"decouvrez_link\" data-group=\"website_links\" class=\"goto fw-bold rounded-pill btn btn-orange\" aria-label=\"Laden Sie die Gamblerina-App herunter\" >Laden Sie die Gamblerina-App herunter<\/button><\/div><div class=\"scrollable-content-wrap my-5\"><div class=\"scrollable-content-inner\"><h2>Gamblerina App f\u00fcr iOS<\/h2>\n<p>Selbstverst\u00e4ndlich k\u00f6nnen auch iPhone- und iPad-Nutzer die Vorteile der Gamblerina App genie\u00dfen. Der Installationsvorgang ist derselbe: Sie m\u00fcssen nicht im App Store nach uns suchen. Der schnellste und sicherste Weg ist, direkt zum Gamblerina Casino zu gehen und Folgendes zu tun:<\/p>\n<ol>\n<li>\u00d6ffnen Sie das Gamblerina Casino \u00fcber den Safari-Browser.<\/li>\n<li>Tippen Sie auf die Schaltfl\u00e4che \u201eTeilen\u201c.<\/li>\n<li>W\u00e4hlen Sie \u201eZum Startbildschirm hinzuf\u00fcgen\u201c.<\/li>\n<li>Best\u00e4tigen Sie durch Klicken auf \u201eHinzuf\u00fcgen\u201c.<\/li>\n<\/ol>\n<p>Und schon ist das Gamblerina Casino nur noch einen Klick von Ihnen entfernt. Sie k\u00f6nnen auch auf unser Casino-App-Banner klicken, wodurch Sie zu einer Installationsseite weitergeleitet werden. Wenn Sie Gamblerina weiterhin \u00fcber einen Browser besuchen m\u00f6chten, k\u00f6nnen Sie uns zu Ihren Tabs oder Favoriten hinzuf\u00fcgen. Sollten Sie Fragen zu einem der Schritte haben, steht Ihnen unser Support-Team jederzeit zur Verf\u00fcgung.<\/p>\n<p><img loading=\"lazy\" decoding=\"async\" src=\"https:\/\/gamblerina.net\/wp-content\/uploads\/2026\/04\/Gamblerina-iOS-App.webp\" alt=\"Gamblerina iOS App\" width=\"1248\" height=\"536\" \/><\/p>\n<\/div><\/div><div style=\"clear: both\"><\/div><div class=\"d-flex justify-content-center\"><button data-item=\"decouvrez_link\" data-group=\"website_links\" class=\"goto fw-bold rounded-pill btn btn-orange\" aria-label=\"Gamblerina herunterladen\" >Gamblerina herunterladen<\/button><\/div><div class=\"scrollable-content-wrap my-5\"><div class=\"scrollable-content-inner\"><h2>Desktop-App f\u00fcr Windows und macOS<\/h2>\n<p>Falls Sie weiterhin lieber am Computer bei Gamblerina Casino spielen, gibt es dennoch eine App, die Sie installieren k\u00f6nnen. Jeder erh\u00e4lt eine App, ganz gleich, f\u00fcr welches Ger\u00e4t Sie sich entscheiden. Sie k\u00f6nnen den Tab anheften oder die Seite unseres Casinos zu den Favoriten hinzuf\u00fcgen, aber die Software ist einfach viel besser.<\/p>\n<p>Wo auch immer Sie sich auf Gamble Rina befinden, sind Sie nie mehr als zwei Klicks von unserer App entfernt. In der Adressleiste finden Sie ein Download-Symbol und in unserem Ausklappmen\u00fc eine Schaltfl\u00e4che f\u00fcr die Casino-App. Das funktioniert sowohl unter Windows als auch unter macOS, sodass Sie nicht einmal den Microsoft Store oder eine andere Quelle \u00f6ffnen m\u00fcssen, \u00fcber die Sie Ihre Software beziehen.<\/p>\n<p><img loading=\"lazy\" decoding=\"async\" src=\"https:\/\/gamblerina.net\/wp-content\/uploads\/2026\/04\/Gamblerina-Desktop.webp\" alt=\"Gamblerina Desktop\" width=\"1248\" height=\"536\" \/><\/p>\n<\/div><\/div><div style=\"clear: both\"><\/div><div class=\"d-flex justify-content-center\"><button data-item=\"decouvrez_link\" data-group=\"website_links\" class=\"goto fw-bold rounded-pill btn btn-orange\" aria-label=\"Laden Sie die Gamblerina-App herunter\" >Laden Sie die Gamblerina-App herunter<\/button><\/div><div class=\"scrollable-content-wrap my-5\"><div class=\"scrollable-content-inner\"><h2>FAQ<\/h2>\n<h3>Ist die Erstellung eines Kontos erforderlich, um die Gamblerina App zu nutzen?<\/h3>\n<p>Sie k\u00f6nnen unsere App sofort nach dem Aufrufen unserer Website herunterladen. Sie ben\u00f6tigen kein Konto, um unsere Software zu nutzen, aber Sie ben\u00f6tigen eines, um mit dem Spielen zu beginnen.<\/p>\n<h3>Bietet die Gamblerina Casino App Kundensupport?<\/h3>\n<p>Unsere App verf\u00fcgt \u00fcber dieselben Funktionen wie unsere Website, daher k\u00f6nnen Sie unser Support-Team w\u00e4hrend der Nutzung per Live-Chat oder E-Mail kontaktieren.<\/p>\n<h3>Kann ich mich mit biometrischer Authentifizierung bei der Gamblerina App anmelden?<\/h3>\n<p>Wenn Ihr Ger\u00e4t die biometrische Authentifizierung unterst\u00fctzt und diese aktiviert ist, dann ja. Dies ist eine hervorragende M\u00f6glichkeit, die Sicherheit Ihres Kontos zu gew\u00e4hrleisten, und wir empfehlen allen unseren Kunden, diese Funktion zu aktivieren.<\/p>\n<\/div><\/div><\/p>\n","protected":false},"excerpt":{"rendered":"<p>Gamblerina Mobile Heutzutage scheint jeder Apps zu haben, und daf\u00fcr gibt es einen guten Grund. Immer mehr Menschen besitzen Mobilger\u00e4te statt Desktop-Computer, und wir m\u00f6chten jeden erreichen, der uns erreichen m\u00f6chte. Deshalb pr\u00e4sentieren wir Ihnen unsere Gamblerina App \u2013 eine bequeme M\u00f6glichkeit, auch dann Spa\u00df zu haben, wenn Sie gerade nicht in der N\u00e4he Ihres [&hellip;]<\/p>\n","protected":false},"author":20,"featured_media":0,"parent":0,"menu_order":0,"comment_status":"closed","ping_status":"closed","template":"template-builder.php","meta":{"_acf_changed":false,"inline_featured_image":false,"footnotes":""},"class_list":["post-1522","page","type-page","status-publish","hentry"],"acf":[],"yoast_head":"<!-- This site is optimized with the Yoast SEO plugin v27.3 - https:\/\/yoast.com\/product\/yoast-seo-wordpress\/ -->\n<title>Gamblerina-App herunterladen | iOS &amp; Android<\/title>\n<meta name=\"description\" content=\"Die Gamblerina-App gew\u00e4hrleistet ein reibungsloses Spielerlebnis auf Android-, iOS-, Windows- und macOS-Plattformen und bietet dar\u00fcber hinaus Kontosynchronisierung, regelm\u00e4\u00dfige Updates sowie integrierten Kundensupport f\u00fcr eine einfache Nutzung.\" \/>\n<meta name=\"robots\" content=\"index, follow, max-snippet:-1, max-image-preview:large, max-video-preview:-1\" \/>\n<link rel=\"canonical\" href=\"https:\/\/gamblerina.net\/de\/app\/\" \/>\n<meta property=\"og:locale\" content=\"de_DE\" \/>\n<meta property=\"og:type\" content=\"article\" \/>\n<meta property=\"og:title\" content=\"Gamblerina-App herunterladen | iOS &amp; Android\" \/>\n<meta property=\"og:description\" content=\"Die Gamblerina-App gew\u00e4hrleistet ein reibungsloses Spielerlebnis auf Android-, iOS-, Windows- und macOS-Plattformen und bietet dar\u00fcber hinaus Kontosynchronisierung, regelm\u00e4\u00dfige Updates sowie integrierten Kundensupport f\u00fcr eine einfache Nutzung.\" \/>\n<meta property=\"og:url\" content=\"https:\/\/gamblerina.net\/de\/app\/\" \/>\n<meta property=\"og:site_name\" content=\"gamblerina\" \/>\n<meta property=\"article:modified_time\" content=\"2026-05-04T07:02:24+00:00\" \/>\n<meta name=\"twitter:card\" content=\"summary_large_image\" \/>\n<meta name=\"twitter:label1\" content=\"Gesch\u00e4tzte Lesezeit\" \/>\n\t<meta name=\"twitter:data1\" content=\"2\u00a0Minuten\" \/>\n<script type=\"application\/ld+json\" class=\"yoast-schema-graph\">{\"@context\":\"https:\\\/\\\/schema.org\",\"@graph\":[{\"@type\":\"WebPage\",\"@id\":\"https:\\\/\\\/gamblerina.net\\\/de\\\/app\\\/\",\"url\":\"https:\\\/\\\/gamblerina.net\\\/de\\\/app\\\/\",\"name\":\"Gamblerina-App herunterladen | iOS & Android\",\"isPartOf\":{\"@id\":\"https:\\\/\\\/gamblerina.net\\\/de\\\/#website\"},\"datePublished\":\"2026-04-30T13:09:02+00:00\",\"dateModified\":\"2026-05-04T07:02:24+00:00\",\"description\":\"Die Gamblerina-App gew\u00e4hrleistet ein reibungsloses Spielerlebnis auf Android-, iOS-, Windows- und macOS-Plattformen und bietet dar\u00fcber hinaus Kontosynchronisierung, regelm\u00e4\u00dfige Updates sowie integrierten Kundensupport f\u00fcr eine einfache Nutzung.\",\"breadcrumb\":{\"@id\":\"https:\\\/\\\/gamblerina.net\\\/de\\\/app\\\/#breadcrumb\"},\"inLanguage\":\"de\",\"potentialAction\":[{\"@type\":\"ReadAction\",\"target\":[\"https:\\\/\\\/gamblerina.net\\\/de\\\/app\\\/\"]}]},{\"@type\":\"BreadcrumbList\",\"@id\":\"https:\\\/\\\/gamblerina.net\\\/de\\\/app\\\/#breadcrumb\",\"itemListElement\":[{\"@type\":\"ListItem\",\"position\":1,\"name\":\"Gamblerina\",\"item\":\"https:\\\/\\\/gamblerina.net\\\/de\\\/\"},{\"@type\":\"ListItem\",\"position\":2,\"name\":\"App\"}]},{\"@type\":\"WebSite\",\"@id\":\"https:\\\/\\\/gamblerina.net\\\/de\\\/#website\",\"url\":\"https:\\\/\\\/gamblerina.net\\\/de\\\/\",\"name\":\"Gamblerina\",\"description\":\"\",\"publisher\":{\"@id\":\"https:\\\/\\\/gamblerina.net\\\/de\\\/#organization\"},\"potentialAction\":[{\"@type\":\"SearchAction\",\"target\":{\"@type\":\"EntryPoint\",\"urlTemplate\":\"https:\\\/\\\/gamblerina.net\\\/de\\\/?s={search_term_string}\"},\"query-input\":{\"@type\":\"PropertyValueSpecification\",\"valueRequired\":true,\"valueName\":\"search_term_string\"}}],\"inLanguage\":\"de\"},{\"@type\":\"Organization\",\"@id\":\"https:\\\/\\\/gamblerina.net\\\/de\\\/#organization\",\"name\":\"Gamblerina\",\"url\":\"https:\\\/\\\/gamblerina.net\\\/de\\\/\",\"logo\":{\"@type\":\"ImageObject\",\"inLanguage\":\"de\",\"@id\":\"https:\\\/\\\/gamblerina.net\\\/de\\\/#\\\/schema\\\/logo\\\/image\\\/\",\"url\":\"https:\\\/\\\/gamblerina.net\\\/wp-content\\\/uploads\\\/2026\\\/04\\\/Gamblerina-logo.png\",\"contentUrl\":\"https:\\\/\\\/gamblerina.net\\\/wp-content\\\/uploads\\\/2026\\\/04\\\/Gamblerina-logo.png\",\"width\":196,\"height\":40,\"caption\":\"Gamblerina\"},\"image\":{\"@id\":\"https:\\\/\\\/gamblerina.net\\\/de\\\/#\\\/schema\\\/logo\\\/image\\\/\"}}]}<\/script>\n<!-- \/ Yoast SEO plugin. -->","yoast_head_json":{"title":"Gamblerina-App herunterladen | iOS & Android","description":"Die Gamblerina-App gew\u00e4hrleistet ein reibungsloses Spielerlebnis auf Android-, iOS-, Windows- und macOS-Plattformen und bietet dar\u00fcber hinaus Kontosynchronisierung, regelm\u00e4\u00dfige Updates sowie integrierten Kundensupport f\u00fcr eine einfache Nutzung.","robots":{"index":"index","follow":"follow","max-snippet":"max-snippet:-1","max-image-preview":"max-image-preview:large","max-video-preview":"max-video-preview:-1"},"canonical":"https:\/\/gamblerina.net\/de\/app\/","og_locale":"de_DE","og_type":"article","og_title":"Gamblerina-App herunterladen | iOS & Android","og_description":"Die Gamblerina-App gew\u00e4hrleistet ein reibungsloses Spielerlebnis auf Android-, iOS-, Windows- und macOS-Plattformen und bietet dar\u00fcber hinaus Kontosynchronisierung, regelm\u00e4\u00dfige Updates sowie integrierten Kundensupport f\u00fcr eine einfache Nutzung.","og_url":"https:\/\/gamblerina.net\/de\/app\/","og_site_name":"gamblerina","article_modified_time":"2026-05-04T07:02:24+00:00","twitter_card":"summary_large_image","twitter_misc":{"Gesch\u00e4tzte Lesezeit":"2\u00a0Minuten"},"schema":{"@context":"https:\/\/schema.org","@graph":[{"@type":"WebPage","@id":"https:\/\/gamblerina.net\/de\/app\/","url":"https:\/\/gamblerina.net\/de\/app\/","name":"Gamblerina-App herunterladen | iOS & Android","isPartOf":{"@id":"https:\/\/gamblerina.net\/de\/#website"},"datePublished":"2026-04-30T13:09:02+00:00","dateModified":"2026-05-04T07:02:24+00:00","description":"Die Gamblerina-App gew\u00e4hrleistet ein reibungsloses Spielerlebnis auf Android-, iOS-, Windows- und macOS-Plattformen und bietet dar\u00fcber hinaus Kontosynchronisierung, regelm\u00e4\u00dfige Updates sowie integrierten Kundensupport f\u00fcr eine einfache Nutzung.","breadcrumb":{"@id":"https:\/\/gamblerina.net\/de\/app\/#breadcrumb"},"inLanguage":"de","potentialAction":[{"@type":"ReadAction","target":["https:\/\/gamblerina.net\/de\/app\/"]}]},{"@type":"BreadcrumbList","@id":"https:\/\/gamblerina.net\/de\/app\/#breadcrumb","itemListElement":[{"@type":"ListItem","position":1,"name":"Gamblerina","item":"https:\/\/gamblerina.net\/de\/"},{"@type":"ListItem","position":2,"name":"App"}]},{"@type":"WebSite","@id":"https:\/\/gamblerina.net\/de\/#website","url":"https:\/\/gamblerina.net\/de\/","name":"Gamblerina","description":"","publisher":{"@id":"https:\/\/gamblerina.net\/de\/#organization"},"potentialAction":[{"@type":"SearchAction","target":{"@type":"EntryPoint","urlTemplate":"https:\/\/gamblerina.net\/de\/?s={search_term_string}"},"query-input":{"@type":"PropertyValueSpecification","valueRequired":true,"valueName":"search_term_string"}}],"inLanguage":"de"},{"@type":"Organization","@id":"https:\/\/gamblerina.net\/de\/#organization","name":"Gamblerina","url":"https:\/\/gamblerina.net\/de\/","logo":{"@type":"ImageObject","inLanguage":"de","@id":"https:\/\/gamblerina.net\/de\/#\/schema\/logo\/image\/","url":"https:\/\/gamblerina.net\/wp-content\/uploads\/2026\/04\/Gamblerina-logo.png","contentUrl":"https:\/\/gamblerina.net\/wp-content\/uploads\/2026\/04\/Gamblerina-logo.png","width":196,"height":40,"caption":"Gamblerina"},"image":{"@id":"https:\/\/gamblerina.net\/de\/#\/schema\/logo\/image\/"}}]}},"_links":{"self":[{"href":"https:\/\/gamblerina.net\/de\/wp-json\/wp\/v2\/pages\/1522","targetHints":{"allow":["GET"]}}],"collection":[{"href":"https:\/\/gamblerina.net\/de\/wp-json\/wp\/v2\/pages"}],"about":[{"href":"https:\/\/gamblerina.net\/de\/wp-json\/wp\/v2\/types\/page"}],"author":[{"embeddable":true,"href":"https:\/\/gamblerina.net\/de\/wp-json\/wp\/v2\/users\/20"}],"replies":[{"embeddable":true,"href":"https:\/\/gamblerina.net\/de\/wp-json\/wp\/v2\/comments?post=1522"}],"version-history":[{"count":2,"href":"https:\/\/gamblerina.net\/de\/wp-json\/wp\/v2\/pages\/1522\/revisions"}],"predecessor-version":[{"id":1696,"href":"https:\/\/gamblerina.net\/de\/wp-json\/wp\/v2\/pages\/1522\/revisions\/1696"}],"wp:attachment":[{"href":"https:\/\/gamblerina.net\/de\/wp-json\/wp\/v2\/media?parent=1522"}],"curies":[{"name":"wp","href":"https:\/\/api.w.org\/{rel}","templated":true}]}}