{"id":1563,"date":"2026-04-30T14:13:37","date_gmt":"2026-04-30T13:13:37","guid":{"rendered":"https:\/\/gamblerina.net\/login-and-registration\/"},"modified":"2026-05-04T08:07:05","modified_gmt":"2026-05-04T07:07:05","slug":"anmeldung-und-registrierung","status":"publish","type":"page","link":"https:\/\/gamblerina.net\/de\/anmeldung-und-registrierung\/","title":{"rendered":"Anmeldung und Registrierung"},"content":{"rendered":"<h1>Zugang zum Gamblerina Konto und Registrierung<\/h1>\n<p>Ohne ein Konto f\u00fchlt sich der Besuch im Gamblerina Casino vielleicht wie Schaufensterbummeln an: Hunderte von Artikeln sind ausgestellt, doch keinen davon k\u00f6nnen Sie in die H\u00e4nde bekommen. Dieses Hindernis l\u00e4sst sich jedoch leicht \u00fcberwinden. Sobald Sie auf die Schaltfl\u00e4che \u201eGamblerina Login\u201c klicken, fallen alle Barrieren weg und Sie erhalten uneingeschr\u00e4nkten Zugang zu all unseren Spielen und Funktionen.<\/p>\n<p><div class=\"banner-wrap\" aria-label=\"Banner\"><img src=\"https:\/\/gamblerina.net\/wp-content\/uploads\/2026\/04\/Gamblerina-banner-carousel-800\u0445400.webp\" class=\"w-100 d-none d-lg-block img-pc main-banner-img\" alt=\"gamblerina banner desktop\" fetchpriority=\"high\" decoding=\"async\"><img src=\"https:\/\/gamblerina.net\/wp-content\/uploads\/2026\/04\/gamblerina-banner-mobile.webp\" class=\"w-100 d-none d-md-block d-lg-none main-banner-img\" alt=\"gamblerina banner mobile\" fetchpriority=\"high\" decoding=\"async\"><img src=\"https:\/\/gamblerina.net\/wp-content\/uploads\/2026\/04\/gamblerina-banner-mobile.webp\" class=\"w-100 d-md-none\" alt=\"gamblerina banner mobile\" fetchpriority=\"high\" decoding=\"async\"><div class=\"banner-description\">\n<div class=\"banner-title\">Willkommensbonus<\/div>\n<p class=\"banner-header-title\">\u20ac1500<\/p>\n<div class=\"banner-header-AdditionalText\">+ 250 Freispiele<\/div>\n<button data-item=\"homepage_banner_link\" class=\"goto m-button m-gradient-border m-button--primary m-button--large banner-button btn-orange\">\n            <div class=\"m-button-content\">\n                <span>Jetzt anmelden<\/span>\n                <span><\/span>\n            <\/div>\n        <\/button>\n<\/div>\n<div class=\"WelcomePack\">\n<p><img loading=\"lazy\" decoding=\"async\" class=\"alignnone size-full wp-image-1388\" src=\"https:\/\/gamblerina.net\/wp-content\/uploads\/2026\/04\/welcome-crown.png\" alt=\"crown\" width=\"25\" height=\"26\" \/><\/p>\n<div class=\"WelcomePack-Info\">W\u00f6chentlicher Cashback bis zu 25%<\/div>\n<p><img loading=\"lazy\" decoding=\"async\" class=\"alignnone size-full wp-image-1388\" src=\"https:\/\/gamblerina.net\/wp-content\/uploads\/2026\/04\/welcome-crown.png\" alt=\"crown\" width=\"25\" height=\"26\" \/><\/p>\n<\/div>\n<\/div><div class=\"scrollable-content-wrap my-5\"><div class=\"scrollable-content-inner\"><h2>Registrierung eines Gamblerina-Kontos<\/h2>\n<p>Solange Sie nicht registriert sind, k\u00f6nnen Sie nur Demos unserer Online-Slots spielen. Wir bezweifeln, dass das alles ist, was Sie tun m\u00f6chten, auch wenn diese Demos ziemlich viel Spa\u00df machen. Mit einem Gamblerina-Konto k\u00f6nnen Sie tief in die Welt der Online-Casinos eintauchen. Das Gute daran ist, dass Sie nicht warten m\u00fcssen: Wir vergeben keine Konten per Los \u2013 Sie erstellen sie selbst.<\/p>\n<h3>Erstellen Sie Ihr Konto<\/h3>\n<p>Die Erstellung Ihres Kontos ist das Erste, was Gamblerina Ihnen bietet; zusammen mit unserem Willkommensbonus k\u00f6nnen Sie diesen in Anspruch nehmen, sobald Sie fertig sind. Der Vorgang k\u00f6nnte nicht einfacher sein: Wir haben uns umgeschaut, und es gibt buchst\u00e4blich keine M\u00f6glichkeit, ihn noch einfacher zu gestalten. Befolgen Sie einfach diese Schritte, und alles sollte klappen:<\/p>\n<ol>\n<li>Klicken Sie auf die Schaltfl\u00e4che \u201eRegistrieren\u201c in der oberen rechten Ecke Ihres Bildschirms.<\/li>\n<li>Geben Sie Ihre E-Mail-Adresse ein.<\/li>\n<li>Legen Sie ein Passwort fest oder lassen Sie dies von Ihrem Browser erledigen (merken Sie es sich jedoch f\u00fcr alle F\u00e4lle).<\/li>\n<li>Geben Sie an, ob Sie unseren Newsletter mit den neuesten Updates und Angeboten erhalten m\u00f6chten.<\/li>\n<li>Best\u00e4tigen Sie, dass Sie mindestens 18 Jahre alt sind und dass Sie unsere Allgemeinen Gesch\u00e4ftsbedingungen und Datenschutzrichtlinien akzeptieren.<\/li>\n<\/ol>\n<p>Die Bedeutung des letzten Schritts sollte nicht untersch\u00e4tzt werden. Sollten Sie noch nicht vollj\u00e4hrig sein, werden wir dies im Rahmen des Verifizierungsprozesses feststellen. Ebenso k\u00f6nnen wir Ihnen unsere Dienste nicht zur Verf\u00fcgung stellen, wenn Sie unseren Richtlinien und Bedingungen nicht zustimmen.<\/p>\n<p>Sobald Sie alle Schritte abgeschlossen haben, steht Ihnen das Gamblerina Casino in vollem Umfang zur Verf\u00fcgung. Jetzt ben\u00f6tigen wir nur noch Ihren Vornamen, Nachnamen, Ihr Geburtsdatum und Ihre Telefonnummer. Das war\u2019s. Sie haben Ihr Konto erstellt und k\u00f6nnen endlich alle von uns angebotenen Spiele genie\u00dfen. Von nun an m\u00fcssen Sie nur noch auf die Gamble Rina-Anmeldeschaltfl\u00e4che klicken, sobald Sie uns besuchen.<\/p>\n<p><img loading=\"lazy\" decoding=\"async\" src=\"https:\/\/gamblerina.net\/wp-content\/uploads\/2026\/04\/Gamblerina-Login.webp\" alt=\"Gamblerina Login\" width=\"1248\" height=\"536\" \/><\/p>\n<h2>Nutzung eines Gamblerina Kontos<\/h2>\n<p>Ihr Konto ist das Medium, \u00fcber das Sie mit unserem Casino interagieren. Es enth\u00e4lt alle Informationen zu Ihren Aktivit\u00e4ten im Gamblerina Casino sowie alle von Ihnen angegebenen Daten.<\/p>\n<h3>Gamblerina Anmeldung<\/h3>\n<p>Unsere Website speichert Ihre Gamblerina-Anmeldedaten, sofern Sie sich nicht abmelden. In diesem Fall m\u00fcssen Sie einen ein- bis zweistufigen Anmeldevorgang durchlaufen:<\/p>\n<ol>\n<li>Geben Sie Ihre E-Mail-Adresse und das Passwort ein, die Sie bei der Anmeldung verwendet haben.<\/li>\n<li>(Falls Sie 2FA aktiviert haben) Geben Sie den Code aus Ihrer synchronisierten Google Authenticator-App ein.<\/li>\n<\/ol>\n<p>Das Gleiche gilt f\u00fcr andere Ger\u00e4te: Jedes Mal, wenn Sie ein neues Ger\u00e4t oder einen neuen Computer verwenden m\u00f6chten, m\u00fcssen Sie den Anmeldevorgang bei Gamblerina erneut durchlaufen.<\/p>\n<h3>Kontoverwaltung<\/h3>\n<p>Nun zu den einzelnen Registerkarten auf Ihrer Gamblerina-Kontoseite:<\/p>\n<ul>\n<li>Profil. Enth\u00e4lt Ihre pers\u00f6nlichen Daten (Kontaktdaten, E-Mail-Adresse, Telefonnummer und Anschrift), Ihren Treuerang, die Einstellungen f\u00fcr Werbeaktionen und den Schalter f\u00fcr den versteckten Modus. Hier k\u00f6nnen Sie auch auf die Registerkarte \u201eSelbstkontrolle\u201c zugreifen, um etwaige Einschr\u00e4nkungen zu verwalten, falls Ihnen das Spielen zu viel wird.<\/li>\n<li>Verlauf. Enth\u00e4lt Informationen zu allen Aktionen, die w\u00e4hrend eines ausgew\u00e4hlten Zeitraums stattgefunden haben. Dazu geh\u00f6ren Transaktionen, erhaltene und ausgegebene Boni sowie Spiel- und Wettverl\u00e4ufe. Wenn Sie Ihre Lieblingsmomente noch einmal Revue passieren lassen oder den Bonusbetrag kl\u00e4ren m\u00f6chten, sind Sie hier richtig. Alternativ k\u00f6nnen Sie sich an unser Support-Team wenden.<\/li>\n<li>Guthaben. Zeigt Ihren aktuellen Kontostand und Ihre Auszahlungslimits an und erm\u00f6glicht es Ihnen, eine Auszahlung zu beantragen und eine Einzahlung vorzunehmen. Die Standardw\u00e4hrung ist der Euro (\u20ac), Sie k\u00f6nnen jedoch eine neue W\u00e4hrung aus der Liste hinzuf\u00fcgen.<\/li>\n<li>Freunde einladen. Enth\u00e4lt Informationen zu unserem Empfehlungsprogramm und Ihrem Fortschritt darin. Hier k\u00f6nnen Sie sehen, wie viele Freunde sich \u00fcber Ihren Link registriert haben und wie viel Sie verdient haben, indem Sie Gamble Rina Casino weiterempfohlen haben. Den Empfehlungslink finden Sie ebenfalls hier.<\/li>\n<\/ul>\n<h3>Gamblerina Konto\u00fcberpr\u00fcfung und Sicherheit<\/h3>\n<p>Die Sicherheit Ihres Kontos liegt im Interesse aller. W\u00e4hrend der Gro\u00dfteil der Arbeit zur Umsetzung bei uns liegt, liegt ein Teil dieser Verantwortung bei Ihnen. Das geht \u00fcber Ma\u00dfnahmen wie die Festlegung eines sicheren Passworts und die Aktivierung der Zwei-Faktor-Authentifizierung hinaus. Wir bei Gamblerina Casino m\u00f6chten sicherstellen, dass es f\u00fcr uns sicher und legal ist, mit Ihnen Gesch\u00e4fte zu t\u00e4tigen.<\/p>\n<p>Daf\u00fcr ist der Verifizierungsprozess da. Im Rahmen dieses Prozesses best\u00e4tigen Sie nicht nur m\u00fcndlich, sondern auch anhand von Dokumenten, dass Sie vollj\u00e4hrig sind und dass die Person in den Dokumenten mit der Person im wirklichen Leben \u00fcbereinstimmt.<\/p>\n<table>\n<tbody>\n<tr>\n<td>Dokument<\/td>\n<td>Zweck<\/td>\n<td>Beschreibung<\/td>\n<\/tr>\n<tr>\n<td>Ausweis<\/td>\n<td>Best\u00e4tigung Ihrer Identit\u00e4t<\/td>\n<td>Laden Sie einen Reisepass, einen Personalausweis oder einen F\u00fchrerschein hoch.<\/td>\n<\/tr>\n<tr>\n<td>Adressnachweis<\/td>\n<td>\u00dcberpr\u00fcfen Sie Ihre Adresse<\/td>\n<td>Legen Sie eine Strom-, Gas- oder Wasserrechnung, einen Kontoauszug oder ein anderes Dokument vor, aus dem Ihre Adresse hervorgeht.<\/td>\n<\/tr>\n<tr>\n<td>Selfie<\/td>\n<td>Stellen Sie sicher, dass Sie es sind und nicht jemand anderes<\/td>\n<td>Machen Sie ein Selfie, um zu best\u00e4tigen, dass das Gesicht mit dem Ausweis \u00fcbereinstimmt.<\/td>\n<\/tr>\n<tr>\n<td>Nachweis der Zahlungsmethode<\/td>\n<td>Best\u00e4tigen Sie, dass Sie der Inhaber der Zahlungsmethode sind<\/td>\n<td>Laden Sie ein Foto Ihrer Karte oder einen Screenshot Ihres E-Wallets\/Bankkontos hoch.<\/td>\n<\/tr>\n<\/tbody>\n<\/table>\n<p>Sollten Sie Fragen zu einem Schritt oder zum Anmeldeverfahren bei Gamblerina haben, steht Ihnen unser mehrsprachiges Support-Team jederzeit zur Verf\u00fcgung. Sie k\u00f6nnen uns per Live-Chat oder E-Mail kontaktieren. Wenn es Ihnen auf Schnelligkeit ankommt, ist der Chat hilfreicher. Bei komplexen Anfragen k\u00f6nnen Sie diese per E-Mail ausf\u00fchrlich beschreiben und sich dabei so viel Zeit nehmen, wie Sie ben\u00f6tigen.<\/p>\n<p>Was unseren Teil der Vereinbarung betrifft, setzt Gamblerina alle modernen Tools ein, um die Sicherheit Ihrer Daten zu gew\u00e4hrleisten: TLS 1.3 und 256-Bit-AES-Verschl\u00fcsselung, Web Application Firewalls, sichere Schl\u00fcsselaustauschverfahren einschlie\u00dflich ECDSA und RSA-2048 \u2013 die Liste l\u00e4sst sich beliebig fortsetzen. Gamblerina Casino verf\u00fcgt \u00fcber eine Lizenz der Cura\u00e7ao Gaming Authority, die uns verpflichtet, ein H\u00f6chstma\u00df an Sicherheit zu gew\u00e4hrleisten.<\/p>\n<h3>Passwort vergessen?<\/h3>\n<p>Das passiert selbst den Besten von uns. Wenn Sie Ihr Passwort vergessen haben, haben Sie zwei M\u00f6glichkeiten: Kontaktieren Sie uns \u00fcber den Live-Chat oder setzen Sie das Passwort selbst zur\u00fcck. Dies k\u00f6nnen Sie w\u00e4hrend des Anmeldevorgangs bei Gamblerina tun. Klicken Sie einfach auf \u201ePasswort vergessen?\u201c und geben Sie Ihre E-Mail-Adresse ein, um den Link zum Zur\u00fccksetzen des Passworts zu erhalten. Folgen Sie diesem Link und legen Sie ein neues Passwort fest.<\/p>\n<h2>FAQ<\/h2>\n<h3>Wie schlie\u00dfe ich den Kontoverifizierungsprozess ab?<\/h3>\n<p>Um den Verifizierungsprozess bei Gamblerina Casino abzuschlie\u00dfen, m\u00fcssen Sie alle erforderlichen Dokumente vorlegen, um Ihre Identit\u00e4t und die Rechtm\u00e4\u00dfigkeit Ihrer Zahlungsmethoden zu best\u00e4tigen.<\/p>\n<h3>Wie aktualisiere ich mein Passwort oder meine E-Mail-Adresse?<\/h3>\n<p>Sie k\u00f6nnen Ihre E-Mail-Adresse bis zu dreimal t\u00e4glich in Ihrem Profil \u00e4ndern. Gehen Sie zu \u201eAllgemein\u201c und \u201ePers\u00f6nliche Daten bearbeiten\u201c. Wenn Sie Ihr Passwort \u00e4ndern m\u00f6chten, gehen Sie zu \u201eSicherheit\u201c und klicken Sie in der Passwortleiste auf \u201e\u00c4ndern\u201c.<\/p>\n<h3>Kann ich mein Profil bei Gamblerina mit einem Freund teilen?<\/h3>\n<p>Wir raten Ihnen dringend davon ab. Die Nutzung desselben Kontos durch zwei Personen verst\u00f6\u00dft gegen unsere Richtlinien, ganz zu schweigen von den Risiken f\u00fcr die Sicherheit Ihres Kontos. Die Erstellung eines Kontos bei Gamblerina Casino ist so einfach, dass jeder sein eigenes Konto haben kann.<\/p>\n<\/div><\/div><\/p>\n","protected":false},"excerpt":{"rendered":"<p>Zugang zum Gamblerina Konto und Registrierung Ohne ein Konto f\u00fchlt sich der Besuch im Gamblerina Casino vielleicht wie Schaufensterbummeln an: Hunderte von Artikeln sind ausgestellt, doch keinen davon k\u00f6nnen Sie in die H\u00e4nde bekommen. Dieses Hindernis l\u00e4sst sich jedoch leicht \u00fcberwinden. Sobald Sie auf die Schaltfl\u00e4che \u201eGamblerina Login\u201c klicken, fallen alle Barrieren weg und Sie [&hellip;]<\/p>\n","protected":false},"author":20,"featured_media":0,"parent":0,"menu_order":0,"comment_status":"closed","ping_status":"closed","template":"template-builder.php","meta":{"_acf_changed":false,"inline_featured_image":false,"footnotes":""},"class_list":["post-1563","page","type-page","status-publish","hentry"],"acf":[],"yoast_head":"<!-- This site is optimized with the Yoast SEO plugin v27.3 - https:\/\/yoast.com\/product\/yoast-seo-wordpress\/ -->\n<title>Gamblerina-Login \u2013 Registrieren &amp; Konto verwalten<\/title>\n<meta name=\"description\" content=\"Erstellen, verwalten und verifizieren Sie Ihr Gamblerina Casino-Konto ganz einfach dank schneller Registrierung, nahtloser Kontowiederherstellung und sicherer Kontoschlie\u00dfung \u2013 f\u00fcr Schutz rund um die Uhr \u00fcber den Gamblerina-Login.\" \/>\n<meta name=\"robots\" content=\"index, follow, max-snippet:-1, max-image-preview:large, max-video-preview:-1\" \/>\n<link rel=\"canonical\" href=\"https:\/\/gamblerina.net\/de\/anmeldung-und-registrierung\/\" \/>\n<meta property=\"og:locale\" content=\"de_DE\" \/>\n<meta property=\"og:type\" content=\"article\" \/>\n<meta property=\"og:title\" content=\"Gamblerina-Login \u2013 Registrieren &amp; Konto verwalten\" \/>\n<meta property=\"og:description\" content=\"Erstellen, verwalten und verifizieren Sie Ihr Gamblerina Casino-Konto ganz einfach dank schneller Registrierung, nahtloser Kontowiederherstellung und sicherer Kontoschlie\u00dfung \u2013 f\u00fcr Schutz rund um die Uhr \u00fcber den Gamblerina-Login.\" \/>\n<meta property=\"og:url\" content=\"https:\/\/gamblerina.net\/de\/anmeldung-und-registrierung\/\" \/>\n<meta property=\"og:site_name\" content=\"gamblerina\" \/>\n<meta property=\"article:modified_time\" content=\"2026-05-04T07:07:05+00:00\" \/>\n<meta name=\"twitter:card\" content=\"summary_large_image\" \/>\n<meta name=\"twitter:label1\" content=\"Gesch\u00e4tzte Lesezeit\" \/>\n\t<meta name=\"twitter:data1\" content=\"1\u00a0Minute\" \/>\n<script type=\"application\/ld+json\" class=\"yoast-schema-graph\">{\"@context\":\"https:\\\/\\\/schema.org\",\"@graph\":[{\"@type\":\"WebPage\",\"@id\":\"https:\\\/\\\/gamblerina.net\\\/de\\\/anmeldung-und-registrierung\\\/\",\"url\":\"https:\\\/\\\/gamblerina.net\\\/de\\\/anmeldung-und-registrierung\\\/\",\"name\":\"Gamblerina-Login \u2013 Registrieren & Konto verwalten\",\"isPartOf\":{\"@id\":\"https:\\\/\\\/gamblerina.net\\\/de\\\/#website\"},\"datePublished\":\"2026-04-30T13:13:37+00:00\",\"dateModified\":\"2026-05-04T07:07:05+00:00\",\"description\":\"Erstellen, verwalten und verifizieren Sie Ihr Gamblerina Casino-Konto ganz einfach dank schneller Registrierung, nahtloser Kontowiederherstellung und sicherer Kontoschlie\u00dfung \u2013 f\u00fcr Schutz rund um die Uhr \u00fcber den Gamblerina-Login.\",\"breadcrumb\":{\"@id\":\"https:\\\/\\\/gamblerina.net\\\/de\\\/anmeldung-und-registrierung\\\/#breadcrumb\"},\"inLanguage\":\"de\",\"potentialAction\":[{\"@type\":\"ReadAction\",\"target\":[\"https:\\\/\\\/gamblerina.net\\\/de\\\/anmeldung-und-registrierung\\\/\"]}]},{\"@type\":\"BreadcrumbList\",\"@id\":\"https:\\\/\\\/gamblerina.net\\\/de\\\/anmeldung-und-registrierung\\\/#breadcrumb\",\"itemListElement\":[{\"@type\":\"ListItem\",\"position\":1,\"name\":\"Gamblerina\",\"item\":\"https:\\\/\\\/gamblerina.net\\\/de\\\/\"},{\"@type\":\"ListItem\",\"position\":2,\"name\":\"Anmeldung und Registrierung\"}]},{\"@type\":\"WebSite\",\"@id\":\"https:\\\/\\\/gamblerina.net\\\/de\\\/#website\",\"url\":\"https:\\\/\\\/gamblerina.net\\\/de\\\/\",\"name\":\"Gamblerina\",\"description\":\"\",\"publisher\":{\"@id\":\"https:\\\/\\\/gamblerina.net\\\/de\\\/#organization\"},\"potentialAction\":[{\"@type\":\"SearchAction\",\"target\":{\"@type\":\"EntryPoint\",\"urlTemplate\":\"https:\\\/\\\/gamblerina.net\\\/de\\\/?s={search_term_string}\"},\"query-input\":{\"@type\":\"PropertyValueSpecification\",\"valueRequired\":true,\"valueName\":\"search_term_string\"}}],\"inLanguage\":\"de\"},{\"@type\":\"Organization\",\"@id\":\"https:\\\/\\\/gamblerina.net\\\/de\\\/#organization\",\"name\":\"Gamblerina\",\"url\":\"https:\\\/\\\/gamblerina.net\\\/de\\\/\",\"logo\":{\"@type\":\"ImageObject\",\"inLanguage\":\"de\",\"@id\":\"https:\\\/\\\/gamblerina.net\\\/de\\\/#\\\/schema\\\/logo\\\/image\\\/\",\"url\":\"https:\\\/\\\/gamblerina.net\\\/wp-content\\\/uploads\\\/2026\\\/04\\\/Gamblerina-logo.png\",\"contentUrl\":\"https:\\\/\\\/gamblerina.net\\\/wp-content\\\/uploads\\\/2026\\\/04\\\/Gamblerina-logo.png\",\"width\":196,\"height\":40,\"caption\":\"Gamblerina\"},\"image\":{\"@id\":\"https:\\\/\\\/gamblerina.net\\\/de\\\/#\\\/schema\\\/logo\\\/image\\\/\"}}]}<\/script>\n<!-- \/ Yoast SEO plugin. -->","yoast_head_json":{"title":"Gamblerina-Login \u2013 Registrieren & Konto verwalten","description":"Erstellen, verwalten und verifizieren Sie Ihr Gamblerina Casino-Konto ganz einfach dank schneller Registrierung, nahtloser Kontowiederherstellung und sicherer Kontoschlie\u00dfung \u2013 f\u00fcr Schutz rund um die Uhr \u00fcber den Gamblerina-Login.","robots":{"index":"index","follow":"follow","max-snippet":"max-snippet:-1","max-image-preview":"max-image-preview:large","max-video-preview":"max-video-preview:-1"},"canonical":"https:\/\/gamblerina.net\/de\/anmeldung-und-registrierung\/","og_locale":"de_DE","og_type":"article","og_title":"Gamblerina-Login \u2013 Registrieren & Konto verwalten","og_description":"Erstellen, verwalten und verifizieren Sie Ihr Gamblerina Casino-Konto ganz einfach dank schneller Registrierung, nahtloser Kontowiederherstellung und sicherer Kontoschlie\u00dfung \u2013 f\u00fcr Schutz rund um die Uhr \u00fcber den Gamblerina-Login.","og_url":"https:\/\/gamblerina.net\/de\/anmeldung-und-registrierung\/","og_site_name":"gamblerina","article_modified_time":"2026-05-04T07:07:05+00:00","twitter_card":"summary_large_image","twitter_misc":{"Gesch\u00e4tzte Lesezeit":"1\u00a0Minute"},"schema":{"@context":"https:\/\/schema.org","@graph":[{"@type":"WebPage","@id":"https:\/\/gamblerina.net\/de\/anmeldung-und-registrierung\/","url":"https:\/\/gamblerina.net\/de\/anmeldung-und-registrierung\/","name":"Gamblerina-Login \u2013 Registrieren & Konto verwalten","isPartOf":{"@id":"https:\/\/gamblerina.net\/de\/#website"},"datePublished":"2026-04-30T13:13:37+00:00","dateModified":"2026-05-04T07:07:05+00:00","description":"Erstellen, verwalten und verifizieren Sie Ihr Gamblerina Casino-Konto ganz einfach dank schneller Registrierung, nahtloser Kontowiederherstellung und sicherer Kontoschlie\u00dfung \u2013 f\u00fcr Schutz rund um die Uhr \u00fcber den Gamblerina-Login.","breadcrumb":{"@id":"https:\/\/gamblerina.net\/de\/anmeldung-und-registrierung\/#breadcrumb"},"inLanguage":"de","potentialAction":[{"@type":"ReadAction","target":["https:\/\/gamblerina.net\/de\/anmeldung-und-registrierung\/"]}]},{"@type":"BreadcrumbList","@id":"https:\/\/gamblerina.net\/de\/anmeldung-und-registrierung\/#breadcrumb","itemListElement":[{"@type":"ListItem","position":1,"name":"Gamblerina","item":"https:\/\/gamblerina.net\/de\/"},{"@type":"ListItem","position":2,"name":"Anmeldung und Registrierung"}]},{"@type":"WebSite","@id":"https:\/\/gamblerina.net\/de\/#website","url":"https:\/\/gamblerina.net\/de\/","name":"Gamblerina","description":"","publisher":{"@id":"https:\/\/gamblerina.net\/de\/#organization"},"potentialAction":[{"@type":"SearchAction","target":{"@type":"EntryPoint","urlTemplate":"https:\/\/gamblerina.net\/de\/?s={search_term_string}"},"query-input":{"@type":"PropertyValueSpecification","valueRequired":true,"valueName":"search_term_string"}}],"inLanguage":"de"},{"@type":"Organization","@id":"https:\/\/gamblerina.net\/de\/#organization","name":"Gamblerina","url":"https:\/\/gamblerina.net\/de\/","logo":{"@type":"ImageObject","inLanguage":"de","@id":"https:\/\/gamblerina.net\/de\/#\/schema\/logo\/image\/","url":"https:\/\/gamblerina.net\/wp-content\/uploads\/2026\/04\/Gamblerina-logo.png","contentUrl":"https:\/\/gamblerina.net\/wp-content\/uploads\/2026\/04\/Gamblerina-logo.png","width":196,"height":40,"caption":"Gamblerina"},"image":{"@id":"https:\/\/gamblerina.net\/de\/#\/schema\/logo\/image\/"}}]}},"_links":{"self":[{"href":"https:\/\/gamblerina.net\/de\/wp-json\/wp\/v2\/pages\/1563","targetHints":{"allow":["GET"]}}],"collection":[{"href":"https:\/\/gamblerina.net\/de\/wp-json\/wp\/v2\/pages"}],"about":[{"href":"https:\/\/gamblerina.net\/de\/wp-json\/wp\/v2\/types\/page"}],"author":[{"embeddable":true,"href":"https:\/\/gamblerina.net\/de\/wp-json\/wp\/v2\/users\/20"}],"replies":[{"embeddable":true,"href":"https:\/\/gamblerina.net\/de\/wp-json\/wp\/v2\/comments?post=1563"}],"version-history":[{"count":2,"href":"https:\/\/gamblerina.net\/de\/wp-json\/wp\/v2\/pages\/1563\/revisions"}],"predecessor-version":[{"id":1698,"href":"https:\/\/gamblerina.net\/de\/wp-json\/wp\/v2\/pages\/1563\/revisions\/1698"}],"wp:attachment":[{"href":"https:\/\/gamblerina.net\/de\/wp-json\/wp\/v2\/media?parent=1563"}],"curies":[{"name":"wp","href":"https:\/\/api.w.org\/{rel}","templated":true}]}}