{"id":1528,"date":"2026-04-30T14:09:02","date_gmt":"2026-04-30T13:09:02","guid":{"rendered":"https:\/\/gamblerina.net\/app\/"},"modified":"2026-05-04T09:24:02","modified_gmt":"2026-05-04T08:24:02","slug":"aplicacion","status":"publish","type":"page","link":"https:\/\/gamblerina.net\/es\/aplicacion\/","title":{"rendered":"Aplicaci\u00f3n"},"content":{"rendered":"<h1>Acceso m\u00f3vil a Gamblerina<\/h1>\n<p>Hoy en d\u00eda todo el mundo parece tener aplicaciones, y hay una buena raz\u00f3n para ello. Hay m\u00e1s gente que tiene dispositivos m\u00f3viles que ordenadores de sobremesa, y queremos llegar a todos los jugadores espa\u00f1oles que quieran contactarnos. Por eso te presentamos nuestra Gamblerina App, una forma c\u00f3moda de seguir divirti\u00e9ndote incluso cuando no est\u00e9s cerca de tu ordenador.<\/p>\n<div class=\"banner-wrap\" aria-label=\"Banner\"><img src=\"https:\/\/gamblerina.net\/wp-content\/uploads\/2026\/04\/Gamblerina-banner-carousel-800\u0445400.webp\" class=\"w-100 d-none d-lg-block img-pc main-banner-img\" alt=\"gamblerina banner desktop\" fetchpriority=\"high\" decoding=\"async\"><img src=\"https:\/\/gamblerina.net\/wp-content\/uploads\/2026\/04\/gamblerina-banner-mobile.webp\" class=\"w-100 d-none d-md-block d-lg-none main-banner-img\" alt=\"gamblerina banner mobile\" fetchpriority=\"high\" decoding=\"async\"><img src=\"https:\/\/gamblerina.net\/wp-content\/uploads\/2026\/04\/gamblerina-banner-mobile.webp\" class=\"w-100 d-md-none\" alt=\"gamblerina banner mobile\" fetchpriority=\"high\" decoding=\"async\"><div class=\"banner-description\">\n<div class=\"banner-title\">Bonos de bienvenida<\/div>\n<p class=\"banner-header-title\">\u00a0\u20ac1500<\/p>\n<div class=\"banner-header-AdditionalText\">+ 250 Tiradas gratis<\/div>\n<p>&nbsp;<\/p>\n<div class=\"m-button-content\"><button data-item=\"homepage_banner_link\" class=\"goto m-button m-gradient-border m-button--primary m-button--large banner-button btn-orange\">\n            <div class=\"m-button-content\">\n                <span>Reg\u00edstrate ahora<\/span>\n                <span><\/span>\n            <\/div>\n        <\/button><\/div>\n<div class=\"WelcomePack\">\n<p><img loading=\"lazy\" decoding=\"async\" class=\"alignnone size-full wp-image-1391\" src=\"https:\/\/gamblerina.net\/wp-content\/uploads\/2026\/04\/welcome-crown.png\" alt=\"crown\" width=\"25\" height=\"26\" \/><\/p>\n<div class=\"WelcomePack-Info\">Reembolso semanal de hasta el 25 %<\/div>\n<p><img loading=\"lazy\" decoding=\"async\" class=\"alignnone size-full wp-image-1391\" src=\"https:\/\/gamblerina.net\/wp-content\/uploads\/2026\/04\/welcome-crown.png\" alt=\"crown\" width=\"25\" height=\"26\" \/><\/p>\n<\/div>\n<\/div>\n<\/div>\n<h2>Usar Gamblerina en el m\u00f3vil<\/h2>\n<p>Las cifras lo dejan claro: casi el 80 % de nuestros usuarios prefiere los dispositivos m\u00f3viles a los ordenadores de sobremesa, al menos a la hora de visitar Gamble Rina. Ser\u00eda muy poco previsor por nuestra parte no tener esto en cuenta cuando se trata de una experiencia de juego. Por eso, los usuarios de m\u00f3viles pueden visitarnos de dos formas principales: a trav\u00e9s del navegador o mediante una aplicaci\u00f3n espec\u00edfica.<\/p>\n<p>Nuestra app no es diferente de cualquier otra app que hayas usado, s\u00f3lo que casi no ocupa espacio y funciona a la perfecci\u00f3n. Bueno, quiz\u00e1 s\u00ed sea diferente despu\u00e9s de todo. Nuestro equipo se ha marcado el objetivo de crear la mejor experiencia de casino m\u00f3vil, y para ello hemos creado una app que es tan f\u00e1cil de usar como divertida.<\/p>\n<p>La principal ventaja de usar la app de Gamblerina es su comodidad. La hemos dise\u00f1ado para que sea f\u00e1cil de navegar, independientemente del tama\u00f1o de la pantalla. Todas las funciones que usas m\u00e1s a menudo est\u00e1n ah\u00ed mismo, en la pantalla principal de Gamble Rina Casino, fijadas en una barra de interfaz que permanece fija mientras te desplazas por nuestra colecci\u00f3n de m\u00e1s de 6.000 slots online, juegos de mesa y juegos de casino en vivo.<\/p>\n<p><div class=\"scrollable-content-wrap my-5\"><div class=\"scrollable-content-inner\"><h2>App de Gamblerina para Android<\/h2>\n<p>Todos los jugadores de Gamblerina en Android pueden disfrutar de la app que te hemos estado describiendo con tanto detalle hasta ahora. Y no hace falta buscarla en Play Store ni siquiera iniciar sesi\u00f3n en tu cuenta de Google Play. Es gratis y la puedes descargar en nuestra web. Con unos pocos clics, el icono de Gamble Rina Casino aparecer\u00e1 c\u00f3modamente en tu pantalla de inicio.<\/p>\n<h3>Ventajas de la PWA de Gamblerina<\/h3>\n<p>La app que hemos desarrollado es una PWA (Aplicaci\u00f3n Web Progresiva). Si estos t\u00e9rminos no te dicen mucho, se trata de una app que se ejecuta en un navegador pero que ofrece una experiencia similar a la de una app con todas sus funciones. As\u00ed es como se compara la app de Gamblerina con el software habitual.<\/p>\n<table>\n<tbody>\n<tr>\n<td>Caracter\u00edstica<\/td>\n<td>PWA<\/td>\n<td>Aplicaci\u00f3n normal<\/td>\n<\/tr>\n<tr>\n<td>M\u00e9todo de descarga<\/td>\n<td>A trav\u00e9s del navegador.<\/td>\n<td>A trav\u00e9s de una tienda de aplicaciones espec\u00edfica (App Store, Google Play Store).<\/td>\n<\/tr>\n<tr>\n<td>Velocidad de descarga<\/td>\n<td>Instant\u00e1nea, ya que no se descargan archivos directamente en tu dispositivo.<\/td>\n<td>Depende del tama\u00f1o de la aplicaci\u00f3n y de tu velocidad de Internet (no es instant\u00e1nea)<\/td>\n<\/tr>\n<tr>\n<td>Acceso a otras funciones (c\u00e1mara, ubicaci\u00f3n)<\/td>\n<td>No necesita acceder a ninguna de tus otras aplicaciones ni te lo pide<\/td>\n<td>Solicita acceso a otras aplicaciones y funciones de tu dispositivo, a veces incluso a aquellas que se supone que no deber\u00eda necesitar.<\/td>\n<\/tr>\n<tr>\n<td>Espacio de almacenamiento<\/td>\n<td>No es una app completa, por lo que es muy ligera<\/td>\n<td>Ocupa m\u00e1s espacio de almacenamiento<\/td>\n<\/tr>\n<tr>\n<td>Actualizaciones<\/td>\n<td>Se actualiza al instante en cuanto haces clic en el icono<\/td>\n<td>Requiere actualizaciones peri\u00f3dicas<\/td>\n<\/tr>\n<tr>\n<td>Notificaciones<\/td>\n<td>Disponibles dependiendo de tu navegador<\/td>\n<td>Siempre disponibles<\/td>\n<\/tr>\n<\/tbody>\n<\/table>\n<p>No necesitas crear una cuenta aparte para nuestra app de Gamble Rina. De hecho, eso ir\u00eda en contra de nuestra pol\u00edtica de \u00abuna cuenta por persona\u00bb. Si descargas nuestra app mientras est\u00e1s conectado, la app se sincronizar\u00e1 autom\u00e1ticamente con tu cuenta y tendr\u00e1s todos tus datos al instante.<\/p>\n<p>Si descargas la app antes de crear una cuenta, tendr\u00e1s que registrarte de la misma forma que lo har\u00edas en la versi\u00f3n para navegador de Gamblerina Casino. El proceso es el mismo: s\u00f3lo tienes que introducir tu direcci\u00f3n de correo electr\u00f3nico, crear una contrase\u00f1a segura, proporcionar tu nombre y n\u00famero de tel\u00e9fono, y ya est\u00e1s listo para jugar.<\/p>\n<p>Tambi\u00e9n puedes retirar tus ganancias a trav\u00e9s de la app de Gamblerina. Al igual que en la versi\u00f3n para navegador, primero debes completar el proceso de verificaci\u00f3n para que los retiros est\u00e9n disponibles en tu cuenta. Si ya lo has completado, no tendr\u00e1s que volver a pasar por el proceso.<\/p>\n<h3>Aviso sobre el APK de Gamblerina<\/h3>\n<p>Los usuarios de Android pueden descargar archivos APK para instalar software. Te recomendamos que no instales ning\u00fan archivo APK de Gamblerina que puedas encontrar mientras navegas por Internet. Es probable que estos archivos sean malware que pueda robar tus datos o dejar tu dispositivo inutilizable. Ponte en contacto con nosotros a trav\u00e9s del chat en vivo si tienes alguna duda sobre la autenticidad de cualquier archivo.<\/p>\n<p><img loading=\"lazy\" decoding=\"async\" src=\"https:\/\/gamblerina.net\/wp-content\/uploads\/2026\/04\/Gamblerina-Android-App.webp\" alt=\"Gamblerina Android App\" width=\"1248\" height=\"536\" \/><\/p>\n<\/div><\/div><div style=\"clear: both\"><\/div><div class=\"d-flex justify-content-center\"><button data-item=\"decouvrez_link\" data-group=\"website_links\" class=\"goto fw-bold rounded-pill btn btn-orange\" aria-label=\"Descarga la aplicaci\u00f3n Gamblerina\" >Descarga la aplicaci\u00f3n Gamblerina<\/button><\/div><div class=\"scrollable-content-wrap my-5\"><div class=\"scrollable-content-inner\"><h2>App de Gamblerina para iOS<\/h2>\n<p>Por supuesto, los usuarios de iPhone y iPad tambi\u00e9n pueden disfrutar de las ventajas de la app de Gamblerina. El proceso de instalaci\u00f3n es el mismo: no hace falta que busques en la App Store para encontrarnos. La forma m\u00e1s r\u00e1pida y segura es ir directamente a Gamblerina Casino y hacer lo siguiente:<\/p>\n<ol>\n<li>Abre Gamblerina Casino a trav\u00e9s del navegador Safari.<\/li>\n<li>Pulsa el bot\u00f3n \u00abCompartir\u00bb.<\/li>\n<li>Selecciona \u00abA\u00f1adir a la pantalla de inicio\u00bb.<\/li>\n<li>Confirma haciendo clic en \u00abA\u00f1adir\u00bb.<\/li>\n<\/ol>\n<p>Y as\u00ed, Gamblerina Casino estar\u00e1 a s\u00f3lo un clic de distancia. Tambi\u00e9n puedes hacer clic en el banner de nuestra app de casino, que te redirigir\u00e1 a una p\u00e1gina de instalaci\u00f3n. Si prefieres seguir visitando Gamblerina en un navegador, puedes a\u00f1adirnos a tus pesta\u00f1as o favoritos. Si tienes alguna duda sobre cualquiera de los pasos, nuestro equipo de atenci\u00f3n al cliente est\u00e1 siempre a tu disposici\u00f3n.<\/p>\n<p><img loading=\"lazy\" decoding=\"async\" src=\"https:\/\/gamblerina.net\/wp-content\/uploads\/2026\/04\/Gamblerina-iOS-App.webp\" alt=\"Gamblerina iOS App\" width=\"1248\" height=\"536\" \/><\/p>\n<\/div><\/div><div style=\"clear: both\"><\/div><div class=\"d-flex justify-content-center\"><button data-item=\"decouvrez_link\" data-group=\"website_links\" class=\"goto fw-bold rounded-pill btn btn-orange\" aria-label=\"Descargar Gamblerina\" >Descargar Gamblerina<\/button><\/div><div class=\"scrollable-content-wrap my-5\"><div class=\"scrollable-content-inner\"><h2>Aplicaci\u00f3n de escritorio para Windows y macOS<\/h2>\n<p>Si sigues prefiriendo jugar en Gamblerina Casino desde el ordenador, tambi\u00e9n puedes instalar una app. Hay una app para todos, independientemente del dispositivo que elijas. Puedes anclar la pesta\u00f1a o a\u00f1adir la p\u00e1gina de nuestro casino a tus favoritos, pero la app es mucho mejor.<\/p>\n<p>Vayas donde vayas en Gamble Rina, nunca estar\u00e1s a m\u00e1s de dos clics de nuestra app. Hay un icono de descarga en la barra de direcciones y un bot\u00f3n de \u00abApp del casino\u00bb en nuestro men\u00fa deslizable. Funciona tanto en Windows como en macOS, as\u00ed que ni siquiera necesitas abrir la Microsoft Store ni ning\u00fan otro sitio de donde suelas descargar software.<\/p>\n<p><img loading=\"lazy\" decoding=\"async\" src=\"https:\/\/gamblerina.net\/wp-content\/uploads\/2026\/04\/Gamblerina-Desktop.webp\" alt=\"Gamblerina Desktop\" width=\"1248\" height=\"536\" \/><\/p>\n<\/div><\/div><div style=\"clear: both\"><\/div><div class=\"d-flex justify-content-center\"><button data-item=\"decouvrez_link\" data-group=\"website_links\" class=\"goto fw-bold rounded-pill btn btn-orange\" aria-label=\"Descarga la aplicaci\u00f3n Gamblerina\" >Descarga la aplicaci\u00f3n Gamblerina<\/button><\/div><div class=\"scrollable-content-wrap my-5\"><div class=\"scrollable-content-inner\"><h2>Preguntas frecuentes<\/h2>\n<h3>\u00bfEs necesario crear una cuenta para usar la app de Gamblerina?<\/h3>\n<p>Puedes descargar nuestra app en cuanto llegues a nuestra web. No necesitas una cuenta para usar nuestra app, pero s\u00ed la necesitas para empezar a jugar.<\/p>\n<h3>\u00bfOfrece la app de Gamblerina Casino servicio de atenci\u00f3n al cliente?<\/h3>\n<p>Nuestra app tiene las mismas funciones que nuestra p\u00e1gina web, as\u00ed que s\u00ed, puedes contactar con nuestro equipo de atenci\u00f3n al cliente a trav\u00e9s del chat en vivo o por correo electr\u00f3nico mientras la usas.<\/p>\n<h3>\u00bfPuedo iniciar sesi\u00f3n en la app de Gamblerina usando la autenticaci\u00f3n biom\u00e9trica?<\/h3>\n<p>Si tu dispositivo admite la autenticaci\u00f3n biom\u00e9trica y est\u00e1 activada, entonces s\u00ed. Es una forma estupenda de garantizar la seguridad de tu cuenta, y recomendamos a todos nuestros clientes que la activen.<\/p>\n<\/div><\/div><\/p>\n","protected":false},"excerpt":{"rendered":"<p>Acceso m\u00f3vil a Gamblerina Hoy en d\u00eda todo el mundo parece tener aplicaciones, y hay una buena raz\u00f3n para ello. Hay m\u00e1s gente que tiene dispositivos m\u00f3viles que ordenadores de sobremesa, y queremos llegar a todos los jugadores espa\u00f1oles que quieran contactarnos. Por eso te presentamos nuestra Gamblerina App, una forma c\u00f3moda de seguir divirti\u00e9ndote [&hellip;]<\/p>\n","protected":false},"author":20,"featured_media":0,"parent":0,"menu_order":0,"comment_status":"closed","ping_status":"closed","template":"template-builder.php","meta":{"_acf_changed":false,"inline_featured_image":false,"footnotes":""},"class_list":["post-1528","page","type-page","status-publish","hentry"],"acf":[],"yoast_head":"<!-- This site is optimized with the Yoast SEO plugin v27.3 - https:\/\/yoast.com\/product\/yoast-seo-wordpress\/ -->\n<title>Descargar la Gamblerina app | iOS y Android<\/title>\n<meta name=\"description\" content=\"La aplicaci\u00f3n Gamblerina garantiza una experiencia de juego impecable en las plataformas Android, iOS, Windows y macOS, con sincronizaci\u00f3n de cuentas, actualizaciones peri\u00f3dicas y asistencia al cliente integrada para facilitar su uso.\" \/>\n<meta name=\"robots\" content=\"index, follow, max-snippet:-1, max-image-preview:large, max-video-preview:-1\" \/>\n<link rel=\"canonical\" href=\"https:\/\/gamblerina.net\/es\/aplicacion\/\" \/>\n<meta property=\"og:locale\" content=\"es_ES\" \/>\n<meta property=\"og:type\" content=\"article\" \/>\n<meta property=\"og:title\" content=\"Descargar la Gamblerina app | iOS y Android\" \/>\n<meta property=\"og:description\" content=\"La aplicaci\u00f3n Gamblerina garantiza una experiencia de juego impecable en las plataformas Android, iOS, Windows y macOS, con sincronizaci\u00f3n de cuentas, actualizaciones peri\u00f3dicas y asistencia al cliente integrada para facilitar su uso.\" \/>\n<meta property=\"og:url\" content=\"https:\/\/gamblerina.net\/es\/aplicacion\/\" \/>\n<meta property=\"og:site_name\" content=\"gamblerina\" \/>\n<meta property=\"article:modified_time\" content=\"2026-05-04T08:24:02+00:00\" \/>\n<meta name=\"twitter:card\" content=\"summary_large_image\" \/>\n<meta name=\"twitter:label1\" content=\"Tiempo de lectura\" \/>\n\t<meta name=\"twitter:data1\" content=\"2 minutos\" \/>\n<script type=\"application\/ld+json\" class=\"yoast-schema-graph\">{\"@context\":\"https:\\\/\\\/schema.org\",\"@graph\":[{\"@type\":\"WebPage\",\"@id\":\"https:\\\/\\\/gamblerina.net\\\/es\\\/aplicacion\\\/\",\"url\":\"https:\\\/\\\/gamblerina.net\\\/es\\\/aplicacion\\\/\",\"name\":\"Descargar la Gamblerina app | iOS y Android\",\"isPartOf\":{\"@id\":\"https:\\\/\\\/gamblerina.net\\\/es\\\/#website\"},\"datePublished\":\"2026-04-30T13:09:02+00:00\",\"dateModified\":\"2026-05-04T08:24:02+00:00\",\"description\":\"La aplicaci\u00f3n Gamblerina garantiza una experiencia de juego impecable en las plataformas Android, iOS, Windows y macOS, con sincronizaci\u00f3n de cuentas, actualizaciones peri\u00f3dicas y asistencia al cliente integrada para facilitar su uso.\",\"breadcrumb\":{\"@id\":\"https:\\\/\\\/gamblerina.net\\\/es\\\/aplicacion\\\/#breadcrumb\"},\"inLanguage\":\"es\",\"potentialAction\":[{\"@type\":\"ReadAction\",\"target\":[\"https:\\\/\\\/gamblerina.net\\\/es\\\/aplicacion\\\/\"]}]},{\"@type\":\"BreadcrumbList\",\"@id\":\"https:\\\/\\\/gamblerina.net\\\/es\\\/aplicacion\\\/#breadcrumb\",\"itemListElement\":[{\"@type\":\"ListItem\",\"position\":1,\"name\":\"Gamblerina\",\"item\":\"https:\\\/\\\/gamblerina.net\\\/es\\\/\"},{\"@type\":\"ListItem\",\"position\":2,\"name\":\"Aplicaci\u00f3n\"}]},{\"@type\":\"WebSite\",\"@id\":\"https:\\\/\\\/gamblerina.net\\\/es\\\/#website\",\"url\":\"https:\\\/\\\/gamblerina.net\\\/es\\\/\",\"name\":\"Gamblerina\",\"description\":\"\",\"publisher\":{\"@id\":\"https:\\\/\\\/gamblerina.net\\\/es\\\/#organization\"},\"potentialAction\":[{\"@type\":\"SearchAction\",\"target\":{\"@type\":\"EntryPoint\",\"urlTemplate\":\"https:\\\/\\\/gamblerina.net\\\/es\\\/?s={search_term_string}\"},\"query-input\":{\"@type\":\"PropertyValueSpecification\",\"valueRequired\":true,\"valueName\":\"search_term_string\"}}],\"inLanguage\":\"es\"},{\"@type\":\"Organization\",\"@id\":\"https:\\\/\\\/gamblerina.net\\\/es\\\/#organization\",\"name\":\"Gamblerina\",\"url\":\"https:\\\/\\\/gamblerina.net\\\/es\\\/\",\"logo\":{\"@type\":\"ImageObject\",\"inLanguage\":\"es\",\"@id\":\"https:\\\/\\\/gamblerina.net\\\/es\\\/#\\\/schema\\\/logo\\\/image\\\/\",\"url\":\"https:\\\/\\\/gamblerina.net\\\/wp-content\\\/uploads\\\/2026\\\/04\\\/Gamblerina-logo.png\",\"contentUrl\":\"https:\\\/\\\/gamblerina.net\\\/wp-content\\\/uploads\\\/2026\\\/04\\\/Gamblerina-logo.png\",\"width\":196,\"height\":40,\"caption\":\"Gamblerina\"},\"image\":{\"@id\":\"https:\\\/\\\/gamblerina.net\\\/es\\\/#\\\/schema\\\/logo\\\/image\\\/\"}}]}<\/script>\n<!-- \/ Yoast SEO plugin. -->","yoast_head_json":{"title":"Descargar la Gamblerina app | iOS y Android","description":"La aplicaci\u00f3n Gamblerina garantiza una experiencia de juego impecable en las plataformas Android, iOS, Windows y macOS, con sincronizaci\u00f3n de cuentas, actualizaciones peri\u00f3dicas y asistencia al cliente integrada para facilitar su uso.","robots":{"index":"index","follow":"follow","max-snippet":"max-snippet:-1","max-image-preview":"max-image-preview:large","max-video-preview":"max-video-preview:-1"},"canonical":"https:\/\/gamblerina.net\/es\/aplicacion\/","og_locale":"es_ES","og_type":"article","og_title":"Descargar la Gamblerina app | iOS y Android","og_description":"La aplicaci\u00f3n Gamblerina garantiza una experiencia de juego impecable en las plataformas Android, iOS, Windows y macOS, con sincronizaci\u00f3n de cuentas, actualizaciones peri\u00f3dicas y asistencia al cliente integrada para facilitar su uso.","og_url":"https:\/\/gamblerina.net\/es\/aplicacion\/","og_site_name":"gamblerina","article_modified_time":"2026-05-04T08:24:02+00:00","twitter_card":"summary_large_image","twitter_misc":{"Tiempo de lectura":"2 minutos"},"schema":{"@context":"https:\/\/schema.org","@graph":[{"@type":"WebPage","@id":"https:\/\/gamblerina.net\/es\/aplicacion\/","url":"https:\/\/gamblerina.net\/es\/aplicacion\/","name":"Descargar la Gamblerina app | iOS y Android","isPartOf":{"@id":"https:\/\/gamblerina.net\/es\/#website"},"datePublished":"2026-04-30T13:09:02+00:00","dateModified":"2026-05-04T08:24:02+00:00","description":"La aplicaci\u00f3n Gamblerina garantiza una experiencia de juego impecable en las plataformas Android, iOS, Windows y macOS, con sincronizaci\u00f3n de cuentas, actualizaciones peri\u00f3dicas y asistencia al cliente integrada para facilitar su uso.","breadcrumb":{"@id":"https:\/\/gamblerina.net\/es\/aplicacion\/#breadcrumb"},"inLanguage":"es","potentialAction":[{"@type":"ReadAction","target":["https:\/\/gamblerina.net\/es\/aplicacion\/"]}]},{"@type":"BreadcrumbList","@id":"https:\/\/gamblerina.net\/es\/aplicacion\/#breadcrumb","itemListElement":[{"@type":"ListItem","position":1,"name":"Gamblerina","item":"https:\/\/gamblerina.net\/es\/"},{"@type":"ListItem","position":2,"name":"Aplicaci\u00f3n"}]},{"@type":"WebSite","@id":"https:\/\/gamblerina.net\/es\/#website","url":"https:\/\/gamblerina.net\/es\/","name":"Gamblerina","description":"","publisher":{"@id":"https:\/\/gamblerina.net\/es\/#organization"},"potentialAction":[{"@type":"SearchAction","target":{"@type":"EntryPoint","urlTemplate":"https:\/\/gamblerina.net\/es\/?s={search_term_string}"},"query-input":{"@type":"PropertyValueSpecification","valueRequired":true,"valueName":"search_term_string"}}],"inLanguage":"es"},{"@type":"Organization","@id":"https:\/\/gamblerina.net\/es\/#organization","name":"Gamblerina","url":"https:\/\/gamblerina.net\/es\/","logo":{"@type":"ImageObject","inLanguage":"es","@id":"https:\/\/gamblerina.net\/es\/#\/schema\/logo\/image\/","url":"https:\/\/gamblerina.net\/wp-content\/uploads\/2026\/04\/Gamblerina-logo.png","contentUrl":"https:\/\/gamblerina.net\/wp-content\/uploads\/2026\/04\/Gamblerina-logo.png","width":196,"height":40,"caption":"Gamblerina"},"image":{"@id":"https:\/\/gamblerina.net\/es\/#\/schema\/logo\/image\/"}}]}},"_links":{"self":[{"href":"https:\/\/gamblerina.net\/es\/wp-json\/wp\/v2\/pages\/1528","targetHints":{"allow":["GET"]}}],"collection":[{"href":"https:\/\/gamblerina.net\/es\/wp-json\/wp\/v2\/pages"}],"about":[{"href":"https:\/\/gamblerina.net\/es\/wp-json\/wp\/v2\/types\/page"}],"author":[{"embeddable":true,"href":"https:\/\/gamblerina.net\/es\/wp-json\/wp\/v2\/users\/20"}],"replies":[{"embeddable":true,"href":"https:\/\/gamblerina.net\/es\/wp-json\/wp\/v2\/comments?post=1528"}],"version-history":[{"count":2,"href":"https:\/\/gamblerina.net\/es\/wp-json\/wp\/v2\/pages\/1528\/revisions"}],"predecessor-version":[{"id":1838,"href":"https:\/\/gamblerina.net\/es\/wp-json\/wp\/v2\/pages\/1528\/revisions\/1838"}],"wp:attachment":[{"href":"https:\/\/gamblerina.net\/es\/wp-json\/wp\/v2\/media?parent=1528"}],"curies":[{"name":"wp","href":"https:\/\/api.w.org\/{rel}","templated":true}]}}