{"id":1569,"date":"2026-04-30T14:13:37","date_gmt":"2026-04-30T13:13:37","guid":{"rendered":"https:\/\/gamblerina.net\/login-and-registration\/"},"modified":"2026-05-04T09:25:42","modified_gmt":"2026-05-04T08:25:42","slug":"inicio-de-sesion-y-registro","status":"publish","type":"page","link":"https:\/\/gamblerina.net\/es\/inicio-de-sesion-y-registro\/","title":{"rendered":"Inicio de sesi\u00f3n y Registro"},"content":{"rendered":"<h1>Acceso y registro en la cuenta de Gamblerina<\/h1>\n<p>Sin tener una cuenta, visitar Gamblerina Casino puede parecer como mirar escaparates: cientos de art\u00edculos en exhibici\u00f3n, pero ninguno al que puedas echarle el guante. Este obst\u00e1culo, sin embargo, es f\u00e1cil de superar. Una vez que pulses el bot\u00f3n de Gamblerina Login, todas las barreras desaparecer\u00e1n para darte acceso ilimitado a todos nuestros juegos y funciones.<\/p>\n<p><div class=\"banner-wrap\" aria-label=\"Banner\"><img src=\"https:\/\/gamblerina.net\/wp-content\/uploads\/2026\/04\/Gamblerina-banner-carousel-800\u0445400.webp\" class=\"w-100 d-none d-lg-block img-pc main-banner-img\" alt=\"gamblerina banner desktop\" fetchpriority=\"high\" decoding=\"async\"><img src=\"https:\/\/gamblerina.net\/wp-content\/uploads\/2026\/04\/gamblerina-banner-mobile.webp\" class=\"w-100 d-none d-md-block d-lg-none main-banner-img\" alt=\"gamblerina banner mobile\" fetchpriority=\"high\" decoding=\"async\"><img src=\"https:\/\/gamblerina.net\/wp-content\/uploads\/2026\/04\/gamblerina-banner-mobile.webp\" class=\"w-100 d-md-none\" alt=\"gamblerina banner mobile\" fetchpriority=\"high\" decoding=\"async\"><div class=\"banner-description\">\n<div class=\"banner-title\">Bonos de bienvenida<\/div>\n<p class=\"banner-header-title\">\u00a0\u20ac1500<\/p>\n<div class=\"banner-header-AdditionalText\">+ 250 Tiradas gratis<\/div>\n<p>&nbsp;<\/p>\n<div class=\"m-button-content\"><button data-item=\"homepage_banner_link\" class=\"goto m-button m-gradient-border m-button--primary m-button--large banner-button btn-orange\">\n            <div class=\"m-button-content\">\n                <span>Reg\u00edstrate ahora<\/span>\n                <span><\/span>\n            <\/div>\n        <\/button><\/div>\n<\/div>\n<div class=\"WelcomePack\">\n<p><img loading=\"lazy\" decoding=\"async\" class=\"alignnone size-full wp-image-1391\" src=\"https:\/\/gamblerina.net\/wp-content\/uploads\/2026\/04\/welcome-crown.png\" alt=\"crown\" width=\"25\" height=\"26\" \/><\/p>\n<div class=\"WelcomePack-Info\">Reembolso semanal de hasta el 25 %<\/div>\n<p><img loading=\"lazy\" decoding=\"async\" class=\"alignnone size-full wp-image-1391\" src=\"https:\/\/gamblerina.net\/wp-content\/uploads\/2026\/04\/welcome-crown.png\" alt=\"crown\" width=\"25\" height=\"26\" \/><\/p>\n<\/div>\n<\/div><div class=\"scrollable-content-wrap my-5\"><div class=\"scrollable-content-inner\"><h2>Registrar una cuenta en Gamblerina<\/h2>\n<p>Mientras no est\u00e9n registrados, los espa\u00f1oles solo pueden jugar a las versiones de prueba de nuestras online slots. Dudamos que eso sea todo lo que quieras hacer, aunque sean bastante divertidas. Con una cuenta de Gamblerina, podr\u00e1s sumergirte de lleno en el mundo de los casinos online. Lo bueno es que no hay que esperar nada: no regalamos cuentas en un sorteo, t\u00fa mismo las creas.<\/p>\n<h3>Crea tu cuenta<\/h3>\n<p>Crear tu cuenta es lo primero que te ofrece Gamblerina, junto con nuestro bono de bienvenida, que podr\u00e1s reclamar una vez hayas terminado. El procedimiento no podr\u00eda ser m\u00e1s sencillo: hemos investigado y, literalmente, no hay forma de hacerlo m\u00e1s f\u00e1cil. S\u00f3lo tienes que seguir estos pasos y todo ir\u00e1 bien:<\/p>\n<ol>\n<li>Haz clic en el bot\u00f3n \u00abReg\u00edstrate\u00bb en la esquina superior derecha de la pantalla.<\/li>\n<li>Introduce tu direcci\u00f3n de correo electr\u00f3nico.<\/li>\n<li>Crea una contrase\u00f1a o deja que tu navegador lo haga por ti (pero memor\u00edzala por si acaso).<\/li>\n<li>Indica si deseas recibir nuestro bolet\u00edn con las \u00faltimas novedades y ofertas.<\/li>\n<li>Confirma que tienes al menos 18 a\u00f1os y que aceptas nuestros T\u00e9rminos y condiciones y nuestra Pol\u00edtica de privacidad.<\/li>\n<\/ol>\n<p>No subestimes la importancia del \u00faltimo paso. Si a\u00fan no has alcanzado la mayor\u00eda de edad, lo sabremos durante el proceso de verificaci\u00f3n. Del mismo modo, si no est\u00e1s de acuerdo con nuestras pol\u00edticas y condiciones, no podremos prestarte nuestros servicios.<\/p>\n<p>Una vez que hayas completado todos los pasos, el formulario completo de Gamblerina Casino est\u00e1 a la vuelta de la esquina. Ahora s\u00f3lo necesitamos tu nombre, apellidos, fecha de nacimiento y n\u00famero de tel\u00e9fono. Eso es todo. Has creado tu cuenta y por fin puedes disfrutar de todos los juegos que ofrecemos. A partir de ahora, s\u00f3lo tendr\u00e1s que pulsar el bot\u00f3n de inicio de sesi\u00f3n de Gamblerina cada vez que nos visites.<\/p>\n<p><img loading=\"lazy\" decoding=\"async\" src=\"https:\/\/gamblerina.net\/wp-content\/uploads\/2026\/04\/Gamblerina-Login.webp\" alt=\"Gamblerina Login\" width=\"1248\" height=\"536\" \/><\/p>\n<h2>C\u00f3mo usar una cuenta de Gamblerina<\/h2>\n<p>Tu cuenta es el medio a trav\u00e9s del cual interact\u00faas con nuestro casino. Contiene toda la informaci\u00f3n sobre tus acciones en Gamblerina Casino, as\u00ed como toda la informaci\u00f3n que has proporcionado.<\/p>\n<h3>Inicio de sesi\u00f3n en Gamblerina<\/h3>\n<p>Nuestra p\u00e1gina web recordar\u00e1 tus datos de inicio de sesi\u00f3n en Gamblerina a menos que cierres la sesi\u00f3n. En ese caso, tendr\u00e1s que completar un procedimiento de inicio de sesi\u00f3n de uno o dos pasos:<\/p>\n<ol>\n<li>Introduce el correo electr\u00f3nico y la contrase\u00f1a que usaste durante el proceso de registro.<\/li>\n<li>(Si tienes habilitada la autenticaci\u00f3n de dos factores) Introduce el c\u00f3digo de tu aplicaci\u00f3n Google Authenticator sincronizada.<\/li>\n<\/ol>\n<p>Lo mismo ocurre con otros dispositivos: cada vez que quieras usar un nuevo dispositivo o ordenador, tendr\u00e1s que volver a iniciar sesi\u00f3n en Gamblerina.<\/p>\n<h3>Gesti\u00f3n de la cuenta<\/h3>\n<p>Ahora, hablemos de todas las pesta\u00f1as que hay en la p\u00e1gina de tu cuenta de Gamblerina:<\/p>\n<ul>\n<li>Perfil. Contiene tu informaci\u00f3n personal (datos de contacto, correo electr\u00f3nico, n\u00famero de tel\u00e9fono y direcci\u00f3n), tu nivel de fidelidad, la configuraci\u00f3n de las promociones y el bot\u00f3n para activar el modo oculto. Aqu\u00ed tambi\u00e9n puedes acceder a la pesta\u00f1a \u00abAutocontrol\u00bb para gestionar cualquier restricci\u00f3n si el juego empieza a resultarte abrumador.<\/li>\n<li>Historial. Contiene informaci\u00f3n sobre todas las acciones que han tenido lugar durante un periodo determinado. Entre ellas se incluyen transacciones, bonos recibidos y gastados, e historiales de juegos y apuestas. Si quieres volver a ver tus momentos favoritos o aclarar el importe de un bono, este es el lugar adecuado. Tambi\u00e9n puedes ponerte en contacto con nuestro equipo de atenci\u00f3n al cliente.<\/li>\n<li>Monedero. Muestra tu saldo actual y los l\u00edmites de retirada, y te permite solicitar una retirada y realizar un dep\u00f3sito. La moneda predeterminada es el euro (\u20ac), pero puedes a\u00f1adir una nueva moneda de la lista.<\/li>\n<li>Invita a amigos. Incluye informaci\u00f3n sobre nuestro programa de referidos y tu progreso en \u00e9l. Aqu\u00ed puedes ver cu\u00e1ntos amigos se han registrado usando tu enlace y cu\u00e1nto has ganado por dar a conocer Gamble Rina Casino. El enlace de referido tambi\u00e9n est\u00e1 aqu\u00ed.<\/li>\n<\/ul>\n<h3>Verificaci\u00f3n y seguridad de la cuenta de Gamblerina<\/h3>\n<p>La seguridad de tu cuenta nos beneficia a todos. Aunque la mayor parte del trabajo para implementarla recae en nosotros, parte de esa responsabilidad es tuya. Esto va m\u00e1s all\u00e1 de medidas como establecer una contrase\u00f1a segura y habilitar la autenticaci\u00f3n de dos factores. En Gamblerina Casino queremos asegurarnos de que es seguro y legal para nosotros hacer negocios contigo.<\/p>\n<p>Para eso sirve el proceso de verificaci\u00f3n. Como parte de este, confirmar\u00e1s, no con palabras sino con documentos, que eres mayor de edad y que la persona que aparece en los documentos y la persona real son la misma.<\/p>\n<table>\n<tbody>\n<tr>\n<td>Documentos<\/td>\n<td>Finalidad<\/td>\n<td>Descripci\u00f3n<\/td>\n<\/tr>\n<tr>\n<td>Documento de identidad<\/td>\n<td>Confirmar tu identidad<\/td>\n<td>Sube un pasaporte, un documento nacional de identidad o un permiso de conducir.<\/td>\n<\/tr>\n<tr>\n<td>Prueba de domicilio<\/td>\n<td>Verifica tu direcci\u00f3n<\/td>\n<td>Env\u00eda una factura de servicios p\u00fablicos, un extracto bancario o cualquier documento que muestre tu direcci\u00f3n.<\/td>\n<\/tr>\n<tr>\n<td>Selfie<\/td>\n<td>Aseg\u00farate de que eres t\u00fa y no otra persona<\/td>\n<td>Hazte un selfie para confirmar que tu rostro coincide con el de tu documento de identidad.<\/td>\n<\/tr>\n<tr>\n<td>Prueba del m\u00e9todo de pago<\/td>\n<td>Verifica que eres el titular del m\u00e9todo de pago<\/td>\n<td>Sube una foto de tu tarjeta o una captura de pantalla de tu monedero electr\u00f3nico o cuenta bancaria.<\/td>\n<\/tr>\n<\/tbody>\n<\/table>\n<p>Si necesitas alguna aclaraci\u00f3n sobre alg\u00fan paso o sobre el procedimiento de inicio de sesi\u00f3n en Gamblerina, nuestro equipo de atenci\u00f3n al cliente multiling\u00fce est\u00e1 siempre dispuesto a ayudarte. Puedes ponerte en contacto con nosotros a trav\u00e9s del chat en vivo o por correo electr\u00f3nico. Si te urge, el chat es m\u00e1s \u00fatil. Si tienes una consulta complicada, el correo electr\u00f3nico te permite describirla con detalle, tom\u00e1ndote todo el tiempo que necesites.<\/p>\n<p>Por nuestra parte, Gamblerina implementa todas las herramientas modernas para garantizar la seguridad de tus datos: cifrado TLS 1.3 y AES de 256 bits, cortafuegos de aplicaciones web, m\u00e9todos seguros de intercambio de claves como ECDSA y RSA-2048, y la lista sigue y sigue. Gamblerina Casino cuenta con una licencia de la Junta de Control del Juego de Curazao, lo que nos obliga a mantener el m\u00e1s alto nivel de seguridad.<\/p>\n<h3>\u00bfHas olvidado tu contrase\u00f1a?<\/h3>\n<p>Le pasa incluso a los mejores. Si olvidas tu contrase\u00f1a, tienes dos opciones: contactarnos a trav\u00e9s del chat en vivo o restablecer la contrase\u00f1a t\u00fa mismo. Puedes hacerlo durante el proceso de inicio de sesi\u00f3n en Gamblerina. S\u00f3lo tienes que hacer clic en \u00ab\u00bfOlvidaste tu contrase\u00f1a?\u00bb e introducir tu correo electr\u00f3nico para recibir el enlace de restablecimiento de contrase\u00f1a. S\u00edguelo y establece una nueva contrase\u00f1a.<\/p>\n<h2>Preguntas frecuentes<\/h2>\n<h3>\u00bfC\u00f3mo completo el proceso de verificaci\u00f3n de la cuenta?<\/h3>\n<p>Para completar el proceso de verificaci\u00f3n en Gamblerina Casino, debes proporcionar todos los documentos necesarios para confirmar tu identidad y la legalidad de tus m\u00e9todos de pago.<\/p>\n<h3>\u00bfC\u00f3mo actualizo la contrase\u00f1a o la direcci\u00f3n de correo electr\u00f3nico?<\/h3>\n<p>Puedes cambiar tu direcci\u00f3n de correo electr\u00f3nico hasta tres veces al d\u00eda en tu perfil. Ve a \u00abGeneral\u00bb y \u00abEditar datos personales\u00bb. Si quieres cambiar tu contrase\u00f1a, ve a \u00abSeguridad\u00bb y haz clic en \u00abCambiar\u00bb en la barra de la contrase\u00f1a.<\/p>\n<h3>\u00bfPuedo compartir mi perfil de Gamblerina con un amigo?<\/h3>\n<p>Te lo desaconsejamos encarecidamente. Que dos personas utilicen la misma cuenta va en contra de nuestra pol\u00edtica, por no hablar de los riesgos para la seguridad de tu cuenta. Crear una cuenta en Gamblerina Casino es tan sencillo que todo el mundo puede tener la suya propia.<\/p>\n<\/div><\/div><\/p>\n","protected":false},"excerpt":{"rendered":"<p>Acceso y registro en la cuenta de Gamblerina Sin tener una cuenta, visitar Gamblerina Casino puede parecer como mirar escaparates: cientos de art\u00edculos en exhibici\u00f3n, pero ninguno al que puedas echarle el guante. Este obst\u00e1culo, sin embargo, es f\u00e1cil de superar. Una vez que pulses el bot\u00f3n de Gamblerina Login, todas las barreras desaparecer\u00e1n para [&hellip;]<\/p>\n","protected":false},"author":20,"featured_media":0,"parent":0,"menu_order":0,"comment_status":"closed","ping_status":"closed","template":"template-builder.php","meta":{"_acf_changed":false,"inline_featured_image":false,"footnotes":""},"class_list":["post-1569","page","type-page","status-publish","hentry"],"acf":[],"yoast_head":"<!-- This site is optimized with the Yoast SEO plugin v27.3 - https:\/\/yoast.com\/product\/yoast-seo-wordpress\/ -->\n<title>Gamblerina Login: reg\u00edstrate y gestiona tu cuenta<\/title>\n<meta name=\"description\" content=\"Crea, gestiona y verifica f\u00e1cilmente tu cuenta de Gamblerina Casino gracias a un registro r\u00e1pido, una recuperaci\u00f3n de cuenta sin complicaciones y un cierre de cuenta seguro, lo que garantiza una protecci\u00f3n las 24 horas del d\u00eda, los 7 d\u00edas de la semana, a trav\u00e9s de Gamblerina Login.\" \/>\n<meta name=\"robots\" content=\"index, follow, max-snippet:-1, max-image-preview:large, max-video-preview:-1\" \/>\n<link rel=\"canonical\" href=\"https:\/\/gamblerina.net\/es\/inicio-de-sesion-y-registro\/\" \/>\n<meta property=\"og:locale\" content=\"es_ES\" \/>\n<meta property=\"og:type\" content=\"article\" \/>\n<meta property=\"og:title\" content=\"Gamblerina Login: reg\u00edstrate y gestiona tu cuenta\" \/>\n<meta property=\"og:description\" content=\"Crea, gestiona y verifica f\u00e1cilmente tu cuenta de Gamblerina Casino gracias a un registro r\u00e1pido, una recuperaci\u00f3n de cuenta sin complicaciones y un cierre de cuenta seguro, lo que garantiza una protecci\u00f3n las 24 horas del d\u00eda, los 7 d\u00edas de la semana, a trav\u00e9s de Gamblerina Login.\" \/>\n<meta property=\"og:url\" content=\"https:\/\/gamblerina.net\/es\/inicio-de-sesion-y-registro\/\" \/>\n<meta property=\"og:site_name\" content=\"gamblerina\" \/>\n<meta property=\"article:modified_time\" content=\"2026-05-04T08:25:42+00:00\" \/>\n<meta name=\"twitter:card\" content=\"summary_large_image\" \/>\n<meta name=\"twitter:label1\" content=\"Tiempo de lectura\" \/>\n\t<meta name=\"twitter:data1\" content=\"1 minuto\" \/>\n<script type=\"application\/ld+json\" class=\"yoast-schema-graph\">{\"@context\":\"https:\\\/\\\/schema.org\",\"@graph\":[{\"@type\":\"WebPage\",\"@id\":\"https:\\\/\\\/gamblerina.net\\\/es\\\/inicio-de-sesion-y-registro\\\/\",\"url\":\"https:\\\/\\\/gamblerina.net\\\/es\\\/inicio-de-sesion-y-registro\\\/\",\"name\":\"Gamblerina Login: reg\u00edstrate y gestiona tu cuenta\",\"isPartOf\":{\"@id\":\"https:\\\/\\\/gamblerina.net\\\/es\\\/#website\"},\"datePublished\":\"2026-04-30T13:13:37+00:00\",\"dateModified\":\"2026-05-04T08:25:42+00:00\",\"description\":\"Crea, gestiona y verifica f\u00e1cilmente tu cuenta de Gamblerina Casino gracias a un registro r\u00e1pido, una recuperaci\u00f3n de cuenta sin complicaciones y un cierre de cuenta seguro, lo que garantiza una protecci\u00f3n las 24 horas del d\u00eda, los 7 d\u00edas de la semana, a trav\u00e9s de Gamblerina Login.\",\"breadcrumb\":{\"@id\":\"https:\\\/\\\/gamblerina.net\\\/es\\\/inicio-de-sesion-y-registro\\\/#breadcrumb\"},\"inLanguage\":\"es\",\"potentialAction\":[{\"@type\":\"ReadAction\",\"target\":[\"https:\\\/\\\/gamblerina.net\\\/es\\\/inicio-de-sesion-y-registro\\\/\"]}]},{\"@type\":\"BreadcrumbList\",\"@id\":\"https:\\\/\\\/gamblerina.net\\\/es\\\/inicio-de-sesion-y-registro\\\/#breadcrumb\",\"itemListElement\":[{\"@type\":\"ListItem\",\"position\":1,\"name\":\"Gamblerina\",\"item\":\"https:\\\/\\\/gamblerina.net\\\/es\\\/\"},{\"@type\":\"ListItem\",\"position\":2,\"name\":\"Inicio de sesi\u00f3n y Registro\"}]},{\"@type\":\"WebSite\",\"@id\":\"https:\\\/\\\/gamblerina.net\\\/es\\\/#website\",\"url\":\"https:\\\/\\\/gamblerina.net\\\/es\\\/\",\"name\":\"Gamblerina\",\"description\":\"\",\"publisher\":{\"@id\":\"https:\\\/\\\/gamblerina.net\\\/es\\\/#organization\"},\"potentialAction\":[{\"@type\":\"SearchAction\",\"target\":{\"@type\":\"EntryPoint\",\"urlTemplate\":\"https:\\\/\\\/gamblerina.net\\\/es\\\/?s={search_term_string}\"},\"query-input\":{\"@type\":\"PropertyValueSpecification\",\"valueRequired\":true,\"valueName\":\"search_term_string\"}}],\"inLanguage\":\"es\"},{\"@type\":\"Organization\",\"@id\":\"https:\\\/\\\/gamblerina.net\\\/es\\\/#organization\",\"name\":\"Gamblerina\",\"url\":\"https:\\\/\\\/gamblerina.net\\\/es\\\/\",\"logo\":{\"@type\":\"ImageObject\",\"inLanguage\":\"es\",\"@id\":\"https:\\\/\\\/gamblerina.net\\\/es\\\/#\\\/schema\\\/logo\\\/image\\\/\",\"url\":\"https:\\\/\\\/gamblerina.net\\\/wp-content\\\/uploads\\\/2026\\\/04\\\/Gamblerina-logo.png\",\"contentUrl\":\"https:\\\/\\\/gamblerina.net\\\/wp-content\\\/uploads\\\/2026\\\/04\\\/Gamblerina-logo.png\",\"width\":196,\"height\":40,\"caption\":\"Gamblerina\"},\"image\":{\"@id\":\"https:\\\/\\\/gamblerina.net\\\/es\\\/#\\\/schema\\\/logo\\\/image\\\/\"}}]}<\/script>\n<!-- \/ Yoast SEO plugin. -->","yoast_head_json":{"title":"Gamblerina Login: reg\u00edstrate y gestiona tu cuenta","description":"Crea, gestiona y verifica f\u00e1cilmente tu cuenta de Gamblerina Casino gracias a un registro r\u00e1pido, una recuperaci\u00f3n de cuenta sin complicaciones y un cierre de cuenta seguro, lo que garantiza una protecci\u00f3n las 24 horas del d\u00eda, los 7 d\u00edas de la semana, a trav\u00e9s de Gamblerina Login.","robots":{"index":"index","follow":"follow","max-snippet":"max-snippet:-1","max-image-preview":"max-image-preview:large","max-video-preview":"max-video-preview:-1"},"canonical":"https:\/\/gamblerina.net\/es\/inicio-de-sesion-y-registro\/","og_locale":"es_ES","og_type":"article","og_title":"Gamblerina Login: reg\u00edstrate y gestiona tu cuenta","og_description":"Crea, gestiona y verifica f\u00e1cilmente tu cuenta de Gamblerina Casino gracias a un registro r\u00e1pido, una recuperaci\u00f3n de cuenta sin complicaciones y un cierre de cuenta seguro, lo que garantiza una protecci\u00f3n las 24 horas del d\u00eda, los 7 d\u00edas de la semana, a trav\u00e9s de Gamblerina Login.","og_url":"https:\/\/gamblerina.net\/es\/inicio-de-sesion-y-registro\/","og_site_name":"gamblerina","article_modified_time":"2026-05-04T08:25:42+00:00","twitter_card":"summary_large_image","twitter_misc":{"Tiempo de lectura":"1 minuto"},"schema":{"@context":"https:\/\/schema.org","@graph":[{"@type":"WebPage","@id":"https:\/\/gamblerina.net\/es\/inicio-de-sesion-y-registro\/","url":"https:\/\/gamblerina.net\/es\/inicio-de-sesion-y-registro\/","name":"Gamblerina Login: reg\u00edstrate y gestiona tu cuenta","isPartOf":{"@id":"https:\/\/gamblerina.net\/es\/#website"},"datePublished":"2026-04-30T13:13:37+00:00","dateModified":"2026-05-04T08:25:42+00:00","description":"Crea, gestiona y verifica f\u00e1cilmente tu cuenta de Gamblerina Casino gracias a un registro r\u00e1pido, una recuperaci\u00f3n de cuenta sin complicaciones y un cierre de cuenta seguro, lo que garantiza una protecci\u00f3n las 24 horas del d\u00eda, los 7 d\u00edas de la semana, a trav\u00e9s de Gamblerina Login.","breadcrumb":{"@id":"https:\/\/gamblerina.net\/es\/inicio-de-sesion-y-registro\/#breadcrumb"},"inLanguage":"es","potentialAction":[{"@type":"ReadAction","target":["https:\/\/gamblerina.net\/es\/inicio-de-sesion-y-registro\/"]}]},{"@type":"BreadcrumbList","@id":"https:\/\/gamblerina.net\/es\/inicio-de-sesion-y-registro\/#breadcrumb","itemListElement":[{"@type":"ListItem","position":1,"name":"Gamblerina","item":"https:\/\/gamblerina.net\/es\/"},{"@type":"ListItem","position":2,"name":"Inicio de sesi\u00f3n y Registro"}]},{"@type":"WebSite","@id":"https:\/\/gamblerina.net\/es\/#website","url":"https:\/\/gamblerina.net\/es\/","name":"Gamblerina","description":"","publisher":{"@id":"https:\/\/gamblerina.net\/es\/#organization"},"potentialAction":[{"@type":"SearchAction","target":{"@type":"EntryPoint","urlTemplate":"https:\/\/gamblerina.net\/es\/?s={search_term_string}"},"query-input":{"@type":"PropertyValueSpecification","valueRequired":true,"valueName":"search_term_string"}}],"inLanguage":"es"},{"@type":"Organization","@id":"https:\/\/gamblerina.net\/es\/#organization","name":"Gamblerina","url":"https:\/\/gamblerina.net\/es\/","logo":{"@type":"ImageObject","inLanguage":"es","@id":"https:\/\/gamblerina.net\/es\/#\/schema\/logo\/image\/","url":"https:\/\/gamblerina.net\/wp-content\/uploads\/2026\/04\/Gamblerina-logo.png","contentUrl":"https:\/\/gamblerina.net\/wp-content\/uploads\/2026\/04\/Gamblerina-logo.png","width":196,"height":40,"caption":"Gamblerina"},"image":{"@id":"https:\/\/gamblerina.net\/es\/#\/schema\/logo\/image\/"}}]}},"_links":{"self":[{"href":"https:\/\/gamblerina.net\/es\/wp-json\/wp\/v2\/pages\/1569","targetHints":{"allow":["GET"]}}],"collection":[{"href":"https:\/\/gamblerina.net\/es\/wp-json\/wp\/v2\/pages"}],"about":[{"href":"https:\/\/gamblerina.net\/es\/wp-json\/wp\/v2\/types\/page"}],"author":[{"embeddable":true,"href":"https:\/\/gamblerina.net\/es\/wp-json\/wp\/v2\/users\/20"}],"replies":[{"embeddable":true,"href":"https:\/\/gamblerina.net\/es\/wp-json\/wp\/v2\/comments?post=1569"}],"version-history":[{"count":2,"href":"https:\/\/gamblerina.net\/es\/wp-json\/wp\/v2\/pages\/1569\/revisions"}],"predecessor-version":[{"id":1840,"href":"https:\/\/gamblerina.net\/es\/wp-json\/wp\/v2\/pages\/1569\/revisions\/1840"}],"wp:attachment":[{"href":"https:\/\/gamblerina.net\/es\/wp-json\/wp\/v2\/media?parent=1569"}],"curies":[{"name":"wp","href":"https:\/\/api.w.org\/{rel}","templated":true}]}}