{"id":1520,"date":"2026-04-30T14:09:02","date_gmt":"2026-04-30T13:09:02","guid":{"rendered":"https:\/\/gamblerina.net\/app\/"},"modified":"2026-05-04T07:38:49","modified_gmt":"2026-05-04T06:38:49","slug":"app","status":"publish","type":"page","link":"https:\/\/gamblerina.net\/fr\/app\/","title":{"rendered":"App"},"content":{"rendered":"<h1>Acc\u00e8s mobile \u00e0 Gamblerina<\/h1>\n<p>Tout le monde semble avoir des applications de nos jours, et il y a une bonne raison \u00e0 cela. Les appareils mobiles sont plus r\u00e9pandus que les ordinateurs de bureau, et nous voulons \u00eatre accessibles \u00e0 tous ceux qui souhaitent nous joindre. C&rsquo;est pourquoi nous vous pr\u00e9sentons notre Gamblerina App, un moyen pratique de continuer \u00e0 vous amuser m\u00eame lorsque vous n&rsquo;\u00eates pas pr\u00e8s de votre ordinateur.<\/p>\n<div class=\"banner-wrap\" aria-label=\"Banner\"><img src=\"https:\/\/gamblerina.net\/wp-content\/uploads\/2026\/04\/Gamblerina-banner-carousel-800\u0445400.webp\" class=\"w-100 d-none d-lg-block img-pc main-banner-img\" alt=\"gamblerina banner desktop\" fetchpriority=\"high\" decoding=\"async\"><img src=\"https:\/\/gamblerina.net\/wp-content\/uploads\/2026\/04\/gamblerina-banner-mobile.webp\" class=\"w-100 d-none d-md-block d-lg-none main-banner-img\" alt=\"gamblerina banner mobile\" fetchpriority=\"high\" decoding=\"async\"><img src=\"https:\/\/gamblerina.net\/wp-content\/uploads\/2026\/04\/gamblerina-banner-mobile.webp\" class=\"w-100 d-md-none\" alt=\"gamblerina banner mobile\" fetchpriority=\"high\" decoding=\"async\"><div class=\"banner-description\">\n<div class=\"banner-title\">Bonus de bienvenue<\/div>\n<p class=\"banner-header-title\">1500 \u20ac<\/p>\n<div class=\"banner-header-AdditionalText\">+ 250 Tours gratuits<\/div>\n<button data-item=\"homepage_banner_link\" class=\"goto m-button m-gradient-border m-button--primary m-button--large banner-button btn-orange\">\n            <div class=\"m-button-content\">\n                <span>Inscrivez-vous d\u00e8s maintenant<\/span>\n                <span><\/span>\n            <\/div>\n        <\/button>\n<\/div>\n<div class=\"WelcomePack\">\n<p><img loading=\"lazy\" decoding=\"async\" class=\"alignnone size-full wp-image-1387\" src=\"https:\/\/gamblerina.net\/wp-content\/uploads\/2026\/04\/welcome-crown.png\" alt=\"crown\" width=\"25\" height=\"26\" \/><\/p>\n<div class=\"WelcomePack-Info\">Cashback hebdomadaire jusqu&rsquo;\u00e0 25 %<\/div>\n<p><img loading=\"lazy\" decoding=\"async\" class=\"alignnone size-full wp-image-1387\" src=\"https:\/\/gamblerina.net\/wp-content\/uploads\/2026\/04\/welcome-crown.png\" alt=\"crown\" width=\"25\" height=\"26\" \/><\/p>\n<\/div>\n<\/div>\n<h2>Utilisation de Gamblerina sur mobile<\/h2>\n<p>Les chiffres montrent que pr\u00e8s de 80 % de nos utilisateurs pr\u00e9f\u00e8rent les appareils mobiles aux ordinateurs de bureau, du moins lorsqu&rsquo;il s&rsquo;agit de se rendre sur Gamble Rina. Il serait tr\u00e8s imprudent de notre part de ne pas en tenir compte lorsqu&rsquo;il s&rsquo;agit d&rsquo;une exp\u00e9rience de jeu. C&rsquo;est pourquoi les utilisateurs mobiles ont deux moyens principaux de nous rendre visite : via un navigateur ou une application d\u00e9di\u00e9e.<\/p>\n<p>Notre application n&rsquo;est pas diff\u00e9rente des autres applications que vous avez utilis\u00e9es, si ce n&rsquo;est qu&rsquo;elle ne prend pratiquement pas de place et fonctionne de mani\u00e8re fluide. En fait, elle est peut-\u00eatre diff\u00e9rente apr\u00e8s tout. Notre \u00e9quipe s&rsquo;est fix\u00e9 pour objectif de cr\u00e9er l&rsquo;exp\u00e9rience de casino mobile ultime, et pour cela, nous avons con\u00e7u une application aussi facile \u00e0 utiliser qu&rsquo;amusante.<\/p>\n<p>Le principal avantage de l&rsquo;application Gamblerina est sa commodit\u00e9. Nous l&rsquo;avons con\u00e7ue pour qu&rsquo;elle soit facile \u00e0 naviguer, quelle que soit la taille de l&rsquo;\u00e9cran. Toutes les fonctionnalit\u00e9s que vous utilisez le plus souvent se trouvent directement sur l&rsquo;\u00e9cran principal de Gamble Rina Casino, \u00e9pingl\u00e9es \u00e0 une barre d&rsquo;interface qui reste fixe pendant que vous faites d\u00e9filer notre collection de plus de 6 000 machines \u00e0 sous en ligne, jeux de table et jeux de casino en direct.<\/p>\n<p><div class=\"scrollable-content-wrap my-5\"><div class=\"scrollable-content-inner\"><h2>Application Gamblerina pour Android<\/h2>\n<p>Tous les joueurs Android de Gamblerina peuvent profiter de l&rsquo;application que nous vous avons d\u00e9crite en d\u00e9tail jusqu&rsquo;\u00e0 pr\u00e9sent. Et nul besoin de la rechercher sur le Play Store ni m\u00eame de vous connecter \u00e0 votre compte Google Play. Elle est disponible gratuitement sur notre site web. En quelques clics, l&rsquo;ic\u00f4ne de Gamble Rina Casino s&rsquo;affiche sur votre \u00e9cran d&rsquo;accueil.<\/p>\n<h3>Avantages de l&rsquo;application PWA Gamblerina<\/h3>\n<p>L&rsquo;application que nous avons d\u00e9velopp\u00e9e est une PWA (Progressive Web Application). Si ce terme ne vous dit pas grand-chose, il s&rsquo;agit d&rsquo;une application qui fonctionne dans un navigateur mais offre une exp\u00e9rience similaire \u00e0 celle d&rsquo;une application classique, avec toutes ses fonctionnalit\u00e9s. Voici comment l&rsquo;application Gamblerina se compare \u00e0 un logiciel classique.<\/p>\n<table>\n<tbody>\n<tr>\n<td>Caract\u00e9ristique<\/td>\n<td>PWA<\/td>\n<td>Application classique<\/td>\n<\/tr>\n<tr>\n<td>M\u00e9thode de t\u00e9l\u00e9chargement<\/td>\n<td>Via un navigateur.<\/td>\n<td>Via une boutique d&rsquo;applications d\u00e9di\u00e9e (App Store, Google Play Store).<\/td>\n<\/tr>\n<tr>\n<td>Vitesse de t\u00e9l\u00e9chargement<\/td>\n<td>Instantan\u00e9e, car aucun fichier n&rsquo;est t\u00e9l\u00e9charg\u00e9 directement sur votre appareil.<\/td>\n<td>D\u00e9pend de la taille de l&rsquo;application et de votre d\u00e9bit Internet (pas instantan\u00e9)<\/td>\n<\/tr>\n<tr>\n<td>Acc\u00e8s \u00e0 d&rsquo;autres fonctionnalit\u00e9s (appareil photo, localisation)<\/td>\n<td>N&rsquo;a pas besoin d&rsquo;acc\u00e9der \u00e0 vos autres applications ni ne vous le demande<\/td>\n<td>Demande l&rsquo;acc\u00e8s \u00e0 d&rsquo;autres applications et fonctionnalit\u00e9s de votre appareil, parfois \u00e0 celles dont elle n&rsquo;est pas cens\u00e9e avoir besoin.<\/td>\n<\/tr>\n<tr>\n<td>Espace de stockage<\/td>\n<td>Ce n&rsquo;est pas une application compl\u00e8te, elle est donc tr\u00e8s l\u00e9g\u00e8re<\/td>\n<td>Prend plus d&rsquo;espace de stockage<\/td>\n<\/tr>\n<tr>\n<td>Mises \u00e0 jour<\/td>\n<td>Mise \u00e0 jour instantan\u00e9e d\u00e8s que vous cliquez sur l&rsquo;ic\u00f4ne<\/td>\n<td>N\u00e9cessite des mises \u00e0 jour r\u00e9guli\u00e8res<\/td>\n<\/tr>\n<tr>\n<td>Notifications<\/td>\n<td>Disponibles selon votre navigateur<\/td>\n<td>Toujours disponibles<\/td>\n<\/tr>\n<\/tbody>\n<\/table>\n<p>Vous n&rsquo;avez pas besoin de cr\u00e9er un compte distinct pour notre application Gamble Rina. En effet, cela irait \u00e0 l&rsquo;encontre de notre politique \u00ab un compte par personne \u00bb. Si vous t\u00e9l\u00e9chargez notre application alors que vous \u00eates connect\u00e9, celle-ci se synchronisera automatiquement avec votre compte et vous disposerez imm\u00e9diatement de toutes vos donn\u00e9es.<\/p>\n<p>Si vous t\u00e9l\u00e9chargez l&rsquo;application avant de cr\u00e9er un compte, vous devrez vous inscrire de la m\u00eame mani\u00e8re que sur la version navigateur de Gamblerina Casino. La proc\u00e9dure est identique : il vous suffit d&rsquo;entrer votre adresse e-mail, de cr\u00e9er un mot de passe fort, d&rsquo;indiquer votre nom et votre num\u00e9ro de t\u00e9l\u00e9phone \u2014 et vous \u00eates pr\u00eat \u00e0 jouer.<\/p>\n<p>Vous pouvez \u00e9galement retirer vos gains via l&rsquo;application Gamblerina. Comme pour la version navigateur, vous devez d&rsquo;abord effectuer la proc\u00e9dure de v\u00e9rification pour que les retraits soient disponibles sur votre compte. Si vous l&rsquo;avez d\u00e9j\u00e0 effectu\u00e9e, vous n&rsquo;aurez pas besoin de la refaire.<\/p>\n<h3>Remarque concernant l&rsquo;APK Gamblerina<\/h3>\n<p>Les utilisateurs d&rsquo;Android peuvent t\u00e9l\u00e9charger des fichiers APK pour installer des logiciels. Nous vous d\u00e9conseillons d&rsquo;installer tout fichier APK Gamblerina que vous pourriez trouver en surfant sur Internet. Ces fichiers sont probablement des logiciels malveillants susceptibles de voler vos donn\u00e9es ou de rendre votre appareil inutilisable. Contactez-nous via le chat en direct si vous avez des doutes quant \u00e0 l&rsquo;authenticit\u00e9 d&rsquo;un fichier.<\/p>\n<p><img loading=\"lazy\" decoding=\"async\" src=\"https:\/\/gamblerina.net\/wp-content\/uploads\/2026\/04\/Gamblerina-Android-App.webp\" alt=\"Gamblerina Android App\" width=\"1248\" height=\"536\" \/><\/p>\n<\/div><\/div><div style=\"clear: both\"><\/div><div class=\"d-flex justify-content-center\"><button data-item=\"decouvrez_link\" data-group=\"website_links\" class=\"goto fw-bold rounded-pill btn btn-orange\" aria-label=\"T\u00e9l\u00e9chargez l&#039;application Gamblerina\" >T\u00e9l\u00e9chargez l&#039;application Gamblerina<\/button><\/div><div class=\"scrollable-content-wrap my-5\"><div class=\"scrollable-content-inner\"><h2>Application Gamblerina pour iOS<\/h2>\n<p>Bien entendu, les utilisateurs d&rsquo;iPhone et d&rsquo;iPad peuvent \u00e9galement profiter des avantages de l&rsquo;application Gamblerina. Le processus d&rsquo;installation est identique : vous n&rsquo;avez pas besoin de parcourir l&rsquo;App Store pour nous trouver. Le moyen le plus rapide et le plus s\u00fbr est de vous rendre directement sur le site de Gamblerina Casino et de suivre les \u00e9tapes suivantes :<\/p>\n<ol>\n<li>Ouvrez le casino Gamblerina via le navigateur Safari.<\/li>\n<li>Appuyez sur le bouton Partager.<\/li>\n<li>S\u00e9lectionnez \u00ab Ajouter \u00e0 l&rsquo;\u00e9cran d&rsquo;accueil \u00bb.<\/li>\n<li>Confirmez en cliquant sur \u00ab Ajouter \u00bb.<\/li>\n<\/ol>\n<p>Et voil\u00e0, Gamblerina Casino n&rsquo;est plus qu&rsquo;\u00e0 un clic de vous. Vous pouvez \u00e9galement cliquer sur la banni\u00e8re de notre application Casino, qui vous redirigera vers une page d&rsquo;installation. Si vous pr\u00e9f\u00e9rez tout de m\u00eame acc\u00e9der \u00e0 Gamblerina via un navigateur, vous pouvez nous ajouter \u00e0 vos onglets ou \u00e0 vos favoris. Si vous avez des questions concernant l&rsquo;une de ces \u00e9tapes, notre \u00e9quipe d&rsquo;assistance est toujours l\u00e0 pour vous aider.<\/p>\n<p><img loading=\"lazy\" decoding=\"async\" src=\"https:\/\/gamblerina.net\/wp-content\/uploads\/2026\/04\/Gamblerina-iOS-App.webp\" alt=\"Gamblerina iOS App\" width=\"1248\" height=\"536\" \/><\/p>\n<\/div><\/div><div style=\"clear: both\"><\/div><div class=\"d-flex justify-content-center\"><button data-item=\"decouvrez_link\" data-group=\"website_links\" class=\"goto fw-bold rounded-pill btn btn-orange\" aria-label=\"T\u00e9l\u00e9charger Gamblerina\" >T\u00e9l\u00e9charger Gamblerina<\/button><\/div><div class=\"scrollable-content-wrap my-5\"><div class=\"scrollable-content-inner\"><h2>Application de bureau pour Windows et macOS<\/h2>\n<p>Si vous pr\u00e9f\u00e9rez toujours jouer sur Gamblerina Casino depuis votre ordinateur, vous pouvez tout de m\u00eame installer une application. Tout le monde a acc\u00e8s \u00e0 une application, quel que soit l&rsquo;appareil choisi. Vous pouvez \u00e9pingler l&rsquo;onglet ou ajouter la page de notre casino \u00e0 vos favoris, mais l&rsquo;application est tout simplement bien meilleure.<\/p>\n<p>O\u00f9 que vous soyez sur Gamble Rina, vous n&rsquo;\u00eates jamais \u00e0 plus de deux clics de notre application. Vous trouverez une ic\u00f4ne de t\u00e9l\u00e9chargement dans la barre d&rsquo;adresse et un bouton \u00ab Application du casino \u00bb dans notre menu coulissant. Cela fonctionne aussi bien sous Windows que sous macOS, vous n&rsquo;avez donc m\u00eame pas besoin d&rsquo;ouvrir le Microsoft Store ou tout autre site o\u00f9 vous vous procurez habituellement vos logiciels.<\/p>\n<p><img loading=\"lazy\" decoding=\"async\" src=\"https:\/\/gamblerina.net\/wp-content\/uploads\/2026\/04\/Gamblerina-Desktop.webp\" alt=\"Gamblerina Desktop\" width=\"1248\" height=\"536\" \/><\/p>\n<\/div><\/div><div style=\"clear: both\"><\/div><div class=\"d-flex justify-content-center\"><button data-item=\"decouvrez_link\" data-group=\"website_links\" class=\"goto fw-bold rounded-pill btn btn-orange\" aria-label=\"T\u00e9l\u00e9chargez l&#039;application Gamblerina\" >T\u00e9l\u00e9chargez l&#039;application Gamblerina<\/button><\/div><div class=\"scrollable-content-wrap my-5\"><div class=\"scrollable-content-inner\"><h2>FAQ<\/h2>\n<h3>Faut-il cr\u00e9er un compte pour utiliser l&rsquo;application Gamblerina ?<\/h3>\n<p>Vous pouvez t\u00e9l\u00e9charger notre application d\u00e8s votre arriv\u00e9e sur notre site web. Vous n&rsquo;avez pas besoin d&rsquo;un compte pour utiliser notre logiciel, mais vous en avez besoin pour commencer \u00e0 jouer.<\/p>\n<h3>L&rsquo;application Gamblerina Casino propose-t-elle un service client ?<\/h3>\n<p>Notre application dispose des m\u00eames fonctionnalit\u00e9s que notre site web ; vous pouvez donc contacter notre \u00e9quipe d&rsquo;assistance via le chat en direct ou par e-mail lorsque vous l&rsquo;utilisez.<\/p>\n<h3>Puis-je me connecter \u00e0 l&rsquo;application Gamblerina \u00e0 l&rsquo;aide de l&rsquo;authentification biom\u00e9trique ?<\/h3>\n<p>Si votre appareil prend en charge l&rsquo;authentification biom\u00e9trique et que cette fonction est activ\u00e9e, alors oui. C&rsquo;est un excellent moyen d&rsquo;assurer la s\u00e9curit\u00e9 de votre compte, et nous conseillons \u00e0 tous nos clients de l&rsquo;activer.<\/p>\n<\/div><\/div><\/p>\n","protected":false},"excerpt":{"rendered":"<p>Acc\u00e8s mobile \u00e0 Gamblerina Tout le monde semble avoir des applications de nos jours, et il y a une bonne raison \u00e0 cela. Les appareils mobiles sont plus r\u00e9pandus que les ordinateurs de bureau, et nous voulons \u00eatre accessibles \u00e0 tous ceux qui souhaitent nous joindre. C&rsquo;est pourquoi nous vous pr\u00e9sentons notre Gamblerina App, un [&hellip;]<\/p>\n","protected":false},"author":20,"featured_media":0,"parent":0,"menu_order":0,"comment_status":"closed","ping_status":"closed","template":"template-builder.php","meta":{"_acf_changed":false,"inline_featured_image":false,"footnotes":""},"class_list":["post-1520","page","type-page","status-publish","hentry"],"acf":[],"yoast_head":"<!-- This site is optimized with the Yoast SEO plugin v27.3 - https:\/\/yoast.com\/product\/yoast-seo-wordpress\/ -->\n<title>T\u00e9l\u00e9charger Gamblerina app | iOS et Android<\/title>\n<meta name=\"description\" content=\"L&#039;application Gamblerina garantit une exp\u00e9rience de jeu fluide sur les plateformes Android, iOS, Windows et macOS, avec synchronisation des comptes, mises \u00e0 jour r\u00e9guli\u00e8res et assistance client int\u00e9gr\u00e9e pour une utilisation simplifi\u00e9e.\" \/>\n<meta name=\"robots\" content=\"index, follow, max-snippet:-1, max-image-preview:large, max-video-preview:-1\" \/>\n<link rel=\"canonical\" href=\"https:\/\/gamblerina.net\/fr\/app\/\" \/>\n<meta property=\"og:locale\" content=\"fr_FR\" \/>\n<meta property=\"og:type\" content=\"article\" \/>\n<meta property=\"og:title\" content=\"T\u00e9l\u00e9charger Gamblerina app | iOS et Android\" \/>\n<meta property=\"og:description\" content=\"L&#039;application Gamblerina garantit une exp\u00e9rience de jeu fluide sur les plateformes Android, iOS, Windows et macOS, avec synchronisation des comptes, mises \u00e0 jour r\u00e9guli\u00e8res et assistance client int\u00e9gr\u00e9e pour une utilisation simplifi\u00e9e.\" \/>\n<meta property=\"og:url\" content=\"https:\/\/gamblerina.net\/fr\/app\/\" \/>\n<meta property=\"og:site_name\" content=\"gamblerina\" \/>\n<meta property=\"article:modified_time\" content=\"2026-05-04T06:38:49+00:00\" \/>\n<meta name=\"twitter:card\" content=\"summary_large_image\" \/>\n<meta name=\"twitter:label1\" content=\"Dur\u00e9e de lecture estim\u00e9e\" \/>\n\t<meta name=\"twitter:data1\" content=\"2 minutes\" \/>\n<script type=\"application\/ld+json\" class=\"yoast-schema-graph\">{\"@context\":\"https:\\\/\\\/schema.org\",\"@graph\":[{\"@type\":\"WebPage\",\"@id\":\"https:\\\/\\\/gamblerina.net\\\/fr\\\/app\\\/\",\"url\":\"https:\\\/\\\/gamblerina.net\\\/fr\\\/app\\\/\",\"name\":\"T\u00e9l\u00e9charger Gamblerina app | iOS et Android\",\"isPartOf\":{\"@id\":\"https:\\\/\\\/gamblerina.net\\\/fr\\\/#website\"},\"datePublished\":\"2026-04-30T13:09:02+00:00\",\"dateModified\":\"2026-05-04T06:38:49+00:00\",\"description\":\"L'application Gamblerina garantit une exp\u00e9rience de jeu fluide sur les plateformes Android, iOS, Windows et macOS, avec synchronisation des comptes, mises \u00e0 jour r\u00e9guli\u00e8res et assistance client int\u00e9gr\u00e9e pour une utilisation simplifi\u00e9e.\",\"breadcrumb\":{\"@id\":\"https:\\\/\\\/gamblerina.net\\\/fr\\\/app\\\/#breadcrumb\"},\"inLanguage\":\"fr-FR\",\"potentialAction\":[{\"@type\":\"ReadAction\",\"target\":[\"https:\\\/\\\/gamblerina.net\\\/fr\\\/app\\\/\"]}]},{\"@type\":\"BreadcrumbList\",\"@id\":\"https:\\\/\\\/gamblerina.net\\\/fr\\\/app\\\/#breadcrumb\",\"itemListElement\":[{\"@type\":\"ListItem\",\"position\":1,\"name\":\"Gamblerina\",\"item\":\"https:\\\/\\\/gamblerina.net\\\/fr\\\/\"},{\"@type\":\"ListItem\",\"position\":2,\"name\":\"App\"}]},{\"@type\":\"WebSite\",\"@id\":\"https:\\\/\\\/gamblerina.net\\\/fr\\\/#website\",\"url\":\"https:\\\/\\\/gamblerina.net\\\/fr\\\/\",\"name\":\"Gamblerina\",\"description\":\"\",\"publisher\":{\"@id\":\"https:\\\/\\\/gamblerina.net\\\/fr\\\/#organization\"},\"potentialAction\":[{\"@type\":\"SearchAction\",\"target\":{\"@type\":\"EntryPoint\",\"urlTemplate\":\"https:\\\/\\\/gamblerina.net\\\/fr\\\/?s={search_term_string}\"},\"query-input\":{\"@type\":\"PropertyValueSpecification\",\"valueRequired\":true,\"valueName\":\"search_term_string\"}}],\"inLanguage\":\"fr-FR\"},{\"@type\":\"Organization\",\"@id\":\"https:\\\/\\\/gamblerina.net\\\/fr\\\/#organization\",\"name\":\"Gamblerina\",\"url\":\"https:\\\/\\\/gamblerina.net\\\/fr\\\/\",\"logo\":{\"@type\":\"ImageObject\",\"inLanguage\":\"fr-FR\",\"@id\":\"https:\\\/\\\/gamblerina.net\\\/fr\\\/#\\\/schema\\\/logo\\\/image\\\/\",\"url\":\"https:\\\/\\\/gamblerina.net\\\/wp-content\\\/uploads\\\/2026\\\/04\\\/Gamblerina-logo.png\",\"contentUrl\":\"https:\\\/\\\/gamblerina.net\\\/wp-content\\\/uploads\\\/2026\\\/04\\\/Gamblerina-logo.png\",\"width\":196,\"height\":40,\"caption\":\"Gamblerina\"},\"image\":{\"@id\":\"https:\\\/\\\/gamblerina.net\\\/fr\\\/#\\\/schema\\\/logo\\\/image\\\/\"}}]}<\/script>\n<!-- \/ Yoast SEO plugin. -->","yoast_head_json":{"title":"T\u00e9l\u00e9charger Gamblerina app | iOS et Android","description":"L'application Gamblerina garantit une exp\u00e9rience de jeu fluide sur les plateformes Android, iOS, Windows et macOS, avec synchronisation des comptes, mises \u00e0 jour r\u00e9guli\u00e8res et assistance client int\u00e9gr\u00e9e pour une utilisation simplifi\u00e9e.","robots":{"index":"index","follow":"follow","max-snippet":"max-snippet:-1","max-image-preview":"max-image-preview:large","max-video-preview":"max-video-preview:-1"},"canonical":"https:\/\/gamblerina.net\/fr\/app\/","og_locale":"fr_FR","og_type":"article","og_title":"T\u00e9l\u00e9charger Gamblerina app | iOS et Android","og_description":"L'application Gamblerina garantit une exp\u00e9rience de jeu fluide sur les plateformes Android, iOS, Windows et macOS, avec synchronisation des comptes, mises \u00e0 jour r\u00e9guli\u00e8res et assistance client int\u00e9gr\u00e9e pour une utilisation simplifi\u00e9e.","og_url":"https:\/\/gamblerina.net\/fr\/app\/","og_site_name":"gamblerina","article_modified_time":"2026-05-04T06:38:49+00:00","twitter_card":"summary_large_image","twitter_misc":{"Dur\u00e9e de lecture estim\u00e9e":"2 minutes"},"schema":{"@context":"https:\/\/schema.org","@graph":[{"@type":"WebPage","@id":"https:\/\/gamblerina.net\/fr\/app\/","url":"https:\/\/gamblerina.net\/fr\/app\/","name":"T\u00e9l\u00e9charger Gamblerina app | iOS et Android","isPartOf":{"@id":"https:\/\/gamblerina.net\/fr\/#website"},"datePublished":"2026-04-30T13:09:02+00:00","dateModified":"2026-05-04T06:38:49+00:00","description":"L'application Gamblerina garantit une exp\u00e9rience de jeu fluide sur les plateformes Android, iOS, Windows et macOS, avec synchronisation des comptes, mises \u00e0 jour r\u00e9guli\u00e8res et assistance client int\u00e9gr\u00e9e pour une utilisation simplifi\u00e9e.","breadcrumb":{"@id":"https:\/\/gamblerina.net\/fr\/app\/#breadcrumb"},"inLanguage":"fr-FR","potentialAction":[{"@type":"ReadAction","target":["https:\/\/gamblerina.net\/fr\/app\/"]}]},{"@type":"BreadcrumbList","@id":"https:\/\/gamblerina.net\/fr\/app\/#breadcrumb","itemListElement":[{"@type":"ListItem","position":1,"name":"Gamblerina","item":"https:\/\/gamblerina.net\/fr\/"},{"@type":"ListItem","position":2,"name":"App"}]},{"@type":"WebSite","@id":"https:\/\/gamblerina.net\/fr\/#website","url":"https:\/\/gamblerina.net\/fr\/","name":"Gamblerina","description":"","publisher":{"@id":"https:\/\/gamblerina.net\/fr\/#organization"},"potentialAction":[{"@type":"SearchAction","target":{"@type":"EntryPoint","urlTemplate":"https:\/\/gamblerina.net\/fr\/?s={search_term_string}"},"query-input":{"@type":"PropertyValueSpecification","valueRequired":true,"valueName":"search_term_string"}}],"inLanguage":"fr-FR"},{"@type":"Organization","@id":"https:\/\/gamblerina.net\/fr\/#organization","name":"Gamblerina","url":"https:\/\/gamblerina.net\/fr\/","logo":{"@type":"ImageObject","inLanguage":"fr-FR","@id":"https:\/\/gamblerina.net\/fr\/#\/schema\/logo\/image\/","url":"https:\/\/gamblerina.net\/wp-content\/uploads\/2026\/04\/Gamblerina-logo.png","contentUrl":"https:\/\/gamblerina.net\/wp-content\/uploads\/2026\/04\/Gamblerina-logo.png","width":196,"height":40,"caption":"Gamblerina"},"image":{"@id":"https:\/\/gamblerina.net\/fr\/#\/schema\/logo\/image\/"}}]}},"_links":{"self":[{"href":"https:\/\/gamblerina.net\/fr\/wp-json\/wp\/v2\/pages\/1520","targetHints":{"allow":["GET"]}}],"collection":[{"href":"https:\/\/gamblerina.net\/fr\/wp-json\/wp\/v2\/pages"}],"about":[{"href":"https:\/\/gamblerina.net\/fr\/wp-json\/wp\/v2\/types\/page"}],"author":[{"embeddable":true,"href":"https:\/\/gamblerina.net\/fr\/wp-json\/wp\/v2\/users\/20"}],"replies":[{"embeddable":true,"href":"https:\/\/gamblerina.net\/fr\/wp-json\/wp\/v2\/comments?post=1520"}],"version-history":[{"count":2,"href":"https:\/\/gamblerina.net\/fr\/wp-json\/wp\/v2\/pages\/1520\/revisions"}],"predecessor-version":[{"id":1662,"href":"https:\/\/gamblerina.net\/fr\/wp-json\/wp\/v2\/pages\/1520\/revisions\/1662"}],"wp:attachment":[{"href":"https:\/\/gamblerina.net\/fr\/wp-json\/wp\/v2\/media?parent=1520"}],"curies":[{"name":"wp","href":"https:\/\/api.w.org\/{rel}","templated":true}]}}