{"id":1561,"date":"2026-04-30T14:13:37","date_gmt":"2026-04-30T13:13:37","guid":{"rendered":"https:\/\/gamblerina.net\/login-and-registration\/"},"modified":"2026-05-04T07:40:21","modified_gmt":"2026-05-04T06:40:21","slug":"connexion-et-inscription","status":"publish","type":"page","link":"https:\/\/gamblerina.net\/fr\/connexion-et-inscription\/","title":{"rendered":"Connexion et inscription"},"content":{"rendered":"<h1>Acc\u00e8s au compte Gamblerina et inscription<\/h1>\n<p>Sans compte, visiter Gamblerina Casino peut s&rsquo;apparenter \u00e0 du l\u00e8che-vitrine : des centaines d&rsquo;articles expos\u00e9s, mais aucun que vous ne pouvez vous procurer. Cet obstacle est toutefois facile \u00e0 surmonter. Une fois que vous avez cliqu\u00e9 sur le bouton \u00ab Gamblerina Login \u00bb, toutes les barri\u00e8res tombent pour vous offrir un acc\u00e8s illimit\u00e9 \u00e0 tous nos jeux et fonctionnalit\u00e9s.<\/p>\n<p><div class=\"banner-wrap\" aria-label=\"Banner\"><img src=\"https:\/\/gamblerina.net\/wp-content\/uploads\/2026\/04\/Gamblerina-banner-carousel-800\u0445400.webp\" class=\"w-100 d-none d-lg-block img-pc main-banner-img\" alt=\"gamblerina banner desktop\" fetchpriority=\"high\" decoding=\"async\"><img src=\"https:\/\/gamblerina.net\/wp-content\/uploads\/2026\/04\/gamblerina-banner-mobile.webp\" class=\"w-100 d-none d-md-block d-lg-none main-banner-img\" alt=\"gamblerina banner mobile\" fetchpriority=\"high\" decoding=\"async\"><img src=\"https:\/\/gamblerina.net\/wp-content\/uploads\/2026\/04\/gamblerina-banner-mobile.webp\" class=\"w-100 d-md-none\" alt=\"gamblerina banner mobile\" fetchpriority=\"high\" decoding=\"async\"><div class=\"banner-description\">\n<div class=\"banner-title\">Bonus de bienvenue<\/div>\n<p class=\"banner-header-title\">1500 \u20ac<\/p>\n<div class=\"banner-header-AdditionalText\">+ 250 Tours gratuits<\/div>\n<button data-item=\"homepage_banner_link\" class=\"goto m-button m-gradient-border m-button--primary m-button--large banner-button btn-orange\">\n            <div class=\"m-button-content\">\n                <span>Inscrivez-vous d\u00e8s maintenant<\/span>\n                <span><\/span>\n            <\/div>\n        <\/button>\n<\/div>\n<div class=\"WelcomePack\">\n<p><img loading=\"lazy\" decoding=\"async\" class=\"alignnone size-full wp-image-1387\" src=\"https:\/\/gamblerina.net\/wp-content\/uploads\/2026\/04\/welcome-crown.png\" alt=\"crown\" width=\"25\" height=\"26\" \/><\/p>\n<div class=\"WelcomePack-Info\">Cashback hebdomadaire jusqu&rsquo;\u00e0 25 %<\/div>\n<p><img loading=\"lazy\" decoding=\"async\" class=\"alignnone size-full wp-image-1387\" src=\"https:\/\/gamblerina.net\/wp-content\/uploads\/2026\/04\/welcome-crown.png\" alt=\"crown\" width=\"25\" height=\"26\" \/><\/p>\n<\/div>\n<\/div><div class=\"scrollable-content-wrap my-5\"><div class=\"scrollable-content-inner\"><h2>Cr\u00e9ation d&rsquo;un compte Gamblerina<\/h2>\n<p>Tant qu&rsquo;ils ne sont pas inscrits, les utilisateurs ne peuvent jouer qu&rsquo;aux versions d\u00e9mo de nos machines \u00e0 sous en ligne. Nous doutons que ce soit tout ce que vous souhaitiez faire, m\u00eame si elles sont plut\u00f4t amusantes. Avec un compte Gamblerina, vous pouvez plonger au c\u0153ur du monde des casinos en ligne. La bonne nouvelle, c&rsquo;est qu&rsquo;il n&rsquo;y a pas d&rsquo;attente : nous ne distribuons pas de comptes par tirage au sort, c&rsquo;est vous qui les cr\u00e9ez.<\/p>\n<h3>Cr\u00e9ez votre compte<\/h3>\n<p>La cr\u00e9ation de votre compte est la premi\u00e8re chose que Gamblerina vous propose, et vous pourrez r\u00e9clamer notre bonus de bienvenue une fois que vous aurez termin\u00e9. La proc\u00e9dure est on ne peut plus simple : nous avons fait des recherches, et il n&rsquo;y a litt\u00e9ralement aucun moyen de la simplifier davantage. Il vous suffit de suivre ces \u00e9tapes, et tout devrait bien se passer :<\/p>\n<ol>\n<li>Cliquez sur le bouton \u00ab S&rsquo;inscrire \u00bb dans le coin sup\u00e9rieur droit de votre \u00e9cran.<\/li>\n<li>Saisissez votre adresse e-mail.<\/li>\n<li>Cr\u00e9ez un mot de passe ou laissez votre navigateur le faire pour vous (mais m\u00e9morisez-le au cas o\u00f9).<\/li>\n<li>Indiquez si vous souhaitez recevoir notre newsletter contenant les derni\u00e8res actualit\u00e9s et offres.<\/li>\n<li>Confirmez que vous avez au moins 18 ans et que vous acceptez nos Conditions g\u00e9n\u00e9rales et notre Politique de confidentialit\u00e9.<\/li>\n<\/ol>\n<p>Il ne faut pas sous-estimer l&rsquo;importance de cette derni\u00e8re \u00e9tape. Si vous n&rsquo;avez pas encore atteint l&rsquo;\u00e2ge de la majorit\u00e9, nous le d\u00e9couvrirons lors du processus de v\u00e9rification. De m\u00eame, si vous n&rsquo;acceptez pas nos politiques et conditions, nous ne pourrons pas vous fournir nos services.<\/p>\n<p>Une fois toutes ces \u00e9tapes franchies, le formulaire complet de Gamblerina Casino est \u00e0 port\u00e9e de main. Il ne nous manque plus que votre pr\u00e9nom, votre nom, votre date de naissance et votre num\u00e9ro de t\u00e9l\u00e9phone. C&rsquo;est tout. Vous avez cr\u00e9\u00e9 votre compte et pouvez enfin profiter de tous les jeux que nous proposons. D\u00e9sormais, il vous suffira de cliquer sur le bouton de connexion Gamblerina lorsque vous visiterez notre site.<\/p>\n<p><img loading=\"lazy\" decoding=\"async\" src=\"https:\/\/gamblerina.net\/wp-content\/uploads\/2026\/04\/Gamblerina-Login.webp\" alt=\"Gamblerina Login\" width=\"1248\" height=\"536\" \/><\/p>\n<h2>Utilisation d&rsquo;un compte Gamblerina<\/h2>\n<p>Votre compte est le moyen par lequel vous interagissez avec notre casino. Il contient toutes les informations relatives \u00e0 vos activit\u00e9s sur Gamblerina Casino, ainsi que toutes les informations que vous avez fournies.<\/p>\n<h3>Connexion \u00e0 Gamblerina<\/h3>\n<p>Notre site web m\u00e9morisera vos identifiants de connexion Gamblerina tant que vous ne vous d\u00e9connecterez pas. Dans ce cas, vous devrez suivre une proc\u00e9dure de connexion en une ou deux \u00e9tapes :<\/p>\n<ol>\n<li>Saisissez l&rsquo;adresse e-mail et le mot de passe que vous avez utilis\u00e9s lors de votre inscription.<\/li>\n<li>(Si vous avez activ\u00e9 l&rsquo;authentification \u00e0 deux facteurs) Saisissez le code provenant de votre application Google Authenticator synchronis\u00e9e.<\/li>\n<\/ol>\n<p>Il en va de m\u00eame pour les autres appareils : chaque fois que vous souhaitez utiliser un nouvel appareil ou un nouvel ordinateur, vous devez recommencer la proc\u00e9dure de connexion \u00e0 Gamblerina.<\/p>\n<h3>Gestion du compte<\/h3>\n<p>Passons maintenant en revue tous les onglets de la page de votre compte Gamblerina :<\/p>\n<ul>\n<li>Profil. Contient vos informations personnelles (coordonn\u00e9es, e-mail, num\u00e9ro de t\u00e9l\u00e9phone et adresse), votre niveau de fid\u00e9lit\u00e9, les param\u00e8tres des promotions et le bouton pour activer le mode cach\u00e9. Vous pouvez \u00e9galement acc\u00e9der \u00e0 l&rsquo;onglet \u00ab Autocontr\u00f4le \u00bb pour d\u00e9finir des restrictions si le jeu commence \u00e0 vous sembler envahissant.<\/li>\n<li>Historique. Contient des informations sur toutes les actions qui se sont produites au cours d&rsquo;une p\u00e9riode donn\u00e9e. Cela inclut les transactions, les bonus re\u00e7us et d\u00e9pens\u00e9s, ainsi que l&rsquo;historique des jeux et des paris. Si vous souhaitez revivre vos moments pr\u00e9f\u00e9r\u00e9s ou v\u00e9rifier le montant d&rsquo;un bonus, c&rsquo;est ici qu&rsquo;il faut aller. Vous pouvez \u00e9galement contacter notre \u00e9quipe d&rsquo;assistance.<\/li>\n<li>Portefeuille. Affiche votre solde actuel et vos limites de retrait, et vous permet de demander un retrait et d&rsquo;effectuer un d\u00e9p\u00f4t. La devise par d\u00e9faut est l&rsquo;euro (\u20ac), mais vous pouvez ajouter une nouvelle devise \u00e0 partir de la liste.<\/li>\n<li>Inviter des amis. Contient des informations sur notre programme de parrainage et votre progression dans celui-ci. Vous pouvez y voir combien d&rsquo;amis se sont inscrits via votre lien et combien vous avez gagn\u00e9 en faisant conna\u00eetre Gamble Rina Casino. Le lien de parrainage se trouve \u00e9galement ici.<\/li>\n<\/ul>\n<h3>V\u00e9rification et s\u00e9curit\u00e9 du compte Gamblerina<\/h3>\n<p>La s\u00e9curit\u00e9 de votre compte est dans l&rsquo;int\u00e9r\u00eat de tous. Si la majeure partie du travail de mise en \u0153uvre nous incombe, une partie de cette responsabilit\u00e9 vous revient \u00e9galement. Cela va au-del\u00e0 de mesures telles que la cr\u00e9ation d&rsquo;un mot de passe fort et l&rsquo;activation de l&rsquo;authentification \u00e0 deux facteurs. Chez Gamblerina Casino, nous voulons nous assurer qu&rsquo;il est s\u00fbr et l\u00e9gal pour nous de faire affaire avec vous.<\/p>\n<p>C&rsquo;est \u00e0 cela que sert le processus de v\u00e9rification. Dans le cadre de ce processus, vous devrez confirmer, non pas par des mots mais par des documents, que vous avez l&rsquo;\u00e2ge l\u00e9gal et que la personne figurant sur les documents est bien la m\u00eame que celle que vous \u00eates dans la vie r\u00e9elle.<\/p>\n<table>\n<tbody>\n<tr>\n<td>Document<\/td>\n<td>Objectif<\/td>\n<td>Description<\/td>\n<\/tr>\n<tr>\n<td>Pi\u00e8ce d&rsquo;identit\u00e9<\/td>\n<td>Confirmer votre identit\u00e9<\/td>\n<td>T\u00e9l\u00e9chargez une photo de votre passeport, de votre carte d&rsquo;identit\u00e9 ou de votre permis de conduire.<\/td>\n<\/tr>\n<tr>\n<td>Justificatif de domicile<\/td>\n<td>V\u00e9rifiez votre adresse<\/td>\n<td>Fournissez une facture d&rsquo;\u00e9lectricit\u00e9, un relev\u00e9 bancaire ou tout autre document indiquant votre adresse.<\/td>\n<\/tr>\n<tr>\n<td>Selfie<\/td>\n<td>V\u00e9rifiez que c&rsquo;est bien vous et non quelqu&rsquo;un d&rsquo;autre<\/td>\n<td>Prenez un selfie pour confirmer que le visage correspond \u00e0 celui de la pi\u00e8ce d&rsquo;identit\u00e9.<\/td>\n<\/tr>\n<tr>\n<td>Justificatif de moyen de paiement<\/td>\n<td>V\u00e9rifiez que vous \u00eates bien le titulaire du moyen de paiement<\/td>\n<td>T\u00e9l\u00e9chargez une photo de votre carte ou une capture d&rsquo;\u00e9cran de votre portefeuille \u00e9lectronique\/compte bancaire.<\/td>\n<\/tr>\n<\/tbody>\n<\/table>\n<p>Si vous avez besoin d&rsquo;\u00e9claircissements sur une \u00e9tape ou sur la proc\u00e9dure de connexion \u00e0 Gamblerina, notre \u00e9quipe d&rsquo;assistance multilingue est toujours pr\u00eate \u00e0 vous aider. Vous pouvez nous contacter via le chat en direct ou par e-mail. Si vous \u00eates press\u00e9, le chat est plus pratique. Si vous avez une demande complexe, l&rsquo;e-mail vous permet de la d\u00e9crire en d\u00e9tail, en prenant tout le temps n\u00e9cessaire.<\/p>\n<p>De notre c\u00f4t\u00e9, Gamblerina met en \u0153uvre tous les outils modernes pour garantir la s\u00e9curit\u00e9 de vos donn\u00e9es : TLS 1.3 et cryptage AES 256 bits, pare-feu d&rsquo;applications web, m\u00e9thodes d&rsquo;\u00e9change de cl\u00e9s s\u00e9curis\u00e9es, notamment ECDH et RSA-2048, et la liste est encore longue. Gamblerina Casino d\u00e9tient une licence d\u00e9livr\u00e9e par la Cura\u00e7ao Gaming Control Board, qui nous oblige \u00e0 maintenir le plus haut niveau de s\u00e9curit\u00e9.<\/p>\n<h3>Mot de passe oubli\u00e9 ?<\/h3>\n<p>Cela arrive m\u00eame aux meilleurs d&rsquo;entre nous. Si vous oubliez votre mot de passe, deux options s&rsquo;offrent \u00e0 vous : nous contacter via le chat en direct ou r\u00e9initialiser le mot de passe vous-m\u00eame. Vous pouvez le faire lors de la proc\u00e9dure de connexion \u00e0 Gamblerina. Il vous suffit de cliquer sur \u00ab Mot de passe oubli\u00e9 ? \u00bb et de saisir votre adresse e-mail pour recevoir le lien de r\u00e9initialisation. Suivez-le et d\u00e9finissez un nouveau mot de passe.<\/p>\n<h2>FAQ<\/h2>\n<h3>Comment puis-je terminer le processus de v\u00e9rification de compte ?<\/h3>\n<p>Pour terminer le processus de v\u00e9rification sur Gamblerina Casino, vous devez fournir tous les documents requis afin de confirmer votre identit\u00e9 et la l\u00e9galit\u00e9 de vos m\u00e9thodes de paiement.<\/p>\n<h3>Comment mettre \u00e0 jour mon mot de passe ou mon adresse e-mail ?<\/h3>\n<p>Vous pouvez modifier votre adresse e-mail jusqu&rsquo;\u00e0 trois fois par jour dans votre profil. Rendez-vous dans \u00ab G\u00e9n\u00e9ral \u00bb puis \u00ab Modifier les donn\u00e9es personnelles \u00bb. Si vous souhaitez modifier votre mot de passe, rendez-vous dans \u00ab S\u00e9curit\u00e9 \u00bb et cliquez sur \u00ab Modifier \u00bb dans la barre de mot de passe.<\/p>\n<h3>Puis-je partager mon profil sur Gamblerina avec un ami ?<\/h3>\n<p>Nous vous le d\u00e9conseillons fortement. Le fait que deux personnes utilisent le m\u00eame compte est contraire \u00e0 notre politique, sans parler des risques pour la s\u00e9curit\u00e9 de votre compte. La cr\u00e9ation d&rsquo;un compte sur Gamblerina Casino est suffisamment simple pour que chacun puisse avoir son propre compte.<\/p>\n<\/div><\/div><\/p>\n","protected":false},"excerpt":{"rendered":"<p>Acc\u00e8s au compte Gamblerina et inscription Sans compte, visiter Gamblerina Casino peut s&rsquo;apparenter \u00e0 du l\u00e8che-vitrine : des centaines d&rsquo;articles expos\u00e9s, mais aucun que vous ne pouvez vous procurer. Cet obstacle est toutefois facile \u00e0 surmonter. Une fois que vous avez cliqu\u00e9 sur le bouton \u00ab Gamblerina Login \u00bb, toutes les barri\u00e8res tombent pour vous [&hellip;]<\/p>\n","protected":false},"author":20,"featured_media":0,"parent":0,"menu_order":0,"comment_status":"closed","ping_status":"closed","template":"template-builder.php","meta":{"_acf_changed":false,"inline_featured_image":false,"footnotes":""},"class_list":["post-1561","page","type-page","status-publish","hentry"],"acf":[],"yoast_head":"<!-- This site is optimized with the Yoast SEO plugin v27.3 - https:\/\/yoast.com\/product\/yoast-seo-wordpress\/ -->\n<title>Gamblerina Login \u2013 Inscription et gestion du compte<\/title>\n<meta name=\"description\" content=\"Cr\u00e9ez, g\u00e9rez et v\u00e9rifiez facilement votre compte Gamblerina Casino gr\u00e2ce \u00e0 une inscription rapide, une r\u00e9cup\u00e9ration de compte sans difficult\u00e9 et une cl\u00f4ture de compte s\u00e9curis\u00e9e, le tout avec une protection 24 h\/24 et 7 j\/7 via Gamblerina Login.\" \/>\n<meta name=\"robots\" content=\"index, follow, max-snippet:-1, max-image-preview:large, max-video-preview:-1\" \/>\n<link rel=\"canonical\" href=\"https:\/\/gamblerina.net\/fr\/connexion-et-inscription\/\" \/>\n<meta property=\"og:locale\" content=\"fr_FR\" \/>\n<meta property=\"og:type\" content=\"article\" \/>\n<meta property=\"og:title\" content=\"Gamblerina Login \u2013 Inscription et gestion du compte\" \/>\n<meta property=\"og:description\" content=\"Cr\u00e9ez, g\u00e9rez et v\u00e9rifiez facilement votre compte Gamblerina Casino gr\u00e2ce \u00e0 une inscription rapide, une r\u00e9cup\u00e9ration de compte sans difficult\u00e9 et une cl\u00f4ture de compte s\u00e9curis\u00e9e, le tout avec une protection 24 h\/24 et 7 j\/7 via Gamblerina Login.\" \/>\n<meta property=\"og:url\" content=\"https:\/\/gamblerina.net\/fr\/connexion-et-inscription\/\" \/>\n<meta property=\"og:site_name\" content=\"gamblerina\" \/>\n<meta property=\"article:modified_time\" content=\"2026-05-04T06:40:21+00:00\" \/>\n<meta name=\"twitter:card\" content=\"summary_large_image\" \/>\n<meta name=\"twitter:label1\" content=\"Dur\u00e9e de lecture estim\u00e9e\" \/>\n\t<meta name=\"twitter:data1\" content=\"1 minute\" \/>\n<script type=\"application\/ld+json\" class=\"yoast-schema-graph\">{\"@context\":\"https:\\\/\\\/schema.org\",\"@graph\":[{\"@type\":\"WebPage\",\"@id\":\"https:\\\/\\\/gamblerina.net\\\/fr\\\/connexion-et-inscription\\\/\",\"url\":\"https:\\\/\\\/gamblerina.net\\\/fr\\\/connexion-et-inscription\\\/\",\"name\":\"Gamblerina Login \u2013 Inscription et gestion du compte\",\"isPartOf\":{\"@id\":\"https:\\\/\\\/gamblerina.net\\\/fr\\\/#website\"},\"datePublished\":\"2026-04-30T13:13:37+00:00\",\"dateModified\":\"2026-05-04T06:40:21+00:00\",\"description\":\"Cr\u00e9ez, g\u00e9rez et v\u00e9rifiez facilement votre compte Gamblerina Casino gr\u00e2ce \u00e0 une inscription rapide, une r\u00e9cup\u00e9ration de compte sans difficult\u00e9 et une cl\u00f4ture de compte s\u00e9curis\u00e9e, le tout avec une protection 24 h\\\/24 et 7 j\\\/7 via Gamblerina Login.\",\"breadcrumb\":{\"@id\":\"https:\\\/\\\/gamblerina.net\\\/fr\\\/connexion-et-inscription\\\/#breadcrumb\"},\"inLanguage\":\"fr-FR\",\"potentialAction\":[{\"@type\":\"ReadAction\",\"target\":[\"https:\\\/\\\/gamblerina.net\\\/fr\\\/connexion-et-inscription\\\/\"]}]},{\"@type\":\"BreadcrumbList\",\"@id\":\"https:\\\/\\\/gamblerina.net\\\/fr\\\/connexion-et-inscription\\\/#breadcrumb\",\"itemListElement\":[{\"@type\":\"ListItem\",\"position\":1,\"name\":\"Gamblerina\",\"item\":\"https:\\\/\\\/gamblerina.net\\\/fr\\\/\"},{\"@type\":\"ListItem\",\"position\":2,\"name\":\"Connexion et inscription\"}]},{\"@type\":\"WebSite\",\"@id\":\"https:\\\/\\\/gamblerina.net\\\/fr\\\/#website\",\"url\":\"https:\\\/\\\/gamblerina.net\\\/fr\\\/\",\"name\":\"Gamblerina\",\"description\":\"\",\"publisher\":{\"@id\":\"https:\\\/\\\/gamblerina.net\\\/fr\\\/#organization\"},\"potentialAction\":[{\"@type\":\"SearchAction\",\"target\":{\"@type\":\"EntryPoint\",\"urlTemplate\":\"https:\\\/\\\/gamblerina.net\\\/fr\\\/?s={search_term_string}\"},\"query-input\":{\"@type\":\"PropertyValueSpecification\",\"valueRequired\":true,\"valueName\":\"search_term_string\"}}],\"inLanguage\":\"fr-FR\"},{\"@type\":\"Organization\",\"@id\":\"https:\\\/\\\/gamblerina.net\\\/fr\\\/#organization\",\"name\":\"Gamblerina\",\"url\":\"https:\\\/\\\/gamblerina.net\\\/fr\\\/\",\"logo\":{\"@type\":\"ImageObject\",\"inLanguage\":\"fr-FR\",\"@id\":\"https:\\\/\\\/gamblerina.net\\\/fr\\\/#\\\/schema\\\/logo\\\/image\\\/\",\"url\":\"https:\\\/\\\/gamblerina.net\\\/wp-content\\\/uploads\\\/2026\\\/04\\\/Gamblerina-logo.png\",\"contentUrl\":\"https:\\\/\\\/gamblerina.net\\\/wp-content\\\/uploads\\\/2026\\\/04\\\/Gamblerina-logo.png\",\"width\":196,\"height\":40,\"caption\":\"Gamblerina\"},\"image\":{\"@id\":\"https:\\\/\\\/gamblerina.net\\\/fr\\\/#\\\/schema\\\/logo\\\/image\\\/\"}}]}<\/script>\n<!-- \/ Yoast SEO plugin. -->","yoast_head_json":{"title":"Gamblerina Login \u2013 Inscription et gestion du compte","description":"Cr\u00e9ez, g\u00e9rez et v\u00e9rifiez facilement votre compte Gamblerina Casino gr\u00e2ce \u00e0 une inscription rapide, une r\u00e9cup\u00e9ration de compte sans difficult\u00e9 et une cl\u00f4ture de compte s\u00e9curis\u00e9e, le tout avec une protection 24 h\/24 et 7 j\/7 via Gamblerina Login.","robots":{"index":"index","follow":"follow","max-snippet":"max-snippet:-1","max-image-preview":"max-image-preview:large","max-video-preview":"max-video-preview:-1"},"canonical":"https:\/\/gamblerina.net\/fr\/connexion-et-inscription\/","og_locale":"fr_FR","og_type":"article","og_title":"Gamblerina Login \u2013 Inscription et gestion du compte","og_description":"Cr\u00e9ez, g\u00e9rez et v\u00e9rifiez facilement votre compte Gamblerina Casino gr\u00e2ce \u00e0 une inscription rapide, une r\u00e9cup\u00e9ration de compte sans difficult\u00e9 et une cl\u00f4ture de compte s\u00e9curis\u00e9e, le tout avec une protection 24 h\/24 et 7 j\/7 via Gamblerina Login.","og_url":"https:\/\/gamblerina.net\/fr\/connexion-et-inscription\/","og_site_name":"gamblerina","article_modified_time":"2026-05-04T06:40:21+00:00","twitter_card":"summary_large_image","twitter_misc":{"Dur\u00e9e de lecture estim\u00e9e":"1 minute"},"schema":{"@context":"https:\/\/schema.org","@graph":[{"@type":"WebPage","@id":"https:\/\/gamblerina.net\/fr\/connexion-et-inscription\/","url":"https:\/\/gamblerina.net\/fr\/connexion-et-inscription\/","name":"Gamblerina Login \u2013 Inscription et gestion du compte","isPartOf":{"@id":"https:\/\/gamblerina.net\/fr\/#website"},"datePublished":"2026-04-30T13:13:37+00:00","dateModified":"2026-05-04T06:40:21+00:00","description":"Cr\u00e9ez, g\u00e9rez et v\u00e9rifiez facilement votre compte Gamblerina Casino gr\u00e2ce \u00e0 une inscription rapide, une r\u00e9cup\u00e9ration de compte sans difficult\u00e9 et une cl\u00f4ture de compte s\u00e9curis\u00e9e, le tout avec une protection 24 h\/24 et 7 j\/7 via Gamblerina Login.","breadcrumb":{"@id":"https:\/\/gamblerina.net\/fr\/connexion-et-inscription\/#breadcrumb"},"inLanguage":"fr-FR","potentialAction":[{"@type":"ReadAction","target":["https:\/\/gamblerina.net\/fr\/connexion-et-inscription\/"]}]},{"@type":"BreadcrumbList","@id":"https:\/\/gamblerina.net\/fr\/connexion-et-inscription\/#breadcrumb","itemListElement":[{"@type":"ListItem","position":1,"name":"Gamblerina","item":"https:\/\/gamblerina.net\/fr\/"},{"@type":"ListItem","position":2,"name":"Connexion et inscription"}]},{"@type":"WebSite","@id":"https:\/\/gamblerina.net\/fr\/#website","url":"https:\/\/gamblerina.net\/fr\/","name":"Gamblerina","description":"","publisher":{"@id":"https:\/\/gamblerina.net\/fr\/#organization"},"potentialAction":[{"@type":"SearchAction","target":{"@type":"EntryPoint","urlTemplate":"https:\/\/gamblerina.net\/fr\/?s={search_term_string}"},"query-input":{"@type":"PropertyValueSpecification","valueRequired":true,"valueName":"search_term_string"}}],"inLanguage":"fr-FR"},{"@type":"Organization","@id":"https:\/\/gamblerina.net\/fr\/#organization","name":"Gamblerina","url":"https:\/\/gamblerina.net\/fr\/","logo":{"@type":"ImageObject","inLanguage":"fr-FR","@id":"https:\/\/gamblerina.net\/fr\/#\/schema\/logo\/image\/","url":"https:\/\/gamblerina.net\/wp-content\/uploads\/2026\/04\/Gamblerina-logo.png","contentUrl":"https:\/\/gamblerina.net\/wp-content\/uploads\/2026\/04\/Gamblerina-logo.png","width":196,"height":40,"caption":"Gamblerina"},"image":{"@id":"https:\/\/gamblerina.net\/fr\/#\/schema\/logo\/image\/"}}]}},"_links":{"self":[{"href":"https:\/\/gamblerina.net\/fr\/wp-json\/wp\/v2\/pages\/1561","targetHints":{"allow":["GET"]}}],"collection":[{"href":"https:\/\/gamblerina.net\/fr\/wp-json\/wp\/v2\/pages"}],"about":[{"href":"https:\/\/gamblerina.net\/fr\/wp-json\/wp\/v2\/types\/page"}],"author":[{"embeddable":true,"href":"https:\/\/gamblerina.net\/fr\/wp-json\/wp\/v2\/users\/20"}],"replies":[{"embeddable":true,"href":"https:\/\/gamblerina.net\/fr\/wp-json\/wp\/v2\/comments?post=1561"}],"version-history":[{"count":2,"href":"https:\/\/gamblerina.net\/fr\/wp-json\/wp\/v2\/pages\/1561\/revisions"}],"predecessor-version":[{"id":1664,"href":"https:\/\/gamblerina.net\/fr\/wp-json\/wp\/v2\/pages\/1561\/revisions\/1664"}],"wp:attachment":[{"href":"https:\/\/gamblerina.net\/fr\/wp-json\/wp\/v2\/media?parent=1561"}],"curies":[{"name":"wp","href":"https:\/\/api.w.org\/{rel}","templated":true}]}}