{"id":1525,"date":"2026-04-30T14:09:02","date_gmt":"2026-04-30T13:09:02","guid":{"rendered":"https:\/\/gamblerina.net\/app\/"},"modified":"2026-05-04T08:50:23","modified_gmt":"2026-05-04T07:50:23","slug":"applicazione","status":"publish","type":"page","link":"https:\/\/gamblerina.net\/it\/applicazione\/","title":{"rendered":"Applicazione"},"content":{"rendered":"<h1>Accesso mobile a Gamblerina<\/h1>\n<p>Oggigiorno sembra che tutti abbiano delle app, e c\u2019\u00e8 una buona ragione per questo. Sono pi\u00f9 le persone che possiedono dispositivi mobili che computer desktop, e noi vogliamo raggiungere tutti i giocatori italiani che desiderano raggiungerci. Ecco perch\u00e9 ti presentiamo la nostra Gamblerina App, un modo comodo per continuare a divertirti anche quando sei lontano dal tuo computer.<\/p>\n<div class=\"banner-wrap\" aria-label=\"Banner\"><img src=\"https:\/\/gamblerina.net\/wp-content\/uploads\/2026\/04\/Gamblerina-banner-carousel-800\u0445400.webp\" class=\"w-100 d-none d-lg-block img-pc main-banner-img\" alt=\"gamblerina banner desktop\" fetchpriority=\"high\" decoding=\"async\"><img src=\"https:\/\/gamblerina.net\/wp-content\/uploads\/2026\/04\/gamblerina-banner-mobile.webp\" class=\"w-100 d-none d-md-block d-lg-none main-banner-img\" alt=\"gamblerina banner mobile\" fetchpriority=\"high\" decoding=\"async\"><img src=\"https:\/\/gamblerina.net\/wp-content\/uploads\/2026\/04\/gamblerina-banner-mobile.webp\" class=\"w-100 d-md-none\" alt=\"gamblerina banner mobile\" fetchpriority=\"high\" decoding=\"async\"><div class=\"banner-description\">\n<div class=\"banner-title\">Bonus di benvenuto<\/div>\n<p class=\"banner-header-title\">1500 \u20ac<\/p>\n<div class=\"banner-header-AdditionalText\">+ 250 giri gratuiti<\/div>\n<button data-item=\"homepage_banner_link\" class=\"goto m-button m-gradient-border m-button--primary m-button--large banner-button btn-orange\">\n            <div class=\"m-button-content\">\n                <span>Iscriviti ora<\/span>\n                <span><\/span>\n            <\/div>\n        <\/button>\n<\/div>\n<div class=\"WelcomePack\">\n<p><img loading=\"lazy\" decoding=\"async\" class=\"alignnone size-full wp-image-1389\" src=\"https:\/\/gamblerina.net\/wp-content\/uploads\/2026\/04\/welcome-crown.png\" alt=\"crown\" width=\"25\" height=\"26\" \/><\/p>\n<div class=\"WelcomePack-Info\">Cashback settimanale fino al 25%<\/div>\n<p><img loading=\"lazy\" decoding=\"async\" class=\"alignnone size-full wp-image-1389\" src=\"https:\/\/gamblerina.net\/wp-content\/uploads\/2026\/04\/welcome-crown.png\" alt=\"crown\" width=\"25\" height=\"26\" \/><\/p>\n<\/div>\n<\/div>\n<h2>Usare Gamblerina su dispositivi mobili<\/h2>\n<p>I dati lo dimostrano chiaramente: quasi l\u201980% dei nostri utenti preferisce i dispositivi mobili ai computer fissi, almeno quando si tratta di visitare Gamble Rina. Sarebbe davvero miope da parte nostra non tenerne conto quando si tratta dell\u2019esperienza di gioco. Ecco perch\u00e9 gli utenti mobili possono raggiungerci in due modi principali: tramite browser o tramite un\u2019app dedicata.<\/p>\n<p>La nostra app non \u00e8 diversa da qualsiasi altra app che hai usato, solo che non occupa quasi spazio e funziona alla grande. Beh, forse \u00e8 diversa, dopotutto. Il nostro team si \u00e8 posto l\u2019obiettivo di creare un\u2019esperienza di casin\u00f2 mobile senza pari e, per questo, abbiamo creato un\u2019app che \u00e8 tanto facile da usare quanto divertente.<\/p>\n<p>Il vantaggio principale dell\u2019app Gamblerina \u00e8 la sua praticit\u00e0. L\u2019abbiamo progettata per essere facile da navigare indipendentemente dalle dimensioni dello schermo. Tutte le funzioni che usi pi\u00f9 spesso sono proprio l\u00ec sulla schermata principale di Gamble Rina Casino, fissate a una barra dell\u2019interfaccia che rimane fissa mentre scorri la nostra collezione di oltre 6.000 slot online, giochi da tavolo e giochi da casin\u00f2 dal vivo.<\/p>\n<p><div class=\"scrollable-content-wrap my-5\"><div class=\"scrollable-content-inner\"><h2>App Gamblerina per Android<\/h2>\n<p>Tutti i giocatori Gamblerina su Android possono approfittare dell\u2019app che ti abbiamo descritto con cura finora. E non c\u2019\u00e8 bisogno di cercarla sul Play Store o nemmeno di accedere al tuo account Google Play. \u00c8 gratuita sul nostro sito web. Bastano pochi clic e l\u2019icona di Gamble Rina Casino apparir\u00e0 comodamente sulla tua schermata iniziale.<\/p>\n<h3>Vantaggi della PWA di Gamblerina<\/h3>\n<p>L\u2019app che abbiamo sviluppato \u00e8 una PWA (Progressive Web Application). Se queste parole non ti dicono molto, si tratta di un\u2019app che funziona in un browser ma offre un\u2019esperienza simile a quella di un\u2019app con tutte le sue funzionalit\u00e0. Ecco come l\u2019app Gamblerina si confronta con il software tradizionale.<\/p>\n<table>\n<tbody>\n<tr>\n<td>Caratteristica<\/td>\n<td>PWA<\/td>\n<td>App tradizionale<\/td>\n<\/tr>\n<tr>\n<td>Metodo di download<\/td>\n<td>Tramite browser.<\/td>\n<td>Tramite negozio di software dedicato (\u00abApp Store\u00bb, \u00abGoogle Play Store\u00bb).<\/td>\n<\/tr>\n<tr>\n<td>Velocit\u00e0 di download<\/td>\n<td>Istantanea, poich\u00e9 nessun file viene scaricato direttamente sul tuo dispositivo.<\/td>\n<td>Dipende dalle dimensioni dell\u2019app e dalla tua velocit\u00e0 di connessione (non istantaneo)<\/td>\n<\/tr>\n<tr>\n<td>Accesso ad altre funzioni (fotocamera, posizione)<\/td>\n<td>Non richiede l\u2019accesso ad altre app n\u00e9 lo richiede<\/td>\n<td>Richiede l\u2019accesso ad altre app e funzioni sul tuo dispositivo, a volte anche a quelle di cui non dovrebbe aver bisogno.<\/td>\n<\/tr>\n<tr>\n<td>Spazio di archiviazione<\/td>\n<td>Non \u00e8 un\u2019app completa, quindi \u00e8 molto leggera<\/td>\n<td>Occupa pi\u00f9 spazio di archiviazione<\/td>\n<\/tr>\n<tr>\n<td>Aggiornamenti<\/td>\n<td>Si aggiorna all\u2019istante non appena clicchi sull\u2019icona<\/td>\n<td>Richiede aggiornamenti regolari<\/td>\n<\/tr>\n<tr>\n<td>Notifiche<\/td>\n<td>Disponibili a seconda del browser<\/td>\n<td>Sempre disponibili<\/td>\n<\/tr>\n<\/tbody>\n<\/table>\n<p>Non devi creare un account separato per la nostra app Gamble Rina. Infatti, ci\u00f2 sarebbe contrario alla nostra politica \u00abun account per persona\u00bb. Se scarichi la nostra app mentre sei connesso, l\u2019app si sincronizzer\u00e0 automaticamente con il tuo account e avrai subito tutti i tuoi dati a disposizione.<\/p>\n<p>Se scarichi l\u2019app prima di creare un account, dovrai registrarti nello stesso modo in cui lo faresti utilizzando la versione browser di Gamblerina Casino. Il processo \u00e8 lo stesso: devi solo inserire il tuo indirizzo e-mail, creare una password sicura, fornire il tuo nome e numero di telefono \u2014 e sei pronto per giocare.<\/p>\n<p>Puoi anche prelevare le tue vincite tramite l\u2019app Gamblerina. Come per la versione browser, devi prima completare la procedura di verifica per rendere disponibili i prelievi sul tuo account. Se l\u2019hai gi\u00e0 completata, non dovrai ripetere la procedura.<\/p>\n<h3>Informazioni sull\u2019APK di Gamblerina<\/h3>\n<p>Gli utenti Android possono scaricare i file APK per installare il software. Ti sconsigliamo di installare qualsiasi file APK di Gamblerina che potresti trovare navigando su Internet. Questi file sono probabilmente malware in grado di rubare i tuoi dati o rendere il tuo dispositivo inutilizzabile. Contattaci tramite la chat live se hai dubbi sull\u2019autenticit\u00e0 di un file.<\/p>\n<p><img loading=\"lazy\" decoding=\"async\" src=\"https:\/\/gamblerina.net\/wp-content\/uploads\/2026\/04\/Gamblerina-Android-App.webp\" alt=\"Gamblerina Android App\" width=\"1248\" height=\"536\" \/><\/p>\n<\/div><\/div><div style=\"clear: both\"><\/div><div class=\"d-flex justify-content-center\"><button data-item=\"decouvrez_link\" data-group=\"website_links\" class=\"goto fw-bold rounded-pill btn btn-orange\" aria-label=\"Scarica l&#039;app Gamblerina\" >Scarica l&#039;app Gamblerina<\/button><\/div><div class=\"scrollable-content-wrap my-5\"><div class=\"scrollable-content-inner\"><h2>App Gamblerina per iOS<\/h2>\n<p>Naturalmente, anche gli utenti di iPhone e iPad possono godere dei vantaggi dell\u2019app Gamblerina. Il processo di installazione \u00e8 lo stesso: non devi cercare nell\u2019App Store per trovarci. Il modo pi\u00f9 veloce e sicuro \u00e8 andare direttamente su Gamblerina Casino e fare quanto segue:<\/p>\n<ol>\n<li>Apri Gamblerina Casino tramite il browser Safari.<\/li>\n<li>Tocca il pulsante Condividi.<\/li>\n<li>Seleziona \u00abAggiungi alla schermata Home\u00bb.<\/li>\n<li>Conferma cliccando su \u00abAggiungi\u00bb.<\/li>\n<\/ol>\n<p>E cos\u00ec, Gamblerina Casino sar\u00e0 a portata di clic. Puoi anche cliccare sul banner della nostra app del casin\u00f2, che ti reindirizzer\u00e0 alla pagina di installazione. Se preferisci comunque visitare Gamblerina tramite browser, puoi aggiungerci alle schede o ai preferiti. Se hai domande su uno qualsiasi di questi passaggi, il nostro team di assistenza \u00e8 sempre a tua disposizione.<\/p>\n<p><img loading=\"lazy\" decoding=\"async\" src=\"https:\/\/gamblerina.net\/wp-content\/uploads\/2026\/04\/Gamblerina-iOS-App.webp\" alt=\"Gamblerina iOS App\" width=\"1248\" height=\"536\" \/><\/p>\n<\/div><\/div><div style=\"clear: both\"><\/div><div class=\"d-flex justify-content-center\"><button data-item=\"decouvrez_link\" data-group=\"website_links\" class=\"goto fw-bold rounded-pill btn btn-orange\" aria-label=\"Scarica Gamblerina\" >Scarica Gamblerina<\/button><\/div><div class=\"scrollable-content-wrap my-5\"><div class=\"scrollable-content-inner\"><h2>App desktop per Windows e macOS<\/h2>\n<p>Se il computer rimane il tuo modo preferito di giocare su Gamblerina Casino, c\u2019\u00e8 comunque un\u2019app che puoi installare. L\u2019app \u00e8 disponibile per tutti, indipendentemente dal dispositivo che scegli. Puoi aggiungere la scheda ai preferiti o salvare la pagina del nostro casin\u00f2, ma l\u2019app \u00e8 decisamente migliore.<\/p>\n<p>Ovunque tu vada su Gamble Rina, non sei mai a pi\u00f9 di due clic dalla nostra app. C\u2019\u00e8 un\u2019icona di download nella barra degli indirizzi e un pulsante \u00abApp del casin\u00f2\u00bb nel nostro menu a scomparsa. Funziona sia su Windows che su macOS, quindi non devi nemmeno aprire il Microsoft Store o qualsiasi altro posto da cui scarichi il software.<\/p>\n<p><img loading=\"lazy\" decoding=\"async\" src=\"https:\/\/gamblerina.net\/wp-content\/uploads\/2026\/04\/Gamblerina-Desktop.webp\" alt=\"Gamblerina Desktop\" width=\"1248\" height=\"536\" \/><\/p>\n<\/div><\/div><div style=\"clear: both\"><\/div><div class=\"d-flex justify-content-center\"><button data-item=\"decouvrez_link\" data-group=\"website_links\" class=\"goto fw-bold rounded-pill btn btn-orange\" aria-label=\"Scarica l&#039;app Gamblerina\" >Scarica l&#039;app Gamblerina<\/button><\/div><div class=\"scrollable-content-wrap my-5\"><div class=\"scrollable-content-inner\"><h2>Domande frequenti<\/h2>\n<h3>\u00c8 necessario creare un account per utilizzare l\u2019app Gamblerina?<\/h3>\n<p>Puoi scaricare la nostra app non appena arrivi sul nostro sito web. Non hai bisogno di un account per usare il nostro software, ma ne serve uno per iniziare a giocare.<\/p>\n<h3>L\u2019app di Gamblerina Casino offre assistenza clienti?<\/h3>\n<p>La nostra app ha tutte le stesse funzioni del nostro sito web, quindi s\u00ec, puoi contattare il nostro team di assistenza tramite live chat o e-mail mentre la utilizzi.<\/p>\n<h3>Posso accedere all\u2019app Gamblerina utilizzando l\u2019autenticazione biometrica?<\/h3>\n<p>Se il tuo dispositivo supporta l\u2019autenticazione biometrica ed \u00e8 attivata, allora s\u00ec. \u00c8 un ottimo modo per garantire la sicurezza del tuo account e consigliamo a tutti i nostri clienti di attivarla.<\/p>\n<\/div><\/div><\/p>\n","protected":false},"excerpt":{"rendered":"<p>Accesso mobile a Gamblerina Oggigiorno sembra che tutti abbiano delle app, e c\u2019\u00e8 una buona ragione per questo. Sono pi\u00f9 le persone che possiedono dispositivi mobili che computer desktop, e noi vogliamo raggiungere tutti i giocatori italiani che desiderano raggiungerci. Ecco perch\u00e9 ti presentiamo la nostra Gamblerina App, un modo comodo per continuare a divertirti [&hellip;]<\/p>\n","protected":false},"author":20,"featured_media":0,"parent":0,"menu_order":0,"comment_status":"closed","ping_status":"closed","template":"template-builder.php","meta":{"_acf_changed":false,"inline_featured_image":false,"footnotes":""},"class_list":["post-1525","page","type-page","status-publish","hentry"],"acf":[],"yoast_head":"<!-- This site is optimized with the Yoast SEO plugin v27.3 - https:\/\/yoast.com\/product\/yoast-seo-wordpress\/ -->\n<title>Scarica Gamblerina App | iOS e Android<\/title>\n<meta name=\"description\" content=\"L&#039;app Gamblerina garantisce un&#039;esperienza di gioco impeccabile su piattaforme Android, iOS, Windows e macOS, con sincronizzazione dell&#039;account, aggiornamenti regolari e assistenza clienti integrata per un utilizzo semplice.\" \/>\n<meta name=\"robots\" content=\"index, follow, max-snippet:-1, max-image-preview:large, max-video-preview:-1\" \/>\n<link rel=\"canonical\" href=\"https:\/\/gamblerina.net\/it\/applicazione\/\" \/>\n<meta property=\"og:locale\" content=\"it_IT\" \/>\n<meta property=\"og:type\" content=\"article\" \/>\n<meta property=\"og:title\" content=\"Scarica Gamblerina App | iOS e Android\" \/>\n<meta property=\"og:description\" content=\"L&#039;app Gamblerina garantisce un&#039;esperienza di gioco impeccabile su piattaforme Android, iOS, Windows e macOS, con sincronizzazione dell&#039;account, aggiornamenti regolari e assistenza clienti integrata per un utilizzo semplice.\" \/>\n<meta property=\"og:url\" content=\"https:\/\/gamblerina.net\/it\/applicazione\/\" \/>\n<meta property=\"og:site_name\" content=\"gamblerina\" \/>\n<meta property=\"article:modified_time\" content=\"2026-05-04T07:50:23+00:00\" \/>\n<meta name=\"twitter:card\" content=\"summary_large_image\" \/>\n<meta name=\"twitter:label1\" content=\"Tempo di lettura stimato\" \/>\n\t<meta name=\"twitter:data1\" content=\"2 minuti\" \/>\n<script type=\"application\/ld+json\" class=\"yoast-schema-graph\">{\"@context\":\"https:\\\/\\\/schema.org\",\"@graph\":[{\"@type\":\"WebPage\",\"@id\":\"https:\\\/\\\/gamblerina.net\\\/it\\\/applicazione\\\/\",\"url\":\"https:\\\/\\\/gamblerina.net\\\/it\\\/applicazione\\\/\",\"name\":\"Scarica Gamblerina App | iOS e Android\",\"isPartOf\":{\"@id\":\"https:\\\/\\\/gamblerina.net\\\/it\\\/#website\"},\"datePublished\":\"2026-04-30T13:09:02+00:00\",\"dateModified\":\"2026-05-04T07:50:23+00:00\",\"description\":\"L'app Gamblerina garantisce un'esperienza di gioco impeccabile su piattaforme Android, iOS, Windows e macOS, con sincronizzazione dell'account, aggiornamenti regolari e assistenza clienti integrata per un utilizzo semplice.\",\"breadcrumb\":{\"@id\":\"https:\\\/\\\/gamblerina.net\\\/it\\\/applicazione\\\/#breadcrumb\"},\"inLanguage\":\"it-IT\",\"potentialAction\":[{\"@type\":\"ReadAction\",\"target\":[\"https:\\\/\\\/gamblerina.net\\\/it\\\/applicazione\\\/\"]}]},{\"@type\":\"BreadcrumbList\",\"@id\":\"https:\\\/\\\/gamblerina.net\\\/it\\\/applicazione\\\/#breadcrumb\",\"itemListElement\":[{\"@type\":\"ListItem\",\"position\":1,\"name\":\"Gamblerina\",\"item\":\"https:\\\/\\\/gamblerina.net\\\/it\\\/\"},{\"@type\":\"ListItem\",\"position\":2,\"name\":\"Applicazione\"}]},{\"@type\":\"WebSite\",\"@id\":\"https:\\\/\\\/gamblerina.net\\\/it\\\/#website\",\"url\":\"https:\\\/\\\/gamblerina.net\\\/it\\\/\",\"name\":\"Gamblerina\",\"description\":\"\",\"publisher\":{\"@id\":\"https:\\\/\\\/gamblerina.net\\\/it\\\/#organization\"},\"potentialAction\":[{\"@type\":\"SearchAction\",\"target\":{\"@type\":\"EntryPoint\",\"urlTemplate\":\"https:\\\/\\\/gamblerina.net\\\/it\\\/?s={search_term_string}\"},\"query-input\":{\"@type\":\"PropertyValueSpecification\",\"valueRequired\":true,\"valueName\":\"search_term_string\"}}],\"inLanguage\":\"it-IT\"},{\"@type\":\"Organization\",\"@id\":\"https:\\\/\\\/gamblerina.net\\\/it\\\/#organization\",\"name\":\"Gamblerina\",\"url\":\"https:\\\/\\\/gamblerina.net\\\/it\\\/\",\"logo\":{\"@type\":\"ImageObject\",\"inLanguage\":\"it-IT\",\"@id\":\"https:\\\/\\\/gamblerina.net\\\/it\\\/#\\\/schema\\\/logo\\\/image\\\/\",\"url\":\"https:\\\/\\\/gamblerina.net\\\/wp-content\\\/uploads\\\/2026\\\/04\\\/Gamblerina-logo.png\",\"contentUrl\":\"https:\\\/\\\/gamblerina.net\\\/wp-content\\\/uploads\\\/2026\\\/04\\\/Gamblerina-logo.png\",\"width\":196,\"height\":40,\"caption\":\"Gamblerina\"},\"image\":{\"@id\":\"https:\\\/\\\/gamblerina.net\\\/it\\\/#\\\/schema\\\/logo\\\/image\\\/\"}}]}<\/script>\n<!-- \/ Yoast SEO plugin. -->","yoast_head_json":{"title":"Scarica Gamblerina App | iOS e Android","description":"L'app Gamblerina garantisce un'esperienza di gioco impeccabile su piattaforme Android, iOS, Windows e macOS, con sincronizzazione dell'account, aggiornamenti regolari e assistenza clienti integrata per un utilizzo semplice.","robots":{"index":"index","follow":"follow","max-snippet":"max-snippet:-1","max-image-preview":"max-image-preview:large","max-video-preview":"max-video-preview:-1"},"canonical":"https:\/\/gamblerina.net\/it\/applicazione\/","og_locale":"it_IT","og_type":"article","og_title":"Scarica Gamblerina App | iOS e Android","og_description":"L'app Gamblerina garantisce un'esperienza di gioco impeccabile su piattaforme Android, iOS, Windows e macOS, con sincronizzazione dell'account, aggiornamenti regolari e assistenza clienti integrata per un utilizzo semplice.","og_url":"https:\/\/gamblerina.net\/it\/applicazione\/","og_site_name":"gamblerina","article_modified_time":"2026-05-04T07:50:23+00:00","twitter_card":"summary_large_image","twitter_misc":{"Tempo di lettura stimato":"2 minuti"},"schema":{"@context":"https:\/\/schema.org","@graph":[{"@type":"WebPage","@id":"https:\/\/gamblerina.net\/it\/applicazione\/","url":"https:\/\/gamblerina.net\/it\/applicazione\/","name":"Scarica Gamblerina App | iOS e Android","isPartOf":{"@id":"https:\/\/gamblerina.net\/it\/#website"},"datePublished":"2026-04-30T13:09:02+00:00","dateModified":"2026-05-04T07:50:23+00:00","description":"L'app Gamblerina garantisce un'esperienza di gioco impeccabile su piattaforme Android, iOS, Windows e macOS, con sincronizzazione dell'account, aggiornamenti regolari e assistenza clienti integrata per un utilizzo semplice.","breadcrumb":{"@id":"https:\/\/gamblerina.net\/it\/applicazione\/#breadcrumb"},"inLanguage":"it-IT","potentialAction":[{"@type":"ReadAction","target":["https:\/\/gamblerina.net\/it\/applicazione\/"]}]},{"@type":"BreadcrumbList","@id":"https:\/\/gamblerina.net\/it\/applicazione\/#breadcrumb","itemListElement":[{"@type":"ListItem","position":1,"name":"Gamblerina","item":"https:\/\/gamblerina.net\/it\/"},{"@type":"ListItem","position":2,"name":"Applicazione"}]},{"@type":"WebSite","@id":"https:\/\/gamblerina.net\/it\/#website","url":"https:\/\/gamblerina.net\/it\/","name":"Gamblerina","description":"","publisher":{"@id":"https:\/\/gamblerina.net\/it\/#organization"},"potentialAction":[{"@type":"SearchAction","target":{"@type":"EntryPoint","urlTemplate":"https:\/\/gamblerina.net\/it\/?s={search_term_string}"},"query-input":{"@type":"PropertyValueSpecification","valueRequired":true,"valueName":"search_term_string"}}],"inLanguage":"it-IT"},{"@type":"Organization","@id":"https:\/\/gamblerina.net\/it\/#organization","name":"Gamblerina","url":"https:\/\/gamblerina.net\/it\/","logo":{"@type":"ImageObject","inLanguage":"it-IT","@id":"https:\/\/gamblerina.net\/it\/#\/schema\/logo\/image\/","url":"https:\/\/gamblerina.net\/wp-content\/uploads\/2026\/04\/Gamblerina-logo.png","contentUrl":"https:\/\/gamblerina.net\/wp-content\/uploads\/2026\/04\/Gamblerina-logo.png","width":196,"height":40,"caption":"Gamblerina"},"image":{"@id":"https:\/\/gamblerina.net\/it\/#\/schema\/logo\/image\/"}}]}},"_links":{"self":[{"href":"https:\/\/gamblerina.net\/it\/wp-json\/wp\/v2\/pages\/1525","targetHints":{"allow":["GET"]}}],"collection":[{"href":"https:\/\/gamblerina.net\/it\/wp-json\/wp\/v2\/pages"}],"about":[{"href":"https:\/\/gamblerina.net\/it\/wp-json\/wp\/v2\/types\/page"}],"author":[{"embeddable":true,"href":"https:\/\/gamblerina.net\/it\/wp-json\/wp\/v2\/users\/20"}],"replies":[{"embeddable":true,"href":"https:\/\/gamblerina.net\/it\/wp-json\/wp\/v2\/comments?post=1525"}],"version-history":[{"count":2,"href":"https:\/\/gamblerina.net\/it\/wp-json\/wp\/v2\/pages\/1525\/revisions"}],"predecessor-version":[{"id":1767,"href":"https:\/\/gamblerina.net\/it\/wp-json\/wp\/v2\/pages\/1525\/revisions\/1767"}],"wp:attachment":[{"href":"https:\/\/gamblerina.net\/it\/wp-json\/wp\/v2\/media?parent=1525"}],"curies":[{"name":"wp","href":"https:\/\/api.w.org\/{rel}","templated":true}]}}