{"id":1566,"date":"2026-04-30T14:13:37","date_gmt":"2026-04-30T13:13:37","guid":{"rendered":"https:\/\/gamblerina.net\/login-and-registration\/"},"modified":"2026-05-04T08:53:35","modified_gmt":"2026-05-04T07:53:35","slug":"accesso-e-registrazione","status":"publish","type":"page","link":"https:\/\/gamblerina.net\/it\/accesso-e-registrazione\/","title":{"rendered":"Accesso e registrazione"},"content":{"rendered":"<h1>Accesso e registrazione all\u2019account Gamblerina<\/h1>\n<p>Senza un account, visitare Gamblerina Casino pu\u00f2 sembrare come guardare le vetrine: centinaia di articoli in mostra, ma nessuno che puoi acquistare. Questo ostacolo, tuttavia, \u00e8 facile da superare. Una volta premuto il pulsante di Gamblerina login, tutte le barriere cadono per darti accesso illimitato a tutti i nostri giochi e le nostre funzionalit\u00e0.<\/p>\n<p><div class=\"banner-wrap\" aria-label=\"Banner\"><img src=\"https:\/\/gamblerina.net\/wp-content\/uploads\/2026\/04\/Gamblerina-banner-carousel-800\u0445400.webp\" class=\"w-100 d-none d-lg-block img-pc main-banner-img\" alt=\"gamblerina banner desktop\" fetchpriority=\"high\" decoding=\"async\"><img src=\"https:\/\/gamblerina.net\/wp-content\/uploads\/2026\/04\/gamblerina-banner-mobile.webp\" class=\"w-100 d-none d-md-block d-lg-none main-banner-img\" alt=\"gamblerina banner mobile\" fetchpriority=\"high\" decoding=\"async\"><img src=\"https:\/\/gamblerina.net\/wp-content\/uploads\/2026\/04\/gamblerina-banner-mobile.webp\" class=\"w-100 d-md-none\" alt=\"gamblerina banner mobile\" fetchpriority=\"high\" decoding=\"async\"><div class=\"banner-description\">\n<div class=\"banner-title\">Bonus di benvenuto<\/div>\n<p class=\"banner-header-title\">1500 \u20ac<\/p>\n<div class=\"banner-header-AdditionalText\">+ 250 giri gratuiti<\/div>\n<button data-item=\"homepage_banner_link\" class=\"goto m-button m-gradient-border m-button--primary m-button--large banner-button btn-orange\">\n            <div class=\"m-button-content\">\n                <span>Iscriviti ora<\/span>\n                <span><\/span>\n            <\/div>\n        <\/button>\n<\/div>\n<div class=\"WelcomePack\">\n<p><img loading=\"lazy\" decoding=\"async\" class=\"alignnone size-full wp-image-1389\" src=\"https:\/\/gamblerina.net\/wp-content\/uploads\/2026\/04\/welcome-crown.png\" alt=\"crown\" width=\"25\" height=\"26\" \/><\/p>\n<div class=\"WelcomePack-Info\">Cashback settimanale fino al 25%<\/div>\n<p><img loading=\"lazy\" decoding=\"async\" class=\"alignnone size-full wp-image-1389\" src=\"https:\/\/gamblerina.net\/wp-content\/uploads\/2026\/04\/welcome-crown.png\" alt=\"crown\" width=\"25\" height=\"26\" \/><\/p>\n<\/div>\n<\/div><div class=\"scrollable-content-wrap my-5\"><div class=\"scrollable-content-inner\"><h2>Registrazione di un account Gamblerina<\/h2>\n<p>Senza registrazione, gli utenti italiani possono giocare solo alle demo delle nostre slot online. Dubitiamo che sia tutto ci\u00f2 che vuoi fare, anche se sono piuttosto divertenti. Con un account Gamblerina, puoi immergerti nel mondo dei casin\u00f2 online. La cosa positiva \u00e8 che non c\u2019\u00e8 nulla da aspettare: non regaliamo account tramite lotteria, sei tu a crearli.<\/p>\n<h3>Crea il tuo account<\/h3>\n<p>La creazione del tuo account \u00e8 la prima cosa che Gamblerina ti offre, insieme al nostro bonus di benvenuto che potrai richiedere una volta terminata la procedura. La procedura non potrebbe essere pi\u00f9 semplice: abbiamo fatto delle ricerche e non c\u2019\u00e8 letteralmente modo di renderla pi\u00f9 semplice. Segui questi passaggi e sarai a posto:<\/p>\n<ol>\n<li>Clicca sul pulsante \u00abRegistrati\u00bb nell\u2019angolo in alto a destra dello schermo.<\/li>\n<li>Inserisci il tuo indirizzo e-mail.<\/li>\n<li>Crea una password o lascia che sia il tuo browser a farlo per te (ma memorizzala per ogni evenienza).<\/li>\n<li>Specifica se desideri ricevere la nostra newsletter con gli ultimi aggiornamenti e le offerte.<\/li>\n<li>Conferma di avere almeno 18 anni e di accettare i nostri Termini e condizioni e l\u2019Informativa sulla privacy.<\/li>\n<\/ol>\n<p>L\u2019importanza dell\u2019ultimo passaggio non va sottovalutata. Se non hai ancora raggiunto la maggiore et\u00e0, lo scopriremo durante il processo di verifica. Allo stesso modo, se non accetti le nostre politiche e i nostri termini, non potremo fornirti i nostri servizi.<\/p>\n<p>Una volta completati tutti i passaggi, il modulo completo di Gamblerina Casino \u00e8 a portata di mano. Ora abbiamo solo bisogno del tuo nome, cognome, data di nascita e numero di telefono. Tutto qui. Hai creato il tuo account e puoi finalmente goderti tutti i giochi che offriamo. D\u2019ora in poi, ti baster\u00e0 premere il pulsante di accesso a Gamble Rina ogni volta che ci visiterai.<\/p>\n<p><img loading=\"lazy\" decoding=\"async\" src=\"https:\/\/gamblerina.net\/wp-content\/uploads\/2026\/04\/Gamblerina-Login.webp\" alt=\"Gamblerina Login\" width=\"1248\" height=\"536\" \/><\/p>\n<h2>Come usare un account Gamblerina<\/h2>\n<p>Il tuo account \u00e8 il mezzo attraverso il quale interagisci con il nostro casin\u00f2. Contiene tutte le informazioni relative alle tue azioni su Gamblerina Casino, oltre a tutti i dati che hai fornito.<\/p>\n<h3>Accesso a Gamblerina<\/h3>\n<p>Il nostro sito web ricorder\u00e0 i tuoi dati di accesso a Gamblerina a meno che tu non esca dal tuo account. In questo caso, dovrai completare una procedura di accesso in uno o due passaggi:<\/p>\n<ol>\n<li>Inserisci l\u2019indirizzo e-mail e la password che hai usato durante la registrazione.<\/li>\n<li>(Se hai abilitato l\u2019autenticazione a due fattori) Inserisci il codice dall\u2019app Google Authenticator sincronizzata.<\/li>\n<\/ol>\n<p>Lo stesso vale per gli altri dispositivi: ogni volta che vuoi usare un nuovo dispositivo o computer, devi ripetere la procedura di accesso a Gamblerina.<\/p>\n<h3>Gestione dell\u2019account<\/h3>\n<p>Ora, parliamo di tutte le schede presenti nella pagina del tuo account Gamble Rina:<\/p>\n<ul>\n<li>Profilo. Contiene le tue informazioni personali (dati di contatto, e-mail, numero di telefono e indirizzo), il tuo livello fedelt\u00e0, le impostazioni delle promozioni e l\u2019opzione per attivare la modalit\u00e0 nascosta. Qui puoi anche accedere alla scheda Autocontrollo per gestire eventuali restrizioni se il gioco inizia a diventare troppo coinvolgente.<\/li>\n<li>Cronologia. Contiene informazioni su tutte le azioni avvenute durante un periodo selezionato. Queste includono transazioni, bonus ricevuti e spesi, e cronologie di gioco e scommesse. Se vuoi rivivere i tuoi momenti preferiti o chiarire l\u2019importo del bonus, questo \u00e8 il posto giusto. In alternativa, puoi contattare il nostro Team di Assistenza.<\/li>\n<li>Portafoglio. Mostra il tuo saldo attuale e i limiti di prelievo e ti permette di richiedere un prelievo ed effettuare un deposito. La valuta predefinita \u00e8 l\u2019euro (\u20ac), ma puoi aggiungere una nuova valuta dall\u2019elenco.<\/li>\n<li>Invita gli amici. Include informazioni sul nostro programma di referral e sui tuoi progressi. Qui puoi vedere quanti amici si sono registrati usando il tuo link e quanto hai guadagnato diffondendo la voce su Gamble Rina Casino. Qui trovi anche il link di referral.<\/li>\n<\/ul>\n<h3>Verifica dell\u2019account e sicurezza su Gamblerina<\/h3>\n<p>La sicurezza del tuo account \u00e8 nell\u2019interesse di tutti. Sebbene la maggior parte del lavoro per implementarla spetti a noi, parte di quella responsabilit\u00e0 \u00e8 tua. Questo va oltre misure come impostare una password forte e abilitare l\u2019autenticazione a due fattori. Noi di Gamblerina Casino vogliamo assicurarci che sia sicuro e legale per noi fare affari con te.<\/p>\n<p>Ecco a cosa serve il processo di verifica. Come parte di questo, dovrai confermare, non a parole ma con dei documenti, che sei maggiorenne e che la persona nei documenti e quella nella vita reale sei la stessa persona.<\/p>\n<table>\n<tbody>\n<tr>\n<td>Documento<\/td>\n<td>Scopo<\/td>\n<td>Descrizione<\/td>\n<\/tr>\n<tr>\n<td>Documento d\u2019identit\u00e0<\/td>\n<td>Conferma la tua identit\u00e0<\/td>\n<td>Carica un passaporto, una carta d\u2019identit\u00e0 o una patente di guida.<\/td>\n<\/tr>\n<tr>\n<td>Prova di indirizzo<\/td>\n<td>Verifica il tuo indirizzo<\/td>\n<td>Fornisci una bolletta, un estratto conto bancario o qualsiasi documento che riporti il tuo indirizzo.<\/td>\n<\/tr>\n<tr>\n<td>Selfie<\/td>\n<td>Assicurati che sia davvero tu e non qualcun altro<\/td>\n<td>Scatta un selfie per confermare che il volto corrisponda a quello sul documento d\u2019identit\u00e0.<\/td>\n<\/tr>\n<tr>\n<td>Prova del metodo di pagamento<\/td>\n<td>Verifica la titolarit\u00e0 del metodo di pagamento<\/td>\n<td>Carica una foto della tua carta o uno screenshot del tuo portafoglio elettronico\/conto bancario.<\/td>\n<\/tr>\n<\/tbody>\n<\/table>\n<p>Se hai bisogno di chiarimenti su un passaggio o sulla procedura di accesso a Gamblerina, il nostro team di assistenza multilingue \u00e8 sempre pronto ad aiutarti. Puoi contattarci tramite live chat o e-mail. Se hai fretta, la chat \u00e8 pi\u00f9 utile. Se hai una richiesta complessa, l\u2019e-mail ti permette di descriverla in dettaglio, prendendoti tutto il tempo necessario.<\/p>\n<p>Da parte nostra, Gamble Rina implementa tutti gli strumenti moderni per garantire la sicurezza dei tuoi dati: TLS 1.3 e crittografia AES a 256 bit, Web Application Firewall, metodi di scambio di chiavi sicuri tra cui ECHDE e RSA-2048, e l\u2019elenco potrebbe continuare all\u2019infinito. Gamblerina Casino detiene una licenza rilasciata dalla Cura\u00e7ao Gaming Control Board, che ci obbliga a mantenere il massimo livello di sicurezza.<\/p>\n<h3>Hai dimenticato la password?<\/h3>\n<p>Succede anche ai migliori. Se dimentichi la password, hai due opzioni: contattaci tramite la live chat o reimposta la password da solo. Puoi farlo durante la procedura di accesso a Gamblerina. Basta cliccare su \u00abHai dimenticato la password?\u00bb e inserire la tua email per ricevere il link per reimpostare la password. Segui le istruzioni e imposta una nuova password.<\/p>\n<h2>Domande frequenti<\/h2>\n<h3>Come posso completare la procedura di verifica dell\u2019account?<\/h3>\n<p>Per completare la procedura di verifica su Gamblerina Casino, devi fornire tutti i documenti richiesti per confermare la tua identit\u00e0 e la legalit\u00e0 dei tuoi metodi di pagamento.<\/p>\n<h3>Come si aggiorna la password o l\u2019indirizzo e-mail?<\/h3>\n<p>Puoi cambiare il tuo indirizzo e-mail fino a tre volte al giorno nel tuo Profilo. Vai su \u00abGenerale\u00bb e \u00abModifica dati personali\u00bb. Se vuoi cambiare la tua password, vai su \u00abSicurezza\u00bb e clicca su \u00abCambia\u00bb nella barra della password.<\/p>\n<h3>Posso condividere il mio profilo su Gamblerina con un amico?<\/h3>\n<p>Te lo sconsigliamo vivamente. L\u2019utilizzo dello stesso account da parte di due persone \u00e8 contrario alla nostra politica, per non parlare dei rischi per la sicurezza del tuo account. Creare un account su Gamblerina Casino \u00e8 abbastanza semplice da permettere a tutti di avere il proprio account.<\/p>\n<\/div><\/div><\/p>\n","protected":false},"excerpt":{"rendered":"<p>Accesso e registrazione all\u2019account Gamblerina Senza un account, visitare Gamblerina Casino pu\u00f2 sembrare come guardare le vetrine: centinaia di articoli in mostra, ma nessuno che puoi acquistare. Questo ostacolo, tuttavia, \u00e8 facile da superare. Una volta premuto il pulsante di Gamblerina login, tutte le barriere cadono per darti accesso illimitato a tutti i nostri giochi [&hellip;]<\/p>\n","protected":false},"author":20,"featured_media":0,"parent":0,"menu_order":0,"comment_status":"closed","ping_status":"closed","template":"template-builder.php","meta":{"_acf_changed":false,"inline_featured_image":false,"footnotes":""},"class_list":["post-1566","page","type-page","status-publish","hentry"],"acf":[],"yoast_head":"<!-- This site is optimized with the Yoast SEO plugin v27.3 - https:\/\/yoast.com\/product\/yoast-seo-wordpress\/ -->\n<title>Gamblerina Login \u2013 Registrazione e gestione dell&#039;account<\/title>\n<meta name=\"description\" content=\"Crea, gestisci e verifica facilmente il tuo account Gamblerina Casino grazie alla registrazione rapida, al recupero dell&#039;account senza intoppi e alla chiusura sicura dell&#039;account, garantendo una protezione 24 ore su 24, 7 giorni su 7 tramite Gamblerina Login.\" \/>\n<meta name=\"robots\" content=\"index, follow, max-snippet:-1, max-image-preview:large, max-video-preview:-1\" \/>\n<link rel=\"canonical\" href=\"https:\/\/gamblerina.net\/it\/accesso-e-registrazione\/\" \/>\n<meta property=\"og:locale\" content=\"it_IT\" \/>\n<meta property=\"og:type\" content=\"article\" \/>\n<meta property=\"og:title\" content=\"Gamblerina Login \u2013 Registrazione e gestione dell&#039;account\" \/>\n<meta property=\"og:description\" content=\"Crea, gestisci e verifica facilmente il tuo account Gamblerina Casino grazie alla registrazione rapida, al recupero dell&#039;account senza intoppi e alla chiusura sicura dell&#039;account, garantendo una protezione 24 ore su 24, 7 giorni su 7 tramite Gamblerina Login.\" \/>\n<meta property=\"og:url\" content=\"https:\/\/gamblerina.net\/it\/accesso-e-registrazione\/\" \/>\n<meta property=\"og:site_name\" content=\"gamblerina\" \/>\n<meta property=\"article:modified_time\" content=\"2026-05-04T07:53:35+00:00\" \/>\n<meta name=\"twitter:card\" content=\"summary_large_image\" \/>\n<meta name=\"twitter:label1\" content=\"Tempo di lettura stimato\" \/>\n\t<meta name=\"twitter:data1\" content=\"1 minuto\" \/>\n<script type=\"application\/ld+json\" class=\"yoast-schema-graph\">{\"@context\":\"https:\\\/\\\/schema.org\",\"@graph\":[{\"@type\":\"WebPage\",\"@id\":\"https:\\\/\\\/gamblerina.net\\\/it\\\/accesso-e-registrazione\\\/\",\"url\":\"https:\\\/\\\/gamblerina.net\\\/it\\\/accesso-e-registrazione\\\/\",\"name\":\"Gamblerina Login \u2013 Registrazione e gestione dell'account\",\"isPartOf\":{\"@id\":\"https:\\\/\\\/gamblerina.net\\\/it\\\/#website\"},\"datePublished\":\"2026-04-30T13:13:37+00:00\",\"dateModified\":\"2026-05-04T07:53:35+00:00\",\"description\":\"Crea, gestisci e verifica facilmente il tuo account Gamblerina Casino grazie alla registrazione rapida, al recupero dell'account senza intoppi e alla chiusura sicura dell'account, garantendo una protezione 24 ore su 24, 7 giorni su 7 tramite Gamblerina Login.\",\"breadcrumb\":{\"@id\":\"https:\\\/\\\/gamblerina.net\\\/it\\\/accesso-e-registrazione\\\/#breadcrumb\"},\"inLanguage\":\"it-IT\",\"potentialAction\":[{\"@type\":\"ReadAction\",\"target\":[\"https:\\\/\\\/gamblerina.net\\\/it\\\/accesso-e-registrazione\\\/\"]}]},{\"@type\":\"BreadcrumbList\",\"@id\":\"https:\\\/\\\/gamblerina.net\\\/it\\\/accesso-e-registrazione\\\/#breadcrumb\",\"itemListElement\":[{\"@type\":\"ListItem\",\"position\":1,\"name\":\"Gamblerina\",\"item\":\"https:\\\/\\\/gamblerina.net\\\/it\\\/\"},{\"@type\":\"ListItem\",\"position\":2,\"name\":\"Accesso e registrazione\"}]},{\"@type\":\"WebSite\",\"@id\":\"https:\\\/\\\/gamblerina.net\\\/it\\\/#website\",\"url\":\"https:\\\/\\\/gamblerina.net\\\/it\\\/\",\"name\":\"Gamblerina\",\"description\":\"\",\"publisher\":{\"@id\":\"https:\\\/\\\/gamblerina.net\\\/it\\\/#organization\"},\"potentialAction\":[{\"@type\":\"SearchAction\",\"target\":{\"@type\":\"EntryPoint\",\"urlTemplate\":\"https:\\\/\\\/gamblerina.net\\\/it\\\/?s={search_term_string}\"},\"query-input\":{\"@type\":\"PropertyValueSpecification\",\"valueRequired\":true,\"valueName\":\"search_term_string\"}}],\"inLanguage\":\"it-IT\"},{\"@type\":\"Organization\",\"@id\":\"https:\\\/\\\/gamblerina.net\\\/it\\\/#organization\",\"name\":\"Gamblerina\",\"url\":\"https:\\\/\\\/gamblerina.net\\\/it\\\/\",\"logo\":{\"@type\":\"ImageObject\",\"inLanguage\":\"it-IT\",\"@id\":\"https:\\\/\\\/gamblerina.net\\\/it\\\/#\\\/schema\\\/logo\\\/image\\\/\",\"url\":\"https:\\\/\\\/gamblerina.net\\\/wp-content\\\/uploads\\\/2026\\\/04\\\/Gamblerina-logo.png\",\"contentUrl\":\"https:\\\/\\\/gamblerina.net\\\/wp-content\\\/uploads\\\/2026\\\/04\\\/Gamblerina-logo.png\",\"width\":196,\"height\":40,\"caption\":\"Gamblerina\"},\"image\":{\"@id\":\"https:\\\/\\\/gamblerina.net\\\/it\\\/#\\\/schema\\\/logo\\\/image\\\/\"}}]}<\/script>\n<!-- \/ Yoast SEO plugin. -->","yoast_head_json":{"title":"Gamblerina Login \u2013 Registrazione e gestione dell'account","description":"Crea, gestisci e verifica facilmente il tuo account Gamblerina Casino grazie alla registrazione rapida, al recupero dell'account senza intoppi e alla chiusura sicura dell'account, garantendo una protezione 24 ore su 24, 7 giorni su 7 tramite Gamblerina Login.","robots":{"index":"index","follow":"follow","max-snippet":"max-snippet:-1","max-image-preview":"max-image-preview:large","max-video-preview":"max-video-preview:-1"},"canonical":"https:\/\/gamblerina.net\/it\/accesso-e-registrazione\/","og_locale":"it_IT","og_type":"article","og_title":"Gamblerina Login \u2013 Registrazione e gestione dell'account","og_description":"Crea, gestisci e verifica facilmente il tuo account Gamblerina Casino grazie alla registrazione rapida, al recupero dell'account senza intoppi e alla chiusura sicura dell'account, garantendo una protezione 24 ore su 24, 7 giorni su 7 tramite Gamblerina Login.","og_url":"https:\/\/gamblerina.net\/it\/accesso-e-registrazione\/","og_site_name":"gamblerina","article_modified_time":"2026-05-04T07:53:35+00:00","twitter_card":"summary_large_image","twitter_misc":{"Tempo di lettura stimato":"1 minuto"},"schema":{"@context":"https:\/\/schema.org","@graph":[{"@type":"WebPage","@id":"https:\/\/gamblerina.net\/it\/accesso-e-registrazione\/","url":"https:\/\/gamblerina.net\/it\/accesso-e-registrazione\/","name":"Gamblerina Login \u2013 Registrazione e gestione dell'account","isPartOf":{"@id":"https:\/\/gamblerina.net\/it\/#website"},"datePublished":"2026-04-30T13:13:37+00:00","dateModified":"2026-05-04T07:53:35+00:00","description":"Crea, gestisci e verifica facilmente il tuo account Gamblerina Casino grazie alla registrazione rapida, al recupero dell'account senza intoppi e alla chiusura sicura dell'account, garantendo una protezione 24 ore su 24, 7 giorni su 7 tramite Gamblerina Login.","breadcrumb":{"@id":"https:\/\/gamblerina.net\/it\/accesso-e-registrazione\/#breadcrumb"},"inLanguage":"it-IT","potentialAction":[{"@type":"ReadAction","target":["https:\/\/gamblerina.net\/it\/accesso-e-registrazione\/"]}]},{"@type":"BreadcrumbList","@id":"https:\/\/gamblerina.net\/it\/accesso-e-registrazione\/#breadcrumb","itemListElement":[{"@type":"ListItem","position":1,"name":"Gamblerina","item":"https:\/\/gamblerina.net\/it\/"},{"@type":"ListItem","position":2,"name":"Accesso e registrazione"}]},{"@type":"WebSite","@id":"https:\/\/gamblerina.net\/it\/#website","url":"https:\/\/gamblerina.net\/it\/","name":"Gamblerina","description":"","publisher":{"@id":"https:\/\/gamblerina.net\/it\/#organization"},"potentialAction":[{"@type":"SearchAction","target":{"@type":"EntryPoint","urlTemplate":"https:\/\/gamblerina.net\/it\/?s={search_term_string}"},"query-input":{"@type":"PropertyValueSpecification","valueRequired":true,"valueName":"search_term_string"}}],"inLanguage":"it-IT"},{"@type":"Organization","@id":"https:\/\/gamblerina.net\/it\/#organization","name":"Gamblerina","url":"https:\/\/gamblerina.net\/it\/","logo":{"@type":"ImageObject","inLanguage":"it-IT","@id":"https:\/\/gamblerina.net\/it\/#\/schema\/logo\/image\/","url":"https:\/\/gamblerina.net\/wp-content\/uploads\/2026\/04\/Gamblerina-logo.png","contentUrl":"https:\/\/gamblerina.net\/wp-content\/uploads\/2026\/04\/Gamblerina-logo.png","width":196,"height":40,"caption":"Gamblerina"},"image":{"@id":"https:\/\/gamblerina.net\/it\/#\/schema\/logo\/image\/"}}]}},"_links":{"self":[{"href":"https:\/\/gamblerina.net\/it\/wp-json\/wp\/v2\/pages\/1566","targetHints":{"allow":["GET"]}}],"collection":[{"href":"https:\/\/gamblerina.net\/it\/wp-json\/wp\/v2\/pages"}],"about":[{"href":"https:\/\/gamblerina.net\/it\/wp-json\/wp\/v2\/types\/page"}],"author":[{"embeddable":true,"href":"https:\/\/gamblerina.net\/it\/wp-json\/wp\/v2\/users\/20"}],"replies":[{"embeddable":true,"href":"https:\/\/gamblerina.net\/it\/wp-json\/wp\/v2\/comments?post=1566"}],"version-history":[{"count":2,"href":"https:\/\/gamblerina.net\/it\/wp-json\/wp\/v2\/pages\/1566\/revisions"}],"predecessor-version":[{"id":1769,"href":"https:\/\/gamblerina.net\/it\/wp-json\/wp\/v2\/pages\/1566\/revisions\/1769"}],"wp:attachment":[{"href":"https:\/\/gamblerina.net\/it\/wp-json\/wp\/v2\/media?parent=1566"}],"curies":[{"name":"wp","href":"https:\/\/api.w.org\/{rel}","templated":true}]}}