{"id":1526,"date":"2026-04-30T14:09:02","date_gmt":"2026-04-30T13:09:02","guid":{"rendered":"https:\/\/gamblerina.net\/app\/"},"modified":"2026-05-04T09:07:26","modified_gmt":"2026-05-04T08:07:26","slug":"aplikacja","status":"publish","type":"page","link":"https:\/\/gamblerina.net\/pl\/aplikacja\/","title":{"rendered":"Aplikacja"},"content":{"rendered":"<h1>Dost\u0119p mobilny do Gamblerina<\/h1>\n<p>W dzisiejszych czasach wydaje si\u0119, \u017ce ka\u017cdy ma jak\u0105\u015b aplikacj\u0119, i jest ku temu dobry pow\u00f3d. Coraz wi\u0119cej os\u00f3b ma urz\u0105dzenia mobilne zamiast komputer\u00f3w stacjonarnych, a my chcemy dotrze\u0107 do wszystkich polskich graczy, kt\u00f3rzy chc\u0105 si\u0119 z nami skontaktowa\u0107. Dlatego przedstawiamy Ci nasz\u0105 Gamblerina App \u2013 wygodny spos\u00f3b na dobr\u0105 zabaw\u0119, nawet gdy nie masz pod r\u0119k\u0105 komputera.<\/p>\n<div class=\"banner-wrap\" aria-label=\"Banner\"><img src=\"https:\/\/gamblerina.net\/wp-content\/uploads\/2026\/04\/Gamblerina-banner-carousel-800\u0445400.webp\" class=\"w-100 d-none d-lg-block img-pc main-banner-img\" alt=\"gamblerina banner desktop\" fetchpriority=\"high\" decoding=\"async\"><img src=\"https:\/\/gamblerina.net\/wp-content\/uploads\/2026\/04\/gamblerina-banner-mobile.webp\" class=\"w-100 d-none d-md-block d-lg-none main-banner-img\" alt=\"gamblerina banner mobile\" fetchpriority=\"high\" decoding=\"async\"><img src=\"https:\/\/gamblerina.net\/wp-content\/uploads\/2026\/04\/gamblerina-banner-mobile.webp\" class=\"w-100 d-md-none\" alt=\"gamblerina banner mobile\" fetchpriority=\"high\" decoding=\"async\"><div class=\"banner-description\">\n<div class=\"banner-title\">Bonusy powitalne<\/div>\n<p class=\"banner-header-title\">1500 \u20ac<\/p>\n<div class=\"banner-header-AdditionalText\">+ 250 Darmowe spiny<\/div>\n<button data-item=\"homepage_banner_link\" class=\"goto m-button m-gradient-border m-button--primary m-button--large banner-button btn-orange\">\n            <div class=\"m-button-content\">\n                <span>Zarejestruj si\u0119 teraz<\/span>\n                <span><\/span>\n            <\/div>\n        <\/button>\n<\/div>\n<div class=\"WelcomePack\">\n<p><img loading=\"lazy\" decoding=\"async\" class=\"alignnone size-full wp-image-1387\" src=\"https:\/\/gamblerina.net\/wp-content\/uploads\/2026\/04\/welcome-crown.png\" alt=\"crown\" width=\"25\" height=\"26\" \/><\/p>\n<div class=\"WelcomePack-Info\">Cotygodniowy zwrot got\u00f3wki do 25%<\/div>\n<p><img loading=\"lazy\" decoding=\"async\" class=\"alignnone size-full wp-image-1387\" src=\"https:\/\/gamblerina.net\/wp-content\/uploads\/2026\/04\/welcome-crown.png\" alt=\"crown\" width=\"25\" height=\"26\" \/><\/p>\n<\/div>\n<\/div>\n<h2>Korzystanie z Gambleriny na telefonie<\/h2>\n<p>Statystyki pokazuj\u0105, \u017ce prawie 80% naszych u\u017cytkownik\u00f3w woli urz\u0105dzenia mobilne od komputer\u00f3w stacjonarnych, przynajmniej je\u015bli chodzi o odwiedzanie Gamble Rina. By\u0142oby z naszej strony bardzo kr\u00f3tkowzroczne, gdyby\u015bmy nie wzi\u0119li tego pod uwag\u0119, zw\u0142aszcza je\u015bli chodzi o wra\u017cenia z gry. Dlatego u\u017cytkownicy mobilni maj\u0105 dwie g\u0142\u00f3wne mo\u017cliwo\u015bci odwiedzenia nas: przez przegl\u0105dark\u0119 lub dedykowan\u0105 aplikacj\u0119.<\/p>\n<p>Nasza aplikacja nie r\u00f3\u017cni si\u0119 od innych, z kt\u00f3rych korzysta\u0142e\u015b, z t\u0105 r\u00f3\u017cnic\u0105, \u017ce prawie nie zajmuje miejsca i dzia\u0142a p\u0142ynnie. C\u00f3\u017c, mo\u017ce jednak si\u0119 r\u00f3\u017cni. Nasz zesp\u00f3\u0142 postawi\u0142 sobie za cel stworzenie najlepszego mobilnego kasyna, dlatego stworzyli\u015bmy aplikacj\u0119, kt\u00f3ra jest r\u00f3wnie \u0142atwa w obs\u0142udze, co zabawna.<\/p>\n<p>G\u0142\u00f3wn\u0105 zalet\u0105 korzystania z aplikacji Gamblerina jest jej wygoda. Zaprojektowali\u015bmy j\u0105 tak, aby nawigacja by\u0142a \u0142atwa niezale\u017cnie od rozmiaru ekranu. Wszystkie funkcje, z kt\u00f3rych korzystasz cz\u0119\u015bciej ni\u017c z innych, znajduj\u0105 si\u0119 na ekranie g\u0142\u00f3wnym kasyna Gamble Rina, przypi\u0119te do paska interfejsu, kt\u00f3ry pozostaje na swoim miejscu, gdy przewijasz nasz\u0105 kolekcj\u0119 ponad 6 000 slot\u00f3w online, gier sto\u0142owych i gier kasynowych na \u017cywo.<\/p>\n<p><div class=\"scrollable-content-wrap my-5\"><div class=\"scrollable-content-inner\"><h2>Aplikacja Gamblerina na Androida<\/h2>\n<p>Wszyscy gracze korzystaj\u0105cy z Gambleriny na Androida mog\u0105 skorzysta\u0107 z aplikacji, kt\u00f3r\u0105 do tej pory tak dok\u0142adnie opisywa\u0142em. Nie musisz jej szuka\u0107 w Sklepie Play ani nawet logowa\u0107 si\u0119 na swoje konto Google Play. Mo\u017cesz j\u0105 pobra\u0107 za darmo z naszej strony. Wystarczy kilka klikni\u0119\u0107, a ikona Gamble Rina Casino pojawi si\u0119 na Twoim ekranie g\u0142\u00f3wnym.<\/p>\n<h3>Zalety aplikacji PWA Gamblerina<\/h3>\n<p>Aplikacja, kt\u00f3r\u0105 stworzyli\u015bmy, to PWA (Progressive Web Application). Je\u015bli te s\u0142owa niewiele dla Ciebie znacz\u0105, to jest to aplikacja, kt\u00f3ra dzia\u0142a w przegl\u0105darce, ale oferuje wra\u017cenia podobne do aplikacji mobilnej wraz ze wszystkimi jej funkcjami. Oto jak aplikacja Gamblerina wypada w por\u00f3wnaniu ze zwyk\u0142ym oprogramowaniem.<\/p>\n<table>\n<tbody>\n<tr>\n<td>Cechy<\/td>\n<td>PWA<\/td>\n<td>Zwyk\u0142a aplikacja<\/td>\n<\/tr>\n<tr>\n<td>Spos\u00f3b pobierania<\/td>\n<td>Przez przegl\u0105dark\u0119.<\/td>\n<td>Przez dedykowany sklep z aplikacjami (App Store, Google Play Store).<\/td>\n<\/tr>\n<tr>\n<td>Szybko\u015b\u0107 pobierania<\/td>\n<td>Natychmiastowa, poniewa\u017c \u017cadne pliki nie s\u0105 pobierane bezpo\u015brednio na Twoje urz\u0105dzenie.<\/td>\n<td>Zale\u017cy od rozmiaru aplikacji i szybko\u015bci Twojego internetu (nie natychmiastowe)<\/td>\n<\/tr>\n<tr>\n<td>Dost\u0119p do innych funkcji (aparat, lokalizacja)<\/td>\n<td>Nie potrzebuje dost\u0119pu do \u017cadnych innych aplikacji ani o niego nie prosi<\/td>\n<td>Prosi o dost\u0119p do innych aplikacji i funkcji na Twoim urz\u0105dzeniu, czasem nawet do tych, kt\u00f3rych nie powinna potrzebowa\u0107.<\/td>\n<\/tr>\n<tr>\n<td>Miejsce na dysku<\/td>\n<td>To nie jest pe\u0142nowymiarowa aplikacja, wi\u0119c jest bardzo lekka<\/td>\n<td>Zajmuje wi\u0119cej miejsca<\/td>\n<\/tr>\n<tr>\n<td>Aktualizacje<\/td>\n<td>Aktualizuje si\u0119 natychmiast po klikni\u0119ciu ikony<\/td>\n<td>Wymaga regularnych aktualizacji<\/td>\n<\/tr>\n<tr>\n<td>Powiadomienia<\/td>\n<td>Dost\u0119pne w zale\u017cno\u015bci od przegl\u0105darki<\/td>\n<td>Zawsze dost\u0119pne<\/td>\n<\/tr>\n<\/tbody>\n<\/table>\n<p>Nie musisz zak\u0142ada\u0107 osobnego konta w naszej aplikacji Gamble Rina. W rzeczywisto\u015bci by\u0142oby to sprzeczne z nasz\u0105 zasad\u0105 \u201ejedno konto na osob\u0119\u201d. Je\u015bli pobierzesz nasz\u0105 aplikacj\u0119 po zalogowaniu si\u0119, aplikacja automatycznie zsynchronizuje si\u0119 z Twoim kontem i od razu b\u0119dziesz mie\u0107 dost\u0119p do wszystkich swoich danych.<\/p>\n<p>Je\u015bli pobierzesz aplikacj\u0119 przed utworzeniem konta, b\u0119dziesz musia\u0142 zarejestrowa\u0107 si\u0119 w taki sam spos\u00f3b, jak w przegl\u0105darkowej wersji Gamblerina Casino. Proces jest taki sam: wystarczy poda\u0107 adres e-mail, utworzy\u0107 silne has\u0142o, poda\u0107 imi\u0119 i nazwisko oraz numer telefonu \u2013 i ju\u017c mo\u017cesz gra\u0107.<\/p>\n<p>Mo\u017cesz r\u00f3wnie\u017c wyp\u0142aca\u0107 wygrane za po\u015brednictwem aplikacji Gamblerina. Podobnie jak w przypadku wersji przegl\u0105darkowej, musisz najpierw przej\u015b\u0107 proces weryfikacji, aby wyp\u0142aty by\u0142y dost\u0119pne na Twoim koncie. Je\u015bli ju\u017c to zrobi\u0142e\u015b, nie musisz przechodzi\u0107 przez ten proces ponownie.<\/p>\n<h3>Informacje o pliku APK Gamblerina<\/h3>\n<p>U\u017cytkownicy Androida mog\u0105 pobra\u0107 pliki APK, aby zainstalowa\u0107 oprogramowanie. Odradzamy instalowanie jakichkolwiek plik\u00f3w APK Gamblerina, na kt\u00f3re mo\u017cesz natrafi\u0107 podczas surfowania po Internecie. Pliki te s\u0105 prawdopodobnie z\u0142o\u015bliwym oprogramowaniem, kt\u00f3re mo\u017ce wykra\u015b\u0107 Twoje dane lub unieruchomi\u0107 urz\u0105dzenie. Skontaktuj si\u0119 z nami przez czat na \u017cywo, je\u015bli masz jakiekolwiek w\u0105tpliwo\u015bci co do autentyczno\u015bci jakiegokolwiek pliku.<\/p>\n<p><img loading=\"lazy\" decoding=\"async\" src=\"https:\/\/gamblerina.net\/wp-content\/uploads\/2026\/04\/Gamblerina-Android-App.webp\" alt=\"Gamblerina Android App\" width=\"1248\" height=\"536\" \/><\/p>\n<\/div><\/div><div style=\"clear: both\"><\/div><div class=\"d-flex justify-content-center\"><button data-item=\"decouvrez_link\" data-group=\"website_links\" class=\"goto fw-bold rounded-pill btn btn-orange\" aria-label=\"Pobierz aplikacj\u0119 Gamblerina\" >Pobierz aplikacj\u0119 Gamblerina<\/button><\/div><div class=\"scrollable-content-wrap my-5\"><div class=\"scrollable-content-inner\"><h2>Aplikacja Gamblerina na iOS<\/h2>\n<p>Oczywi\u015bcie u\u017cytkownicy iPhone&#8217;\u00f3w i iPad\u00f3w r\u00f3wnie\u017c mog\u0105 korzysta\u0107 z zalet aplikacji Gamblerina. Proces instalacji jest taki sam: nie musisz przeszukiwa\u0107 App Store, aby nas znale\u017a\u0107. Najszybszym i najbezpieczniejszym sposobem jest przej\u015bcie bezpo\u015brednio do kasyna Gamblerina i wykonanie nast\u0119puj\u0105cych czynno\u015bci:<\/p>\n<ol>\n<li>Otw\u00f3rz kasyno Gamblerina w przegl\u0105darce Safari.<\/li>\n<li>Naci\u015bnij przycisk \u201eUdost\u0119pnij\u201d.<\/li>\n<li>Wybierz \u201eDodaj do ekranu g\u0142\u00f3wnego\u201d.<\/li>\n<li>Potwierd\u017a, klikaj\u0105c \u201eDodaj\u201d.<\/li>\n<\/ol>\n<p>I tak po prostu \u2013 kasyno Gamblerina jest teraz od Ciebie oddalone o zaledwie jedno klikni\u0119cie. Mo\u017cesz te\u017c klikn\u0105\u0107 baner naszej aplikacji kasynowej, kt\u00f3ry przekieruje Ci\u0119 na stron\u0119 instalacyjn\u0105. Je\u015bli jednak wolisz odwiedza\u0107 Gamblerin\u0119 w przegl\u0105darce, mo\u017cesz doda\u0107 nas do zak\u0142adek lub ulubionych. Je\u015bli masz pytania dotycz\u0105ce kt\u00f3regokolwiek z tych krok\u00f3w, nasz zesp\u00f3\u0142 obs\u0142ugi klienta jest zawsze do Twojej dyspozycji.<\/p>\n<p><img loading=\"lazy\" decoding=\"async\" src=\"https:\/\/gamblerina.net\/wp-content\/uploads\/2026\/04\/Gamblerina-iOS-App.webp\" alt=\"Gamblerina iOS App\" width=\"1248\" height=\"536\" \/><\/p>\n<\/div><\/div><div style=\"clear: both\"><\/div><div class=\"d-flex justify-content-center\"><button data-item=\"decouvrez_link\" data-group=\"website_links\" class=\"goto fw-bold rounded-pill btn btn-orange\" aria-label=\"Pobierz Gamblerina\" >Pobierz Gamblerina<\/button><\/div><div class=\"scrollable-content-wrap my-5\"><div class=\"scrollable-content-inner\"><h2>Aplikacja na komputery z systemem Windows i macOS<\/h2>\n<p>Je\u015bli nadal wolisz gra\u0107 w Gamblerina Casino na komputerze, nadal mo\u017cesz zainstalowa\u0107 aplikacj\u0119. Ka\u017cdy dostaje aplikacj\u0119, niezale\u017cnie od tego, jakie urz\u0105dzenie wybierzesz. Mo\u017cesz przypi\u0105\u0107 kart\u0119 lub doda\u0107 stron\u0119 naszego kasyna do ulubionych, ale oprogramowanie jest po prostu o wiele lepsze.<\/p>\n<p>Gdziekolwiek jeste\u015b w Gamble Rina, nigdy nie jeste\u015b dalej ni\u017c dwa klikni\u0119cia od naszej aplikacji. W pasku adresu znajduje si\u0119 ikona pobierania, a w naszym wysuwanym menu przycisk aplikacji kasyna. Dzia\u0142a to zar\u00f3wno w systemie Windows, jak i macOS, wi\u0119c nie musisz nawet otwiera\u0107 Microsoft Store ani \u017cadnego innego miejsca, z kt\u00f3rego pobierasz oprogramowanie.<\/p>\n<p><img loading=\"lazy\" decoding=\"async\" src=\"https:\/\/gamblerina.net\/wp-content\/uploads\/2026\/04\/Gamblerina-Desktop.webp\" alt=\"Gamblerina Desktop\" width=\"1248\" height=\"536\" \/><\/p>\n<\/div><\/div><div style=\"clear: both\"><\/div><div class=\"d-flex justify-content-center\"><button data-item=\"decouvrez_link\" data-group=\"website_links\" class=\"goto fw-bold rounded-pill btn btn-orange\" aria-label=\"Pobierz aplikacj\u0119 Gamblerina\" >Pobierz aplikacj\u0119 Gamblerina<\/button><\/div><div class=\"scrollable-content-wrap my-5\"><div class=\"scrollable-content-inner\"><h2>FAQ<\/h2>\n<h3>Czy do korzystania z aplikacji Gamblerina trzeba za\u0142o\u017cy\u0107 konto?<\/h3>\n<p>Mo\u017cesz pobra\u0107 nasz\u0105 aplikacj\u0119 zaraz po wej\u015bciu na nasz\u0105 stron\u0119. Nie potrzebujesz konta, \u017ceby korzysta\u0107 z naszego oprogramowania, ale potrzebujesz go, \u017ceby zacz\u0105\u0107 gra\u0107.<\/p>\n<h3>Czy aplikacja Gamblerina Casino oferuje obs\u0142ug\u0119 klienta?<\/h3>\n<p>Nasza aplikacja ma wszystkie te same funkcje, co nasza strona internetowa, wi\u0119c tak, mo\u017cesz skontaktowa\u0107 si\u0119 z naszym zespo\u0142em obs\u0142ugi klienta przez czat na \u017cywo lub e-mail podczas korzystania z niej.<\/p>\n<h3>Czy mog\u0119 zalogowa\u0107 si\u0119 do aplikacji Gamblerina za pomoc\u0105 uwierzytelniania biometrycznego?<\/h3>\n<p>Je\u015bli Twoje urz\u0105dzenie obs\u0142uguje uwierzytelnianie biometryczne i jest ono w\u0142\u0105czone, to tak. To \u015bwietny spos\u00f3b na zapewnienie bezpiecze\u0144stwa Twojego konta i radzimy wszystkim naszym klientom, aby je w\u0142\u0105czyli.<\/p>\n<\/div><\/div><\/p>\n","protected":false},"excerpt":{"rendered":"<p>Dost\u0119p mobilny do Gamblerina W dzisiejszych czasach wydaje si\u0119, \u017ce ka\u017cdy ma jak\u0105\u015b aplikacj\u0119, i jest ku temu dobry pow\u00f3d. Coraz wi\u0119cej os\u00f3b ma urz\u0105dzenia mobilne zamiast komputer\u00f3w stacjonarnych, a my chcemy dotrze\u0107 do wszystkich polskich graczy, kt\u00f3rzy chc\u0105 si\u0119 z nami skontaktowa\u0107. Dlatego przedstawiamy Ci nasz\u0105 Gamblerina App \u2013 wygodny spos\u00f3b na dobr\u0105 zabaw\u0119, [&hellip;]<\/p>\n","protected":false},"author":20,"featured_media":0,"parent":0,"menu_order":0,"comment_status":"closed","ping_status":"closed","template":"template-builder.php","meta":{"_acf_changed":false,"inline_featured_image":false,"footnotes":""},"class_list":["post-1526","page","type-page","status-publish","hentry"],"acf":[],"yoast_head":"<!-- This site is optimized with the Yoast SEO plugin v27.3 - https:\/\/yoast.com\/product\/yoast-seo-wordpress\/ -->\n<title>Pobierz Gamblerina App | iOS i Android<\/title>\n<meta name=\"description\" content=\"Aplikacja Gamblerina zapewnia p\u0142ynn\u0105 rozgrywk\u0119 na platformach Android, iOS, Windows i macOS, a tak\u017ce oferuje synchronizacj\u0119 kont, regularne aktualizacje oraz wbudowan\u0105 obs\u0142ug\u0119 klienta, co znacznie u\u0142atwia korzystanie z aplikacji.\" \/>\n<meta name=\"robots\" content=\"index, follow, max-snippet:-1, max-image-preview:large, max-video-preview:-1\" \/>\n<link rel=\"canonical\" href=\"https:\/\/gamblerina.net\/pl\/aplikacja\/\" \/>\n<meta property=\"og:locale\" content=\"pl_PL\" \/>\n<meta property=\"og:type\" content=\"article\" \/>\n<meta property=\"og:title\" content=\"Pobierz Gamblerina App | iOS i Android\" \/>\n<meta property=\"og:description\" content=\"Aplikacja Gamblerina zapewnia p\u0142ynn\u0105 rozgrywk\u0119 na platformach Android, iOS, Windows i macOS, a tak\u017ce oferuje synchronizacj\u0119 kont, regularne aktualizacje oraz wbudowan\u0105 obs\u0142ug\u0119 klienta, co znacznie u\u0142atwia korzystanie z aplikacji.\" \/>\n<meta property=\"og:url\" content=\"https:\/\/gamblerina.net\/pl\/aplikacja\/\" \/>\n<meta property=\"og:site_name\" content=\"gamblerina\" \/>\n<meta property=\"article:modified_time\" content=\"2026-05-04T08:07:26+00:00\" \/>\n<meta name=\"twitter:card\" content=\"summary_large_image\" \/>\n<meta name=\"twitter:label1\" content=\"Szacowany czas czytania\" \/>\n\t<meta name=\"twitter:data1\" content=\"2 minuty\" \/>\n<script type=\"application\/ld+json\" class=\"yoast-schema-graph\">{\"@context\":\"https:\\\/\\\/schema.org\",\"@graph\":[{\"@type\":\"WebPage\",\"@id\":\"https:\\\/\\\/gamblerina.net\\\/pl\\\/aplikacja\\\/\",\"url\":\"https:\\\/\\\/gamblerina.net\\\/pl\\\/aplikacja\\\/\",\"name\":\"Pobierz Gamblerina App | iOS i Android\",\"isPartOf\":{\"@id\":\"https:\\\/\\\/gamblerina.net\\\/pl\\\/#website\"},\"datePublished\":\"2026-04-30T13:09:02+00:00\",\"dateModified\":\"2026-05-04T08:07:26+00:00\",\"description\":\"Aplikacja Gamblerina zapewnia p\u0142ynn\u0105 rozgrywk\u0119 na platformach Android, iOS, Windows i macOS, a tak\u017ce oferuje synchronizacj\u0119 kont, regularne aktualizacje oraz wbudowan\u0105 obs\u0142ug\u0119 klienta, co znacznie u\u0142atwia korzystanie z aplikacji.\",\"breadcrumb\":{\"@id\":\"https:\\\/\\\/gamblerina.net\\\/pl\\\/aplikacja\\\/#breadcrumb\"},\"inLanguage\":\"pl-PL\",\"potentialAction\":[{\"@type\":\"ReadAction\",\"target\":[\"https:\\\/\\\/gamblerina.net\\\/pl\\\/aplikacja\\\/\"]}]},{\"@type\":\"BreadcrumbList\",\"@id\":\"https:\\\/\\\/gamblerina.net\\\/pl\\\/aplikacja\\\/#breadcrumb\",\"itemListElement\":[{\"@type\":\"ListItem\",\"position\":1,\"name\":\"Gamblerina\",\"item\":\"https:\\\/\\\/gamblerina.net\\\/pl\\\/\"},{\"@type\":\"ListItem\",\"position\":2,\"name\":\"Aplikacja\"}]},{\"@type\":\"WebSite\",\"@id\":\"https:\\\/\\\/gamblerina.net\\\/pl\\\/#website\",\"url\":\"https:\\\/\\\/gamblerina.net\\\/pl\\\/\",\"name\":\"Gamblerina\",\"description\":\"\",\"publisher\":{\"@id\":\"https:\\\/\\\/gamblerina.net\\\/pl\\\/#organization\"},\"potentialAction\":[{\"@type\":\"SearchAction\",\"target\":{\"@type\":\"EntryPoint\",\"urlTemplate\":\"https:\\\/\\\/gamblerina.net\\\/pl\\\/?s={search_term_string}\"},\"query-input\":{\"@type\":\"PropertyValueSpecification\",\"valueRequired\":true,\"valueName\":\"search_term_string\"}}],\"inLanguage\":\"pl-PL\"},{\"@type\":\"Organization\",\"@id\":\"https:\\\/\\\/gamblerina.net\\\/pl\\\/#organization\",\"name\":\"Gamblerina\",\"url\":\"https:\\\/\\\/gamblerina.net\\\/pl\\\/\",\"logo\":{\"@type\":\"ImageObject\",\"inLanguage\":\"pl-PL\",\"@id\":\"https:\\\/\\\/gamblerina.net\\\/pl\\\/#\\\/schema\\\/logo\\\/image\\\/\",\"url\":\"https:\\\/\\\/gamblerina.net\\\/wp-content\\\/uploads\\\/2026\\\/04\\\/Gamblerina-logo.png\",\"contentUrl\":\"https:\\\/\\\/gamblerina.net\\\/wp-content\\\/uploads\\\/2026\\\/04\\\/Gamblerina-logo.png\",\"width\":196,\"height\":40,\"caption\":\"Gamblerina\"},\"image\":{\"@id\":\"https:\\\/\\\/gamblerina.net\\\/pl\\\/#\\\/schema\\\/logo\\\/image\\\/\"}}]}<\/script>\n<!-- \/ Yoast SEO plugin. -->","yoast_head_json":{"title":"Pobierz Gamblerina App | iOS i Android","description":"Aplikacja Gamblerina zapewnia p\u0142ynn\u0105 rozgrywk\u0119 na platformach Android, iOS, Windows i macOS, a tak\u017ce oferuje synchronizacj\u0119 kont, regularne aktualizacje oraz wbudowan\u0105 obs\u0142ug\u0119 klienta, co znacznie u\u0142atwia korzystanie z aplikacji.","robots":{"index":"index","follow":"follow","max-snippet":"max-snippet:-1","max-image-preview":"max-image-preview:large","max-video-preview":"max-video-preview:-1"},"canonical":"https:\/\/gamblerina.net\/pl\/aplikacja\/","og_locale":"pl_PL","og_type":"article","og_title":"Pobierz Gamblerina App | iOS i Android","og_description":"Aplikacja Gamblerina zapewnia p\u0142ynn\u0105 rozgrywk\u0119 na platformach Android, iOS, Windows i macOS, a tak\u017ce oferuje synchronizacj\u0119 kont, regularne aktualizacje oraz wbudowan\u0105 obs\u0142ug\u0119 klienta, co znacznie u\u0142atwia korzystanie z aplikacji.","og_url":"https:\/\/gamblerina.net\/pl\/aplikacja\/","og_site_name":"gamblerina","article_modified_time":"2026-05-04T08:07:26+00:00","twitter_card":"summary_large_image","twitter_misc":{"Szacowany czas czytania":"2 minuty"},"schema":{"@context":"https:\/\/schema.org","@graph":[{"@type":"WebPage","@id":"https:\/\/gamblerina.net\/pl\/aplikacja\/","url":"https:\/\/gamblerina.net\/pl\/aplikacja\/","name":"Pobierz Gamblerina App | iOS i Android","isPartOf":{"@id":"https:\/\/gamblerina.net\/pl\/#website"},"datePublished":"2026-04-30T13:09:02+00:00","dateModified":"2026-05-04T08:07:26+00:00","description":"Aplikacja Gamblerina zapewnia p\u0142ynn\u0105 rozgrywk\u0119 na platformach Android, iOS, Windows i macOS, a tak\u017ce oferuje synchronizacj\u0119 kont, regularne aktualizacje oraz wbudowan\u0105 obs\u0142ug\u0119 klienta, co znacznie u\u0142atwia korzystanie z aplikacji.","breadcrumb":{"@id":"https:\/\/gamblerina.net\/pl\/aplikacja\/#breadcrumb"},"inLanguage":"pl-PL","potentialAction":[{"@type":"ReadAction","target":["https:\/\/gamblerina.net\/pl\/aplikacja\/"]}]},{"@type":"BreadcrumbList","@id":"https:\/\/gamblerina.net\/pl\/aplikacja\/#breadcrumb","itemListElement":[{"@type":"ListItem","position":1,"name":"Gamblerina","item":"https:\/\/gamblerina.net\/pl\/"},{"@type":"ListItem","position":2,"name":"Aplikacja"}]},{"@type":"WebSite","@id":"https:\/\/gamblerina.net\/pl\/#website","url":"https:\/\/gamblerina.net\/pl\/","name":"Gamblerina","description":"","publisher":{"@id":"https:\/\/gamblerina.net\/pl\/#organization"},"potentialAction":[{"@type":"SearchAction","target":{"@type":"EntryPoint","urlTemplate":"https:\/\/gamblerina.net\/pl\/?s={search_term_string}"},"query-input":{"@type":"PropertyValueSpecification","valueRequired":true,"valueName":"search_term_string"}}],"inLanguage":"pl-PL"},{"@type":"Organization","@id":"https:\/\/gamblerina.net\/pl\/#organization","name":"Gamblerina","url":"https:\/\/gamblerina.net\/pl\/","logo":{"@type":"ImageObject","inLanguage":"pl-PL","@id":"https:\/\/gamblerina.net\/pl\/#\/schema\/logo\/image\/","url":"https:\/\/gamblerina.net\/wp-content\/uploads\/2026\/04\/Gamblerina-logo.png","contentUrl":"https:\/\/gamblerina.net\/wp-content\/uploads\/2026\/04\/Gamblerina-logo.png","width":196,"height":40,"caption":"Gamblerina"},"image":{"@id":"https:\/\/gamblerina.net\/pl\/#\/schema\/logo\/image\/"}}]}},"_links":{"self":[{"href":"https:\/\/gamblerina.net\/pl\/wp-json\/wp\/v2\/pages\/1526","targetHints":{"allow":["GET"]}}],"collection":[{"href":"https:\/\/gamblerina.net\/pl\/wp-json\/wp\/v2\/pages"}],"about":[{"href":"https:\/\/gamblerina.net\/pl\/wp-json\/wp\/v2\/types\/page"}],"author":[{"embeddable":true,"href":"https:\/\/gamblerina.net\/pl\/wp-json\/wp\/v2\/users\/20"}],"replies":[{"embeddable":true,"href":"https:\/\/gamblerina.net\/pl\/wp-json\/wp\/v2\/comments?post=1526"}],"version-history":[{"count":2,"href":"https:\/\/gamblerina.net\/pl\/wp-json\/wp\/v2\/pages\/1526\/revisions"}],"predecessor-version":[{"id":1818,"href":"https:\/\/gamblerina.net\/pl\/wp-json\/wp\/v2\/pages\/1526\/revisions\/1818"}],"wp:attachment":[{"href":"https:\/\/gamblerina.net\/pl\/wp-json\/wp\/v2\/media?parent=1526"}],"curies":[{"name":"wp","href":"https:\/\/api.w.org\/{rel}","templated":true}]}}