{"id":1567,"date":"2026-04-30T14:13:37","date_gmt":"2026-04-30T13:13:37","guid":{"rendered":"https:\/\/gamblerina.net\/login-and-registration\/"},"modified":"2026-05-04T09:08:41","modified_gmt":"2026-05-04T08:08:41","slug":"logowanie-i-rejestracja","status":"publish","type":"page","link":"https:\/\/gamblerina.net\/pl\/logowanie-i-rejestracja\/","title":{"rendered":"Logowanie i rejestracja"},"content":{"rendered":"<h1>Dost\u0119p do konta i rejestracja w Gamblerina<\/h1>\n<p>Bez konta wizyta w Gamblerina Casino mo\u017ce przypomina\u0107 ogl\u0105danie witryn sklepowych: setki produkt\u00f3w na wystawie, ale \u017cadnego nie mo\u017cesz wzi\u0105\u0107 do r\u0119ki. T\u0119 przeszkod\u0119 mo\u017cna jednak \u0142atwo pokona\u0107. Po naci\u015bni\u0119ciu przycisku \u201eGamblerina Login\u201d wszystkie bariery znikaj\u0105, daj\u0105c Ci nieograniczony dost\u0119p do wszystkich naszych gier i funkcji.<\/p>\n<p><div class=\"banner-wrap\" aria-label=\"Banner\"><img src=\"https:\/\/gamblerina.net\/wp-content\/uploads\/2026\/04\/Gamblerina-banner-carousel-800\u0445400.webp\" class=\"w-100 d-none d-lg-block img-pc main-banner-img\" alt=\"gamblerina banner desktop\" fetchpriority=\"high\" decoding=\"async\"><img src=\"https:\/\/gamblerina.net\/wp-content\/uploads\/2026\/04\/gamblerina-banner-mobile.webp\" class=\"w-100 d-none d-md-block d-lg-none main-banner-img\" alt=\"gamblerina banner mobile\" fetchpriority=\"high\" decoding=\"async\"><img src=\"https:\/\/gamblerina.net\/wp-content\/uploads\/2026\/04\/gamblerina-banner-mobile.webp\" class=\"w-100 d-md-none\" alt=\"gamblerina banner mobile\" fetchpriority=\"high\" decoding=\"async\"><div class=\"banner-description\">\n<div class=\"banner-title\">Bonusy powitalne<\/div>\n<p class=\"banner-header-title\">1500 \u20ac<\/p>\n<div class=\"banner-header-AdditionalText\">+ 250 Darmowe spiny<\/div>\n<button data-item=\"homepage_banner_link\" class=\"goto m-button m-gradient-border m-button--primary m-button--large banner-button btn-orange\">\n            <div class=\"m-button-content\">\n                <span>Zarejestruj si\u0119 teraz<\/span>\n                <span><\/span>\n            <\/div>\n        <\/button>\n<\/div>\n<div class=\"WelcomePack\">\n<p><img loading=\"lazy\" decoding=\"async\" class=\"alignnone size-full wp-image-1387\" src=\"https:\/\/gamblerina.net\/wp-content\/uploads\/2026\/04\/welcome-crown.png\" alt=\"crown\" width=\"25\" height=\"26\" \/><\/p>\n<div class=\"WelcomePack-Info\">Cotygodniowy zwrot got\u00f3wki do 25%<\/div>\n<p><img loading=\"lazy\" decoding=\"async\" class=\"alignnone size-full wp-image-1387\" src=\"https:\/\/gamblerina.net\/wp-content\/uploads\/2026\/04\/welcome-crown.png\" alt=\"crown\" width=\"25\" height=\"26\" \/><\/p>\n<\/div>\n<\/div><div class=\"scrollable-content-wrap my-5\"><div class=\"scrollable-content-inner\"><h2>Rejestracja konta w Gamblerina<\/h2>\n<p>Bez rejestracji polscy gracze mog\u0105 gra\u0107 tylko w wersje demo naszych automat\u00f3w online. W\u0105tpimy, \u017ceby to by\u0142o wszystko, na co masz ochot\u0119, nawet je\u015bli s\u0105 one ca\u0142kiem fajne. Dzi\u0119ki kontu w Gamblerina mo\u017cesz zanurzy\u0107 si\u0119 g\u0142\u0119boko w \u015bwiecie kasyn online. Dobr\u0105 wiadomo\u015bci\u0105 jest to, \u017ce nie musisz na nic czeka\u0107: nie rozdajemy kont w loterii \u2013 sam je tworzysz.<\/p>\n<h3>Za\u0142\u00f3\u017c konto<\/h3>\n<p>Utworzenie konta to pierwsza rzecz, jak\u0105 oferuje Gamblerina, a wraz z naszym bonusem powitalnym mo\u017cesz z niego skorzysta\u0107, gdy tylko sko\u0144czysz. Procedura nie mog\u0142aby by\u0107 prostsza: przeprowadzili\u015bmy badania i dos\u0142ownie nie ma sposobu, by j\u0105 jeszcze bardziej upro\u015bci\u0107. Po prostu wykonaj te kroki, a wszystko powinno by\u0107 w porz\u0105dku:<\/p>\n<ol>\n<li>Kliknij przycisk \u201eZarejestruj si\u0119\u201d w prawym g\u00f3rnym rogu ekranu.<\/li>\n<li>Wpisz sw\u00f3j adres e-mail.<\/li>\n<li>Utw\u00f3rz has\u0142o lub pozw\u00f3l, aby zrobi\u0142a to za Ciebie przegl\u0105darka (ale zapami\u0119taj je na wszelki wypadek).<\/li>\n<li>Okre\u015bl, czy chcesz otrzymywa\u0107 nasz newsletter z najnowszymi aktualizacjami i ofertami.<\/li>\n<li>Potwierd\u017a, \u017ce masz co najmniej 18 lat i akceptujesz nasze Warunki korzystania z serwisu oraz Polityk\u0119 prywatno\u015bci.<\/li>\n<\/ol>\n<p>Nie nale\u017cy lekcewa\u017cy\u0107 znaczenia ostatniego kroku. Je\u015bli nie osi\u0105gn\u0105\u0142e\u015b jeszcze pe\u0142noletno\u015bci, dowiemy si\u0119 o tym podczas procesu weryfikacji. Podobnie, je\u015bli nie zgadzasz si\u0119 z naszymi zasadami i warunkami, nie b\u0119dziemy mogli \u015bwiadczy\u0107 Ci naszych us\u0142ug.<\/p>\n<p>Gdy przejdziesz przez wszystkie kroki, pe\u0142na wersja kasyna Gamblerina jest ju\u017c na wyci\u0105gni\u0119cie r\u0119ki. Teraz potrzebujemy tylko Twojego imienia, nazwiska, daty urodzenia i numeru telefonu. To wszystko. Utworzy\u0142e\u015b swoje konto i wreszcie mo\u017cesz cieszy\u0107 si\u0119 wszystkimi grami, kt\u00f3re oferujemy. Od teraz wystarczy, \u017ce po wej\u015bciu na nasz\u0105 stron\u0119 klikniesz przycisk logowania do Gamble Rina.<\/p>\n<p><img loading=\"lazy\" decoding=\"async\" src=\"https:\/\/gamblerina.net\/wp-content\/uploads\/2026\/04\/Gamblerina-Login.webp\" alt=\"Gamblerina Login\" width=\"1248\" height=\"536\" \/><\/p>\n<h2>Korzystanie z konta w Gamblerina<\/h2>\n<p>Twoje konto to narz\u0119dzie, dzi\u0119ki kt\u00f3remu korzystasz z naszego kasyna. Zawiera ono wszystkie informacje o Twojej aktywno\u015bci w kasynie Gamblerina, a tak\u017ce wszystkie dane, kt\u00f3re nam poda\u0142e\u015b.<\/p>\n<h3>Logowanie do Gamblerina<\/h3>\n<p>Nasza strona zapami\u0119ta Twoje dane logowania do Gambleriny, dop\u00f3ki si\u0119 nie wylogujesz. W takim przypadku b\u0119dziesz musia\u0142 przej\u015b\u0107 jedno- lub dwuetapow\u0105 procedur\u0119 logowania:<\/p>\n<ol>\n<li>Wpisz adres e-mail i has\u0142o, kt\u00f3rych u\u017cy\u0142e\u015b podczas rejestracji.<\/li>\n<li>(Je\u015bli masz w\u0142\u0105czone uwierzytelnianie dwusk\u0142adnikowe) Podaj kod z zsynchronizowanej aplikacji Google Authenticator.<\/li>\n<\/ol>\n<p>To samo dotyczy innych urz\u0105dze\u0144: za ka\u017cdym razem, gdy chcesz skorzysta\u0107 z nowego gad\u017cetu lub komputera, musisz ponownie przej\u015b\u0107 przez procedur\u0119 logowania do Gambleriny.<\/p>\n<h3>Zarz\u0105dzanie kontem<\/h3>\n<p>A teraz kilka s\u0142\u00f3w o wszystkich zak\u0142adkach na stronie Twojego konta w Gamblerina:<\/p>\n<ul>\n<li>Profil. Zawiera Twoje dane osobowe (dane kontaktowe, adres e-mail, numer telefonu i adres), poziom lojalno\u015bci, ustawienia promocji oraz prze\u0142\u0105cznik trybu ukrytego. Tutaj mo\u017cesz te\u017c przej\u015b\u0107 do zak\u0142adki Samokontrola, \u017ceby wprowadzi\u0107 ograniczenia, je\u015bli gra zacznie Ci\u0119 przyt\u0142acza\u0107.<\/li>\n<li>Historia. Zawiera informacje o wszystkich dzia\u0142aniach, kt\u00f3re mia\u0142y miejsce w wybranym okresie. Obejmuj\u0105 one transakcje, otrzymane i wykorzystane bonusy oraz histori\u0119 gier i zak\u0142ad\u00f3w. Je\u015bli chcesz powr\u00f3ci\u0107 do swoich ulubionych moment\u00f3w lub sprawdzi\u0107 kwot\u0119 bonusu, to jest to w\u0142a\u015bciwe miejsce. Alternatywnie mo\u017cesz skontaktowa\u0107 si\u0119 z naszym zespo\u0142em obs\u0142ugi klienta.<\/li>\n<li>Portfel. Pokazuje Twoje aktualne saldo i limity wyp\u0142at oraz pozwala zleci\u0107 wyp\u0142at\u0119 i dokona\u0107 wp\u0142aty. Standardow\u0105 walut\u0105 jest euro (\u20ac), ale mo\u017cesz doda\u0107 now\u0105 walut\u0119 z listy.<\/li>\n<li>Zapro\u015b znajomych. Zawiera informacje o naszym programie polece\u0144 i Twoich post\u0119pach w nim. Tutaj mo\u017cesz sprawdzi\u0107, ilu znajomych zarejestrowa\u0142o si\u0119 za pomoc\u0105 Twojego linku i ile zarobi\u0142e\u015b, rozpowszechniaj\u0105c informacje o Gamble Rina Casino. Znajdziesz tu r\u00f3wnie\u017c link polecaj\u0105cy.<\/li>\n<\/ul>\n<h3>Weryfikacja konta i bezpiecze\u0144stwo w Gamble Rina<\/h3>\n<p>Bezpiecze\u0144stwo Twojego konta le\u017cy w interesie nas wszystkich. Chocia\u017c wi\u0119kszo\u015b\u0107 pracy nad jego zapewnieniem spoczywa na nas, cz\u0119\u015b\u0107 tej odpowiedzialno\u015bci spoczywa na Tobie. To wykracza poza takie \u015brodki, jak ustawienie silnego has\u0142a i w\u0142\u0105czenie uwierzytelniania dwusk\u0142adnikowego. W Gamblerina Casino chcemy mie\u0107 pewno\u015b\u0107, \u017ce prowadzenie dzia\u0142alno\u015bci z Tob\u0105 jest dla nas bezpieczne i legalne.<\/p>\n<p>W\u0142a\u015bnie po to s\u0142u\u017cy proces weryfikacji. W jego ramach potwierdzisz, nie s\u0142owami, ale dokumentami, \u017ce jeste\u015b pe\u0142noletni oraz \u017ce osoba w dokumentach i w prawdziwym \u017cyciu to ta sama osoba.<\/p>\n<table>\n<tbody>\n<tr>\n<td>Dokument<\/td>\n<td>Cel<\/td>\n<td>Opis<\/td>\n<\/tr>\n<tr>\n<td>Dow\u00f3d to\u017csamo\u015bci<\/td>\n<td>Potwierd\u017a swoj\u0105 to\u017csamo\u015b\u0107<\/td>\n<td>Prze\u015blij zdj\u0119cie paszportu, dowodu osobistego lub prawa jazdy.<\/td>\n<\/tr>\n<tr>\n<td>Potwierdzenie adresu<\/td>\n<td>Zweryfikuj sw\u00f3j adres<\/td>\n<td>Prze\u015blij rachunek za media, wyci\u0105g z konta bankowego lub dowolny dokument potwierdzaj\u0105cy Tw\u00f3j adres.<\/td>\n<\/tr>\n<tr>\n<td>Selfie<\/td>\n<td>Upewnij si\u0119, \u017ce to naprawd\u0119 Ty, a nie kto\u015b inny<\/td>\n<td>Zr\u00f3b selfie, aby potwierdzi\u0107, \u017ce twarz zgadza si\u0119 z dokumentem to\u017csamo\u015bci.<\/td>\n<\/tr>\n<tr>\n<td>Potwierdzenie metody p\u0142atno\u015bci<\/td>\n<td>Potwierd\u017a, \u017ce jeste\u015b w\u0142a\u015bcicielem tej metody p\u0142atno\u015bci<\/td>\n<td>Prze\u015blij zdj\u0119cie swojej karty lub zrzut ekranu z portfela elektronicznego\/konta bankowego.<\/td>\n<\/tr>\n<\/tbody>\n<\/table>\n<p>Je\u015bli potrzebujesz wyja\u015bnie\u0144 dotycz\u0105cych kt\u00f3regokolwiek z krok\u00f3w lub procedury logowania do Gamblerina, nasz wieloj\u0119zyczny zesp\u00f3\u0142 wsparcia jest zawsze gotowy do pomocy. Mo\u017cesz skontaktowa\u0107 si\u0119 z nami przez czat na \u017cywo lub e-mail. Je\u015bli zale\u017cy Ci na szybko\u015bci, czat b\u0119dzie bardziej pomocny. Je\u015bli masz skomplikowane zapytanie, e-mail pozwala opisa\u0107 je szczeg\u00f3\u0142owo, nie spiesz\u0105c si\u0119.<\/p>\n<p>Je\u015bli chodzi o nasz\u0105 cz\u0119\u015b\u0107 umowy, Gamble Rina wdra\u017ca wszystkie nowoczesne narz\u0119dzia zapewniaj\u0105ce bezpiecze\u0144stwo Twoich danych: szyfrowanie TLS 1.3 i 256-bitowe AES, zapory sieciowe aplikacji internetowych, bezpieczne metody wymiany kluczy, w tym ECHDE i RSA-2048, a lista ta jest d\u0142uga. Gamblerina Casino posiada licencj\u0119 wydan\u0105 przez Cura\u00e7ao Gaming Control Board, kt\u00f3ra zobowi\u0105zuje nas do utrzymywania najwy\u017cszego poziomu bezpiecze\u0144stwa.<\/p>\n<h3>Zapomnia\u0142e\u015b has\u0142a?<\/h3>\n<p>Zdarza si\u0119 nawet najlepszym. Je\u015bli zapomnia\u0142e\u015b has\u0142a, masz dwie opcje: skontaktuj si\u0119 z nami przez czat na \u017cywo lub zresetuj has\u0142o samodzielnie. Mo\u017cesz to zrobi\u0107 podczas logowania do Gamblerina. Po prostu kliknij \u201eNie pami\u0119tasz has\u0142a?\u201d i wpisz sw\u00f3j adres e-mail, aby otrzyma\u0107 link do resetowania has\u0142a. Kliknij w niego i ustaw nowe has\u0142o.<\/p>\n<h2>FAQ<\/h2>\n<h3>Jak zako\u0144czy\u0107 proces weryfikacji konta?<\/h3>\n<p>Aby zako\u0144czy\u0107 proces weryfikacji w kasynie Gamblerina, musisz dostarczy\u0107 wszystkie wymagane dokumenty potwierdzaj\u0105ce Twoj\u0105 to\u017csamo\u015b\u0107 oraz legalno\u015b\u0107 u\u017cywanych metod p\u0142atno\u015bci.<\/p>\n<h3>Jak zaktualizowa\u0107 has\u0142o lub adres e-mail?<\/h3>\n<p>W swoim profilu mo\u017cesz zmieni\u0107 adres e-mail maksymalnie trzy razy dziennie. Przejd\u017a do sekcji \u201eOg\u00f3lne\u201d i \u201eEdytuj dane osobowe\u201d. Je\u015bli chcesz zmieni\u0107 has\u0142o, przejd\u017a do sekcji \u201eBezpiecze\u0144stwo\u201d i kliknij \u201eZmie\u0144\u201d w pasku has\u0142a.<\/p>\n<h3>Czy mog\u0119 udost\u0119pni\u0107 m\u00f3j profil w Gamblerina znajomemu?<\/h3>\n<p>Zdecydowanie odradzamy to. Korzystanie z jednego konta przez dwie osoby jest niezgodne z naszymi zasadami, nie wspominaj\u0105c ju\u017c o zagro\u017ceniach dla bezpiecze\u0144stwa Twojego konta. Za\u0142o\u017cenie konta w kasynie Gamblerina jest na tyle proste, \u017ce ka\u017cdy mo\u017ce mie\u0107 swoje w\u0142asne konto.<\/p>\n<\/div><\/div><\/p>\n","protected":false},"excerpt":{"rendered":"<p>Dost\u0119p do konta i rejestracja w Gamblerina Bez konta wizyta w Gamblerina Casino mo\u017ce przypomina\u0107 ogl\u0105danie witryn sklepowych: setki produkt\u00f3w na wystawie, ale \u017cadnego nie mo\u017cesz wzi\u0105\u0107 do r\u0119ki. T\u0119 przeszkod\u0119 mo\u017cna jednak \u0142atwo pokona\u0107. Po naci\u015bni\u0119ciu przycisku \u201eGamblerina Login\u201d wszystkie bariery znikaj\u0105, daj\u0105c Ci nieograniczony dost\u0119p do wszystkich naszych gier i funkcji.<\/p>\n","protected":false},"author":20,"featured_media":0,"parent":0,"menu_order":0,"comment_status":"closed","ping_status":"closed","template":"template-builder.php","meta":{"_acf_changed":false,"inline_featured_image":false,"footnotes":""},"class_list":["post-1567","page","type-page","status-publish","hentry"],"acf":[],"yoast_head":"<!-- This site is optimized with the Yoast SEO plugin v27.3 - https:\/\/yoast.com\/product\/yoast-seo-wordpress\/ -->\n<title>Gamblerina Login\u2013 Zarejestruj si\u0119 i zarz\u0105dzaj kontem<\/title>\n<meta name=\"description\" content=\"Z \u0142atwo\u015bci\u0105 za\u0142\u00f3\u017c konto w kasynie Gamblerina, zarz\u0105dzaj nim i weryfikuj je dzi\u0119ki szybkiej rejestracji, p\u0142ynnemu procesowi odzyskiwania konta oraz bezpiecznemu zamkni\u0119ciu konta, co zapewnia ca\u0142odobow\u0105 ochron\u0119 za po\u015brednictwem logowania do serwisu Gamblerina.\" \/>\n<meta name=\"robots\" content=\"index, follow, max-snippet:-1, max-image-preview:large, max-video-preview:-1\" \/>\n<link rel=\"canonical\" href=\"https:\/\/gamblerina.net\/pl\/logowanie-i-rejestracja\/\" \/>\n<meta property=\"og:locale\" content=\"pl_PL\" \/>\n<meta property=\"og:type\" content=\"article\" \/>\n<meta property=\"og:title\" content=\"Gamblerina Login\u2013 Zarejestruj si\u0119 i zarz\u0105dzaj kontem\" \/>\n<meta property=\"og:description\" content=\"Z \u0142atwo\u015bci\u0105 za\u0142\u00f3\u017c konto w kasynie Gamblerina, zarz\u0105dzaj nim i weryfikuj je dzi\u0119ki szybkiej rejestracji, p\u0142ynnemu procesowi odzyskiwania konta oraz bezpiecznemu zamkni\u0119ciu konta, co zapewnia ca\u0142odobow\u0105 ochron\u0119 za po\u015brednictwem logowania do serwisu Gamblerina.\" \/>\n<meta property=\"og:url\" content=\"https:\/\/gamblerina.net\/pl\/logowanie-i-rejestracja\/\" \/>\n<meta property=\"og:site_name\" content=\"gamblerina\" \/>\n<meta property=\"article:modified_time\" content=\"2026-05-04T08:08:41+00:00\" \/>\n<meta name=\"twitter:card\" content=\"summary_large_image\" \/>\n<meta name=\"twitter:label1\" content=\"Szacowany czas czytania\" \/>\n\t<meta name=\"twitter:data1\" content=\"1 minuta\" \/>\n<script type=\"application\/ld+json\" class=\"yoast-schema-graph\">{\"@context\":\"https:\\\/\\\/schema.org\",\"@graph\":[{\"@type\":\"WebPage\",\"@id\":\"https:\\\/\\\/gamblerina.net\\\/pl\\\/logowanie-i-rejestracja\\\/\",\"url\":\"https:\\\/\\\/gamblerina.net\\\/pl\\\/logowanie-i-rejestracja\\\/\",\"name\":\"Gamblerina Login\u2013 Zarejestruj si\u0119 i zarz\u0105dzaj kontem\",\"isPartOf\":{\"@id\":\"https:\\\/\\\/gamblerina.net\\\/pl\\\/#website\"},\"datePublished\":\"2026-04-30T13:13:37+00:00\",\"dateModified\":\"2026-05-04T08:08:41+00:00\",\"description\":\"Z \u0142atwo\u015bci\u0105 za\u0142\u00f3\u017c konto w kasynie Gamblerina, zarz\u0105dzaj nim i weryfikuj je dzi\u0119ki szybkiej rejestracji, p\u0142ynnemu procesowi odzyskiwania konta oraz bezpiecznemu zamkni\u0119ciu konta, co zapewnia ca\u0142odobow\u0105 ochron\u0119 za po\u015brednictwem logowania do serwisu Gamblerina.\",\"breadcrumb\":{\"@id\":\"https:\\\/\\\/gamblerina.net\\\/pl\\\/logowanie-i-rejestracja\\\/#breadcrumb\"},\"inLanguage\":\"pl-PL\",\"potentialAction\":[{\"@type\":\"ReadAction\",\"target\":[\"https:\\\/\\\/gamblerina.net\\\/pl\\\/logowanie-i-rejestracja\\\/\"]}]},{\"@type\":\"BreadcrumbList\",\"@id\":\"https:\\\/\\\/gamblerina.net\\\/pl\\\/logowanie-i-rejestracja\\\/#breadcrumb\",\"itemListElement\":[{\"@type\":\"ListItem\",\"position\":1,\"name\":\"Gamblerina\",\"item\":\"https:\\\/\\\/gamblerina.net\\\/pl\\\/\"},{\"@type\":\"ListItem\",\"position\":2,\"name\":\"Logowanie i rejestracja\"}]},{\"@type\":\"WebSite\",\"@id\":\"https:\\\/\\\/gamblerina.net\\\/pl\\\/#website\",\"url\":\"https:\\\/\\\/gamblerina.net\\\/pl\\\/\",\"name\":\"Gamblerina\",\"description\":\"\",\"publisher\":{\"@id\":\"https:\\\/\\\/gamblerina.net\\\/pl\\\/#organization\"},\"potentialAction\":[{\"@type\":\"SearchAction\",\"target\":{\"@type\":\"EntryPoint\",\"urlTemplate\":\"https:\\\/\\\/gamblerina.net\\\/pl\\\/?s={search_term_string}\"},\"query-input\":{\"@type\":\"PropertyValueSpecification\",\"valueRequired\":true,\"valueName\":\"search_term_string\"}}],\"inLanguage\":\"pl-PL\"},{\"@type\":\"Organization\",\"@id\":\"https:\\\/\\\/gamblerina.net\\\/pl\\\/#organization\",\"name\":\"Gamblerina\",\"url\":\"https:\\\/\\\/gamblerina.net\\\/pl\\\/\",\"logo\":{\"@type\":\"ImageObject\",\"inLanguage\":\"pl-PL\",\"@id\":\"https:\\\/\\\/gamblerina.net\\\/pl\\\/#\\\/schema\\\/logo\\\/image\\\/\",\"url\":\"https:\\\/\\\/gamblerina.net\\\/wp-content\\\/uploads\\\/2026\\\/04\\\/Gamblerina-logo.png\",\"contentUrl\":\"https:\\\/\\\/gamblerina.net\\\/wp-content\\\/uploads\\\/2026\\\/04\\\/Gamblerina-logo.png\",\"width\":196,\"height\":40,\"caption\":\"Gamblerina\"},\"image\":{\"@id\":\"https:\\\/\\\/gamblerina.net\\\/pl\\\/#\\\/schema\\\/logo\\\/image\\\/\"}}]}<\/script>\n<!-- \/ Yoast SEO plugin. -->","yoast_head_json":{"title":"Gamblerina Login\u2013 Zarejestruj si\u0119 i zarz\u0105dzaj kontem","description":"Z \u0142atwo\u015bci\u0105 za\u0142\u00f3\u017c konto w kasynie Gamblerina, zarz\u0105dzaj nim i weryfikuj je dzi\u0119ki szybkiej rejestracji, p\u0142ynnemu procesowi odzyskiwania konta oraz bezpiecznemu zamkni\u0119ciu konta, co zapewnia ca\u0142odobow\u0105 ochron\u0119 za po\u015brednictwem logowania do serwisu Gamblerina.","robots":{"index":"index","follow":"follow","max-snippet":"max-snippet:-1","max-image-preview":"max-image-preview:large","max-video-preview":"max-video-preview:-1"},"canonical":"https:\/\/gamblerina.net\/pl\/logowanie-i-rejestracja\/","og_locale":"pl_PL","og_type":"article","og_title":"Gamblerina Login\u2013 Zarejestruj si\u0119 i zarz\u0105dzaj kontem","og_description":"Z \u0142atwo\u015bci\u0105 za\u0142\u00f3\u017c konto w kasynie Gamblerina, zarz\u0105dzaj nim i weryfikuj je dzi\u0119ki szybkiej rejestracji, p\u0142ynnemu procesowi odzyskiwania konta oraz bezpiecznemu zamkni\u0119ciu konta, co zapewnia ca\u0142odobow\u0105 ochron\u0119 za po\u015brednictwem logowania do serwisu Gamblerina.","og_url":"https:\/\/gamblerina.net\/pl\/logowanie-i-rejestracja\/","og_site_name":"gamblerina","article_modified_time":"2026-05-04T08:08:41+00:00","twitter_card":"summary_large_image","twitter_misc":{"Szacowany czas czytania":"1 minuta"},"schema":{"@context":"https:\/\/schema.org","@graph":[{"@type":"WebPage","@id":"https:\/\/gamblerina.net\/pl\/logowanie-i-rejestracja\/","url":"https:\/\/gamblerina.net\/pl\/logowanie-i-rejestracja\/","name":"Gamblerina Login\u2013 Zarejestruj si\u0119 i zarz\u0105dzaj kontem","isPartOf":{"@id":"https:\/\/gamblerina.net\/pl\/#website"},"datePublished":"2026-04-30T13:13:37+00:00","dateModified":"2026-05-04T08:08:41+00:00","description":"Z \u0142atwo\u015bci\u0105 za\u0142\u00f3\u017c konto w kasynie Gamblerina, zarz\u0105dzaj nim i weryfikuj je dzi\u0119ki szybkiej rejestracji, p\u0142ynnemu procesowi odzyskiwania konta oraz bezpiecznemu zamkni\u0119ciu konta, co zapewnia ca\u0142odobow\u0105 ochron\u0119 za po\u015brednictwem logowania do serwisu Gamblerina.","breadcrumb":{"@id":"https:\/\/gamblerina.net\/pl\/logowanie-i-rejestracja\/#breadcrumb"},"inLanguage":"pl-PL","potentialAction":[{"@type":"ReadAction","target":["https:\/\/gamblerina.net\/pl\/logowanie-i-rejestracja\/"]}]},{"@type":"BreadcrumbList","@id":"https:\/\/gamblerina.net\/pl\/logowanie-i-rejestracja\/#breadcrumb","itemListElement":[{"@type":"ListItem","position":1,"name":"Gamblerina","item":"https:\/\/gamblerina.net\/pl\/"},{"@type":"ListItem","position":2,"name":"Logowanie i rejestracja"}]},{"@type":"WebSite","@id":"https:\/\/gamblerina.net\/pl\/#website","url":"https:\/\/gamblerina.net\/pl\/","name":"Gamblerina","description":"","publisher":{"@id":"https:\/\/gamblerina.net\/pl\/#organization"},"potentialAction":[{"@type":"SearchAction","target":{"@type":"EntryPoint","urlTemplate":"https:\/\/gamblerina.net\/pl\/?s={search_term_string}"},"query-input":{"@type":"PropertyValueSpecification","valueRequired":true,"valueName":"search_term_string"}}],"inLanguage":"pl-PL"},{"@type":"Organization","@id":"https:\/\/gamblerina.net\/pl\/#organization","name":"Gamblerina","url":"https:\/\/gamblerina.net\/pl\/","logo":{"@type":"ImageObject","inLanguage":"pl-PL","@id":"https:\/\/gamblerina.net\/pl\/#\/schema\/logo\/image\/","url":"https:\/\/gamblerina.net\/wp-content\/uploads\/2026\/04\/Gamblerina-logo.png","contentUrl":"https:\/\/gamblerina.net\/wp-content\/uploads\/2026\/04\/Gamblerina-logo.png","width":196,"height":40,"caption":"Gamblerina"},"image":{"@id":"https:\/\/gamblerina.net\/pl\/#\/schema\/logo\/image\/"}}]}},"_links":{"self":[{"href":"https:\/\/gamblerina.net\/pl\/wp-json\/wp\/v2\/pages\/1567","targetHints":{"allow":["GET"]}}],"collection":[{"href":"https:\/\/gamblerina.net\/pl\/wp-json\/wp\/v2\/pages"}],"about":[{"href":"https:\/\/gamblerina.net\/pl\/wp-json\/wp\/v2\/types\/page"}],"author":[{"embeddable":true,"href":"https:\/\/gamblerina.net\/pl\/wp-json\/wp\/v2\/users\/20"}],"replies":[{"embeddable":true,"href":"https:\/\/gamblerina.net\/pl\/wp-json\/wp\/v2\/comments?post=1567"}],"version-history":[{"count":1,"href":"https:\/\/gamblerina.net\/pl\/wp-json\/wp\/v2\/pages\/1567\/revisions"}],"predecessor-version":[{"id":1819,"href":"https:\/\/gamblerina.net\/pl\/wp-json\/wp\/v2\/pages\/1567\/revisions\/1819"}],"wp:attachment":[{"href":"https:\/\/gamblerina.net\/pl\/wp-json\/wp\/v2\/media?parent=1567"}],"curies":[{"name":"wp","href":"https:\/\/api.w.org\/{rel}","templated":true}]}}